{"id":963,"date":"2024-09-05T16:20:33","date_gmt":"2024-09-05T14:20:33","guid":{"rendered":"https:\/\/heka.totmedia.net\/?page_id=963"},"modified":"2025-04-26T11:39:22","modified_gmt":"2025-04-26T09:39:22","slug":"cistitis-i-infeccions-vaginals","status":"publish","type":"page","link":"https:\/\/hekafisioterapia.com\/es\/cistitis-i-infeccions-vaginals\/","title":{"rendered":"Cistitis e Infecciones Vaginales"},"content":{"rendered":"<div data-elementor-type=\"wp-post\" data-elementor-id=\"963\" class=\"elementor elementor-963\">\n\t\t\t\t\t\t<section class=\"elementor-section elementor-top-section elementor-element elementor-element-c6ff75d elementor-section-boxed elementor-section-height-default elementor-section-height-default\" data-id=\"c6ff75d\" data-element_type=\"section\" data-e-type=\"section\">\n\t\t\t\t\t\t<div class=\"elementor-container elementor-column-gap-default\">\n\t\t\t\t\t<div class=\"aux-parallax-section elementor-column elementor-col-100 elementor-top-column elementor-element elementor-element-51f14f8\" data-id=\"51f14f8\" data-element_type=\"column\" data-e-type=\"column\">\n\t\t\t<div class=\"elementor-widget-wrap elementor-element-populated\">\n\t\t\t\t\t\t<section class=\"elementor-section elementor-inner-section elementor-element elementor-element-a1e2769 elementor-section-boxed elementor-section-height-default elementor-section-height-default\" data-id=\"a1e2769\" data-element_type=\"section\" data-e-type=\"section\">\n\t\t\t\t\t\t<div class=\"elementor-container elementor-column-gap-default\">\n\t\t\t\t\t<div class=\"aux-parallax-section elementor-column elementor-col-100 elementor-inner-column elementor-element elementor-element-a93d764\" data-id=\"a93d764\" data-element_type=\"column\" data-e-type=\"column\">\n\t\t\t<div class=\"elementor-widget-wrap elementor-element-populated\">\n\t\t\t\t\t\t<div class=\"elementor-element elementor-element-c8a13d8 aux-appear-watch-animation aux-scale-up elementor-widget elementor-widget-heading\" data-id=\"c8a13d8\" data-element_type=\"widget\" data-e-type=\"widget\" data-widget_type=\"heading.default\">\n\t\t\t\t<div class=\"elementor-widget-container\">\n\t\t\t\t\t<h2 class=\"elementor-heading-title elementor-size-default\">heka<\/h2>\t\t\t\t<\/div>\n\t\t\t\t<\/div>\n\t\t\t\t<div class=\"elementor-element elementor-element-bdfb09b aux-appear-watch-animation aux-scale-down-1 elementor-widget elementor-widget-aux_modern_heading\" data-id=\"bdfb09b\" data-element_type=\"widget\" data-e-type=\"widget\" data-widget_type=\"aux_modern_heading.default\">\n\t\t\t\t<div class=\"elementor-widget-container\">\n\t\t\t\t\t<section class=\"aux-widget-modern-heading\">\n            <div class=\"aux-widget-inner\"><h2 class=\"aux-modern-heading-primary\">CISTITIS E INFECCIONES VAGINALES<\/h2><h3 class=\"aux-modern-heading-secondary\"><span class=\"aux-head-highlight\">Alivia el malestar y previene reca\u00eddas<\/span><\/h3><\/div>\n        <\/section>\t\t\t\t<\/div>\n\t\t\t\t<\/div>\n\t\t\t\t\t<\/div>\n\t\t<\/div>\n\t\t\t\t\t<\/div>\n\t\t<\/section>\n\t\t\t\t\t<\/div>\n\t\t<\/div>\n\t\t\t\t\t<\/div>\n\t\t<\/section>\n\t\t\t\t<section class=\"elementor-section elementor-top-section elementor-element elementor-element-a4bd9c5 elementor-section-boxed elementor-section-height-default elementor-section-height-default\" data-id=\"a4bd9c5\" data-element_type=\"section\" data-e-type=\"section\">\n\t\t\t\t\t\t<div class=\"elementor-container elementor-column-gap-default\">\n\t\t\t\t\t<div class=\"aux-parallax-section elementor-column elementor-col-100 elementor-top-column elementor-element elementor-element-75b4bfc\" data-id=\"75b4bfc\" data-element_type=\"column\" data-e-type=\"column\">\n\t\t\t<div class=\"elementor-widget-wrap elementor-element-populated\">\n\t\t\t\t\t\t<div class=\"elementor-element elementor-element-fe12645 elementor-widget elementor-widget-text-editor\" data-id=\"fe12645\" data-element_type=\"widget\" data-e-type=\"widget\" data-widget_type=\"text-editor.default\">\n\t\t\t\t<div class=\"elementor-widget-container\">\n\t\t\t\t\t\t\t\t\t<p>La cistitis y las infecciones vaginales a menudo est\u00e1n interrelacionadas y pueden influirse mutuamente, causando dolor, picor y malestar. Las infecciones vaginales pueden desencadenar cistitis y viceversa, especialmente si existen desequilibrios en la salud intestinal o h\u00e1bitos de higiene inadecuados.<\/p><p>En Heka Fisioterapia, ofrecemos un <strong>enfoque integral<\/strong> para tratar ambas condiciones. Realizamos una evaluaci\u00f3n completa para identificar las causas subyacentes y dise\u00f1ar un tratamiento personalizado. Nuestra fisioterapia se centra en aliviar el dolor y <strong>mejorar la funci\u00f3n del sistema urinario y reproductivo<\/strong>. Adem\u00e1s, abordamos la <strong>salud intestinal<\/strong> y los h\u00e1bitos de higiene para prevenir reca\u00eddas. Nuestro objetivo es proporcionar un <strong>alivio efectivo<\/strong> y ayudarte a mantenerte libre de molestias recurrentes, promoviendo un bienestar duradero.<\/p>\t\t\t\t\t\t\t\t<\/div>\n\t\t\t\t<\/div>\n\t\t\t\t<div class=\"elementor-element elementor-element-f690c2f aux-appear-watch-animation aux-fade-in-up elementor-widget elementor-widget-heading\" data-id=\"f690c2f\" data-element_type=\"widget\" data-e-type=\"widget\" data-widget_type=\"heading.default\">\n\t\t\t\t<div class=\"elementor-widget-container\">\n\t\t\t\t\t<p class=\"elementor-heading-title elementor-size-default\">Consulta nuestras redes:<\/p>\t\t\t\t<\/div>\n\t\t\t\t<\/div>\n\t\t\t\t<div class=\"elementor-element elementor-element-b3403f7 elementor-shape-rounded elementor-grid-0 e-grid-align-center elementor-widget elementor-widget-social-icons\" data-id=\"b3403f7\" data-element_type=\"widget\" data-e-type=\"widget\" data-widget_type=\"social-icons.default\">\n\t\t\t\t<div class=\"elementor-widget-container\">\n\t\t\t\t\t\t\t<div class=\"elementor-social-icons-wrapper elementor-grid\" role=\"list\">\n\t\t\t\t\t\t\t<span class=\"elementor-grid-item\" role=\"listitem\">\n\t\t\t\t\t<a class=\"elementor-icon elementor-social-icon elementor-social-icon-instagram elementor-repeater-item-908cdf8\" href=\"https:\/\/www.instagram.com\/hekafisioterapia\" target=\"_blank\">\n\t\t\t\t\t\t<span class=\"elementor-screen-only\">Instagram<\/span>\n\t\t\t\t\t\t<i aria-hidden=\"true\" class=\"fab fa-instagram\"><\/i>\t\t\t\t\t<\/a>\n\t\t\t\t<\/span>\n\t\t\t\t\t\t\t<span class=\"elementor-grid-item\" role=\"listitem\">\n\t\t\t\t\t<a class=\"elementor-icon elementor-social-icon elementor-social-icon-youtube elementor-repeater-item-2ed265a\" href=\"https:\/\/www.youtube.com\/channel\/UCEJCqtoEl1y8Pg7LU9jg-Pw\" target=\"_blank\">\n\t\t\t\t\t\t<span class=\"elementor-screen-only\">Youtube<\/span>\n\t\t\t\t\t\t<i aria-hidden=\"true\" class=\"fab fa-youtube\"><\/i>\t\t\t\t\t<\/a>\n\t\t\t\t<\/span>\n\t\t\t\t\t<\/div>\n\t\t\t\t\t\t<\/div>\n\t\t\t\t<\/div>\n\t\t\t\t\t<\/div>\n\t\t<\/div>\n\t\t\t\t\t<\/div>\n\t\t<\/section>\n\t\t\t\t<\/div>","protected":false},"excerpt":{"rendered":"<p>heka CISTITIS I INFECCIONS VAGINALS Alleuja el malestar i prev\u00e9 recaigudes La cistitis i les infeccions vaginals sovint estan interrelacionades i poden influir-se m\u00fatuament, causant dolor, picor i malestar. Les infeccions vaginals poden desencadenar cistitis i viceversa, especialment si hi ha desequilibris en la salut intestinal o h\u00e0bits d\u2019higiene inadequats. A Heka Fisioter\u00e0pia, oferim un [&hellip;]<\/p>","protected":false},"author":1,"featured_media":0,"parent":0,"menu_order":0,"comment_status":"closed","ping_status":"closed","template":"","meta":{"footnotes":""},"class_list":["post-963","page","type-page","status-publish","hentry"],"yoast_head":"<!-- This site is optimized with the Yoast SEO plugin v25.4 - https:\/\/yoast.com\/wordpress\/plugins\/seo\/ -->\n<title>Cistitis i Infeccions Vaginals - Heka Fisioter\u00e0pia<\/title>\n<meta name=\"robots\" content=\"index, follow, max-snippet:-1, max-image-preview:large, max-video-preview:-1\" \/>\n<link rel=\"canonical\" href=\"https:\/\/hekafisioterapia.com\/es\/cistitis-i-infeccions-vaginals\/\" \/>\n<meta property=\"og:locale\" content=\"es_ES\" \/>\n<meta property=\"og:type\" content=\"article\" \/>\n<meta property=\"og:title\" content=\"Cistitis i Infeccions Vaginals - Heka Fisioter\u00e0pia\" \/>\n<meta property=\"og:description\" content=\"heka CISTITIS I INFECCIONS VAGINALS Alleuja el malestar i prev\u00e9 recaigudes La cistitis i les infeccions vaginals sovint estan interrelacionades i poden influir-se m\u00fatuament, causant dolor, picor i malestar. Les infeccions vaginals poden desencadenar cistitis i viceversa, especialment si hi ha desequilibris en la salut intestinal o h\u00e0bits d\u2019higiene inadequats. A Heka Fisioter\u00e0pia, oferim un [&hellip;]\" \/>\n<meta property=\"og:url\" content=\"https:\/\/hekafisioterapia.com\/es\/cistitis-i-infeccions-vaginals\/\" \/>\n<meta property=\"og:site_name\" content=\"Heka Fisioter\u00e0pia\" \/>\n<meta property=\"article:modified_time\" content=\"2025-04-26T09:39:22+00:00\" \/>\n<meta name=\"twitter:card\" content=\"summary_large_image\" \/>\n<meta name=\"twitter:label1\" content=\"Tiempo de lectura\" \/>\n\t<meta name=\"twitter:data1\" content=\"1 minuto\" \/>\n<script type=\"application\/ld+json\" class=\"yoast-schema-graph\">{\"@context\":\"https:\/\/schema.org\",\"@graph\":[{\"@type\":\"WebPage\",\"@id\":\"https:\/\/hekafisioterapia.com\/cistitis-i-infeccions-vaginals\/\",\"url\":\"https:\/\/hekafisioterapia.com\/cistitis-i-infeccions-vaginals\/\",\"name\":\"Cistitis i Infeccions Vaginals - Heka Fisioter\u00e0pia\",\"isPartOf\":{\"@id\":\"https:\/\/hekafisioterapia.com\/#website\"},\"datePublished\":\"2024-09-05T14:20:33+00:00\",\"dateModified\":\"2025-04-26T09:39:22+00:00\",\"breadcrumb\":{\"@id\":\"https:\/\/hekafisioterapia.com\/cistitis-i-infeccions-vaginals\/#breadcrumb\"},\"inLanguage\":\"es\",\"potentialAction\":[{\"@type\":\"ReadAction\",\"target\":[\"https:\/\/hekafisioterapia.com\/cistitis-i-infeccions-vaginals\/\"]}]},{\"@type\":\"BreadcrumbList\",\"@id\":\"https:\/\/hekafisioterapia.com\/cistitis-i-infeccions-vaginals\/#breadcrumb\",\"itemListElement\":[{\"@type\":\"ListItem\",\"position\":1,\"name\":\"Portada\",\"item\":\"https:\/\/hekafisioterapia.com\/\"},{\"@type\":\"ListItem\",\"position\":2,\"name\":\"Cistitis i Infeccions Vaginals\"}]},{\"@type\":\"WebSite\",\"@id\":\"https:\/\/hekafisioterapia.com\/#website\",\"url\":\"https:\/\/hekafisioterapia.com\/\",\"name\":\"Heka Fisioter\u00e0pia\",\"description\":\"\",\"publisher\":{\"@id\":\"https:\/\/hekafisioterapia.com\/#organization\"},\"potentialAction\":[{\"@type\":\"SearchAction\",\"target\":{\"@type\":\"EntryPoint\",\"urlTemplate\":\"https:\/\/hekafisioterapia.com\/?s={search_term_string}\"},\"query-input\":{\"@type\":\"PropertyValueSpecification\",\"valueRequired\":true,\"valueName\":\"search_term_string\"}}],\"inLanguage\":\"es\"},{\"@type\":\"Organization\",\"@id\":\"https:\/\/hekafisioterapia.com\/#organization\",\"name\":\"Heka Fisioter\u00e0pia\",\"url\":\"https:\/\/hekafisioterapia.com\/\",\"logo\":{\"@type\":\"ImageObject\",\"inLanguage\":\"es\",\"@id\":\"https:\/\/hekafisioterapia.com\/#\/schema\/logo\/image\/\",\"url\":\"https:\/\/hekafisioterapia.com\/wp-content\/uploads\/2024\/07\/LOGO-DEF_horizontal-862x168x0x0x862x166x1600522261.png\",\"contentUrl\":\"https:\/\/hekafisioterapia.com\/wp-content\/uploads\/2024\/07\/LOGO-DEF_horizontal-862x168x0x0x862x166x1600522261.png\",\"width\":602,\"height\":115,\"caption\":\"Heka Fisioter\u00e0pia\"},\"image\":{\"@id\":\"https:\/\/hekafisioterapia.com\/#\/schema\/logo\/image\/\"},\"sameAs\":[\"https:\/\/www.youtube.com\/@hekafisioterapia\",\"https:\/\/www.instagram.com\/hekafisioterapia\/\"]}]}<\/script>\n<!-- \/ Yoast SEO plugin. -->","yoast_head_json":{"title":"Cistitis i Infeccions Vaginals - Heka Fisioter\u00e0pia","robots":{"index":"index","follow":"follow","max-snippet":"max-snippet:-1","max-image-preview":"max-image-preview:large","max-video-preview":"max-video-preview:-1"},"canonical":"https:\/\/hekafisioterapia.com\/es\/cistitis-i-infeccions-vaginals\/","og_locale":"es_ES","og_type":"article","og_title":"Cistitis i Infeccions Vaginals - Heka Fisioter\u00e0pia","og_description":"heka CISTITIS I INFECCIONS VAGINALS Alleuja el malestar i prev\u00e9 recaigudes La cistitis i les infeccions vaginals sovint estan interrelacionades i poden influir-se m\u00fatuament, causant dolor, picor i malestar. Les infeccions vaginals poden desencadenar cistitis i viceversa, especialment si hi ha desequilibris en la salut intestinal o h\u00e0bits d\u2019higiene inadequats. A Heka Fisioter\u00e0pia, oferim un [&hellip;]","og_url":"https:\/\/hekafisioterapia.com\/es\/cistitis-i-infeccions-vaginals\/","og_site_name":"Heka Fisioter\u00e0pia","article_modified_time":"2025-04-26T09:39:22+00:00","twitter_card":"summary_large_image","twitter_misc":{"Tiempo de lectura":"1 minuto"},"schema":{"@context":"https:\/\/schema.org","@graph":[{"@type":"WebPage","@id":"https:\/\/hekafisioterapia.com\/cistitis-i-infeccions-vaginals\/","url":"https:\/\/hekafisioterapia.com\/cistitis-i-infeccions-vaginals\/","name":"Cistitis i Infeccions Vaginals - Heka Fisioter\u00e0pia","isPartOf":{"@id":"https:\/\/hekafisioterapia.com\/#website"},"datePublished":"2024-09-05T14:20:33+00:00","dateModified":"2025-04-26T09:39:22+00:00","breadcrumb":{"@id":"https:\/\/hekafisioterapia.com\/cistitis-i-infeccions-vaginals\/#breadcrumb"},"inLanguage":"es","potentialAction":[{"@type":"ReadAction","target":["https:\/\/hekafisioterapia.com\/cistitis-i-infeccions-vaginals\/"]}]},{"@type":"BreadcrumbList","@id":"https:\/\/hekafisioterapia.com\/cistitis-i-infeccions-vaginals\/#breadcrumb","itemListElement":[{"@type":"ListItem","position":1,"name":"Portada","item":"https:\/\/hekafisioterapia.com\/"},{"@type":"ListItem","position":2,"name":"Cistitis i Infeccions Vaginals"}]},{"@type":"WebSite","@id":"https:\/\/hekafisioterapia.com\/#website","url":"https:\/\/hekafisioterapia.com\/","name":"Heka Fisioter\u00e0pia","description":"","publisher":{"@id":"https:\/\/hekafisioterapia.com\/#organization"},"potentialAction":[{"@type":"SearchAction","target":{"@type":"EntryPoint","urlTemplate":"https:\/\/hekafisioterapia.com\/?s={search_term_string}"},"query-input":{"@type":"PropertyValueSpecification","valueRequired":true,"valueName":"search_term_string"}}],"inLanguage":"es"},{"@type":"Organization","@id":"https:\/\/hekafisioterapia.com\/#organization","name":"Heka Fisioter\u00e0pia","url":"https:\/\/hekafisioterapia.com\/","logo":{"@type":"ImageObject","inLanguage":"es","@id":"https:\/\/hekafisioterapia.com\/#\/schema\/logo\/image\/","url":"https:\/\/hekafisioterapia.com\/wp-content\/uploads\/2024\/07\/LOGO-DEF_horizontal-862x168x0x0x862x166x1600522261.png","contentUrl":"https:\/\/hekafisioterapia.com\/wp-content\/uploads\/2024\/07\/LOGO-DEF_horizontal-862x168x0x0x862x166x1600522261.png","width":602,"height":115,"caption":"Heka Fisioter\u00e0pia"},"image":{"@id":"https:\/\/hekafisioterapia.com\/#\/schema\/logo\/image\/"},"sameAs":["https:\/\/www.youtube.com\/@hekafisioterapia","https:\/\/www.instagram.com\/hekafisioterapia\/"]}]}},"_links":{"self":[{"href":"https:\/\/hekafisioterapia.com\/es\/wp-json\/wp\/v2\/pages\/963","targetHints":{"allow":["GET"]}}],"collection":[{"href":"https:\/\/hekafisioterapia.com\/es\/wp-json\/wp\/v2\/pages"}],"about":[{"href":"https:\/\/hekafisioterapia.com\/es\/wp-json\/wp\/v2\/types\/page"}],"author":[{"embeddable":true,"href":"https:\/\/hekafisioterapia.com\/es\/wp-json\/wp\/v2\/users\/1"}],"replies":[{"embeddable":true,"href":"https:\/\/hekafisioterapia.com\/es\/wp-json\/wp\/v2\/comments?post=963"}],"version-history":[{"count":22,"href":"https:\/\/hekafisioterapia.com\/es\/wp-json\/wp\/v2\/pages\/963\/revisions"}],"predecessor-version":[{"id":2252,"href":"https:\/\/hekafisioterapia.com\/es\/wp-json\/wp\/v2\/pages\/963\/revisions\/2252"}],"wp:attachment":[{"href":"https:\/\/hekafisioterapia.com\/es\/wp-json\/wp\/v2\/media?parent=963"}],"curies":[{"name":"wp","href":"https:\/\/api.w.org\/{rel}","templated":true}]}}