{"id":955,"date":"2024-09-05T16:18:17","date_gmt":"2024-09-05T14:18:17","guid":{"rendered":"https:\/\/heka.totmedia.net\/?page_id=955"},"modified":"2025-04-26T11:24:48","modified_gmt":"2025-04-26T09:24:48","slug":"postpart","status":"publish","type":"page","link":"https:\/\/hekafisioterapia.com\/es\/postpart\/","title":{"rendered":"Postparto"},"content":{"rendered":"<div data-elementor-type=\"wp-post\" data-elementor-id=\"955\" class=\"elementor elementor-955\">\n\t\t\t\t\t\t<section class=\"elementor-section elementor-top-section elementor-element elementor-element-09e14d0 elementor-section-boxed elementor-section-height-default elementor-section-height-default\" data-id=\"09e14d0\" data-element_type=\"section\" data-e-type=\"section\">\n\t\t\t\t\t\t<div class=\"elementor-container elementor-column-gap-default\">\n\t\t\t\t\t<div class=\"aux-parallax-section elementor-column elementor-col-100 elementor-top-column elementor-element elementor-element-865ef92\" data-id=\"865ef92\" data-element_type=\"column\" data-e-type=\"column\">\n\t\t\t<div class=\"elementor-widget-wrap\">\n\t\t\t\t\t\t\t<\/div>\n\t\t<\/div>\n\t\t\t\t\t<\/div>\n\t\t<\/section>\n\t\t\t\t<section class=\"elementor-section elementor-top-section elementor-element elementor-element-09bc2ce elementor-section-boxed elementor-section-height-default elementor-section-height-default\" data-id=\"09bc2ce\" data-element_type=\"section\" data-e-type=\"section\">\n\t\t\t\t\t\t<div class=\"elementor-container elementor-column-gap-default\">\n\t\t\t\t\t<div class=\"aux-parallax-section elementor-column elementor-col-100 elementor-top-column elementor-element elementor-element-720054f\" data-id=\"720054f\" data-element_type=\"column\" data-e-type=\"column\">\n\t\t\t<div class=\"elementor-widget-wrap elementor-element-populated\">\n\t\t\t\t\t\t<section class=\"elementor-section elementor-inner-section elementor-element elementor-element-479b796 elementor-section-boxed elementor-section-height-default elementor-section-height-default\" data-id=\"479b796\" data-element_type=\"section\" data-e-type=\"section\">\n\t\t\t\t\t\t<div class=\"elementor-container elementor-column-gap-default\">\n\t\t\t\t\t<div class=\"aux-parallax-section elementor-column elementor-col-100 elementor-inner-column elementor-element elementor-element-3a870dd\" data-id=\"3a870dd\" data-element_type=\"column\" data-e-type=\"column\">\n\t\t\t<div class=\"elementor-widget-wrap elementor-element-populated\">\n\t\t\t\t\t\t<div class=\"elementor-element elementor-element-016e2cf aux-appear-watch-animation aux-scale-up elementor-widget elementor-widget-heading\" data-id=\"016e2cf\" data-element_type=\"widget\" data-e-type=\"widget\" data-widget_type=\"heading.default\">\n\t\t\t\t<div class=\"elementor-widget-container\">\n\t\t\t\t\t<h2 class=\"elementor-heading-title elementor-size-default\">heka<\/h2>\t\t\t\t<\/div>\n\t\t\t\t<\/div>\n\t\t\t\t<div class=\"elementor-element elementor-element-0f126c6 aux-appear-watch-animation aux-scale-down-1 elementor-widget elementor-widget-aux_modern_heading\" data-id=\"0f126c6\" data-element_type=\"widget\" data-e-type=\"widget\" data-widget_type=\"aux_modern_heading.default\">\n\t\t\t\t<div class=\"elementor-widget-container\">\n\t\t\t\t\t<section class=\"aux-widget-modern-heading\">\n            <div class=\"aux-widget-inner\"><h2 class=\"aux-modern-heading-primary\">POSTPARTO<\/h2><h3 class=\"aux-modern-heading-secondary\"><span class=\"aux-head-highlight\">Recupera tu vitalidad con \u00e9xito<\/span><\/h3><\/div>\n        <\/section>\t\t\t\t<\/div>\n\t\t\t\t<\/div>\n\t\t\t\t\t<\/div>\n\t\t<\/div>\n\t\t\t\t\t<\/div>\n\t\t<\/section>\n\t\t\t\t\t<\/div>\n\t\t<\/div>\n\t\t\t\t\t<\/div>\n\t\t<\/section>\n\t\t\t\t<section class=\"elementor-section elementor-top-section elementor-element elementor-element-f5d90e8 elementor-section-boxed elementor-section-height-default elementor-section-height-default\" data-id=\"f5d90e8\" data-element_type=\"section\" data-e-type=\"section\">\n\t\t\t\t\t\t<div class=\"elementor-container elementor-column-gap-default\">\n\t\t\t\t\t<div class=\"aux-parallax-section elementor-column elementor-col-100 elementor-top-column elementor-element elementor-element-56f2323\" data-id=\"56f2323\" data-element_type=\"column\" data-e-type=\"column\">\n\t\t\t<div class=\"elementor-widget-wrap elementor-element-populated\">\n\t\t\t\t\t\t<div class=\"elementor-element elementor-element-f6ad04a elementor-widget elementor-widget-text-editor\" data-id=\"f6ad04a\" data-element_type=\"widget\" data-e-type=\"widget\" data-widget_type=\"text-editor.default\">\n\t\t\t\t<div class=\"elementor-widget-container\">\n\t\t\t\t\t\t\t\t\t<p>Despu\u00e9s del parto, te ofrecemos un enfoque integral para una completa y satisfactoria recuperaci\u00f3n. Nuestra fisioterapia postparto est\u00e1 dise\u00f1ada para ayudarte a <strong>recuperarte con rapidez y eficacia<\/strong>. Nos especializamos en la <strong>rehabilitaci\u00f3n del suelo p\u00e9lvico<\/strong>, mejorando la fuerza y \u200b\u200bel soporte en esta \u00e1rea vital. Tambi\u00e9n tratamos la <strong>di\u00e1stasis de los rectos abdominales<\/strong> con ejercicios espec\u00edficos y t\u00e9cnicas avanzadas, como la diatermia.<\/p><p>Adem\u00e1s, ofrecemos soluciones efectivas para la recuperaci\u00f3n despu\u00e9s de <strong>ces\u00e1reas o episiotom\u00edas<\/strong>, asegurando un proceso de curaci\u00f3n suave y completo. Nuestro enfoque personalizado incluye evaluaciones detalladas y un plan de tratamiento adaptado a tus necesidades individuales. Con nuestro apoyo, podr\u00e1s volver a sentirte fuerte, activa y equilibrada emocionalmente despu\u00e9s del parto.<\/p>\t\t\t\t\t\t\t\t<\/div>\n\t\t\t\t<\/div>\n\t\t\t\t<div class=\"elementor-element elementor-element-0e1c815 aux-appear-watch-animation aux-fade-in-up elementor-widget elementor-widget-heading\" data-id=\"0e1c815\" data-element_type=\"widget\" data-e-type=\"widget\" data-widget_type=\"heading.default\">\n\t\t\t\t<div class=\"elementor-widget-container\">\n\t\t\t\t\t<p class=\"elementor-heading-title elementor-size-default\">Consulta nuestras redes:<\/p>\t\t\t\t<\/div>\n\t\t\t\t<\/div>\n\t\t\t\t<div class=\"elementor-element elementor-element-827d8cf elementor-shape-rounded elementor-grid-0 e-grid-align-center elementor-widget elementor-widget-social-icons\" data-id=\"827d8cf\" data-element_type=\"widget\" data-e-type=\"widget\" data-widget_type=\"social-icons.default\">\n\t\t\t\t<div class=\"elementor-widget-container\">\n\t\t\t\t\t\t\t<div class=\"elementor-social-icons-wrapper elementor-grid\" role=\"list\">\n\t\t\t\t\t\t\t<span class=\"elementor-grid-item\" role=\"listitem\">\n\t\t\t\t\t<a class=\"elementor-icon elementor-social-icon elementor-social-icon-instagram elementor-repeater-item-908cdf8\" href=\"https:\/\/www.instagram.com\/hekafisioterapia\" target=\"_blank\">\n\t\t\t\t\t\t<span class=\"elementor-screen-only\">Instagram<\/span>\n\t\t\t\t\t\t<i aria-hidden=\"true\" class=\"fab fa-instagram\"><\/i>\t\t\t\t\t<\/a>\n\t\t\t\t<\/span>\n\t\t\t\t\t\t\t<span class=\"elementor-grid-item\" role=\"listitem\">\n\t\t\t\t\t<a class=\"elementor-icon elementor-social-icon elementor-social-icon-youtube elementor-repeater-item-2ed265a\" href=\"https:\/\/www.youtube.com\/channel\/UCEJCqtoEl1y8Pg7LU9jg-Pw\" target=\"_blank\">\n\t\t\t\t\t\t<span class=\"elementor-screen-only\">Youtube<\/span>\n\t\t\t\t\t\t<i aria-hidden=\"true\" class=\"fab fa-youtube\"><\/i>\t\t\t\t\t<\/a>\n\t\t\t\t<\/span>\n\t\t\t\t\t<\/div>\n\t\t\t\t\t\t<\/div>\n\t\t\t\t<\/div>\n\t\t\t\t\t<\/div>\n\t\t<\/div>\n\t\t\t\t\t<\/div>\n\t\t<\/section>\n\t\t\t\t<\/div>","protected":false},"excerpt":{"rendered":"<p>heka POSTPART Recupera la teva vitalitat amb \u00e8xit Despr\u00e9s del part, t\u2019oferim un enfocament integral per a una recuperaci\u00f3 completa i satisfact\u00f2ria. La nostra fisioter\u00e0pia postpart est\u00e0 dissenyada per ajudar-te a recuperar-te amb rapidesa i efic\u00e0cia. Ens especialitzem en la rehabilitaci\u00f3 del s\u00f2l pelvi\u00e0, millorant la for\u00e7a i el suport en aquesta \u00e0rea vital. Tamb\u00e9 [&hellip;]<\/p>","protected":false},"author":1,"featured_media":0,"parent":0,"menu_order":0,"comment_status":"closed","ping_status":"closed","template":"","meta":{"footnotes":""},"class_list":["post-955","page","type-page","status-publish","hentry"],"yoast_head":"<!-- This site is optimized with the Yoast SEO plugin v25.4 - https:\/\/yoast.com\/wordpress\/plugins\/seo\/ -->\n<title>Postpart - Heka Fisioter\u00e0pia<\/title>\n<meta name=\"robots\" content=\"index, follow, max-snippet:-1, max-image-preview:large, max-video-preview:-1\" \/>\n<link rel=\"canonical\" href=\"https:\/\/hekafisioterapia.com\/es\/postpart\/\" \/>\n<meta property=\"og:locale\" content=\"es_ES\" \/>\n<meta property=\"og:type\" content=\"article\" \/>\n<meta property=\"og:title\" content=\"Postpart - Heka Fisioter\u00e0pia\" \/>\n<meta property=\"og:description\" content=\"heka POSTPART Recupera la teva vitalitat amb \u00e8xit Despr\u00e9s del part, t\u2019oferim un enfocament integral per a una recuperaci\u00f3 completa i satisfact\u00f2ria. La nostra fisioter\u00e0pia postpart est\u00e0 dissenyada per ajudar-te a recuperar-te amb rapidesa i efic\u00e0cia. Ens especialitzem en la rehabilitaci\u00f3 del s\u00f2l pelvi\u00e0, millorant la for\u00e7a i el suport en aquesta \u00e0rea vital. Tamb\u00e9 [&hellip;]\" \/>\n<meta property=\"og:url\" content=\"https:\/\/hekafisioterapia.com\/es\/postpart\/\" \/>\n<meta property=\"og:site_name\" content=\"Heka Fisioter\u00e0pia\" \/>\n<meta property=\"article:modified_time\" content=\"2025-04-26T09:24:48+00:00\" \/>\n<meta name=\"twitter:card\" content=\"summary_large_image\" \/>\n<meta name=\"twitter:label1\" content=\"Tiempo de lectura\" \/>\n\t<meta name=\"twitter:data1\" content=\"1 minuto\" \/>\n<script type=\"application\/ld+json\" class=\"yoast-schema-graph\">{\"@context\":\"https:\/\/schema.org\",\"@graph\":[{\"@type\":\"WebPage\",\"@id\":\"https:\/\/hekafisioterapia.com\/postpart\/\",\"url\":\"https:\/\/hekafisioterapia.com\/postpart\/\",\"name\":\"Postpart - Heka Fisioter\u00e0pia\",\"isPartOf\":{\"@id\":\"https:\/\/hekafisioterapia.com\/#website\"},\"datePublished\":\"2024-09-05T14:18:17+00:00\",\"dateModified\":\"2025-04-26T09:24:48+00:00\",\"breadcrumb\":{\"@id\":\"https:\/\/hekafisioterapia.com\/postpart\/#breadcrumb\"},\"inLanguage\":\"es\",\"potentialAction\":[{\"@type\":\"ReadAction\",\"target\":[\"https:\/\/hekafisioterapia.com\/postpart\/\"]}]},{\"@type\":\"BreadcrumbList\",\"@id\":\"https:\/\/hekafisioterapia.com\/postpart\/#breadcrumb\",\"itemListElement\":[{\"@type\":\"ListItem\",\"position\":1,\"name\":\"Portada\",\"item\":\"https:\/\/hekafisioterapia.com\/\"},{\"@type\":\"ListItem\",\"position\":2,\"name\":\"Postpart\"}]},{\"@type\":\"WebSite\",\"@id\":\"https:\/\/hekafisioterapia.com\/#website\",\"url\":\"https:\/\/hekafisioterapia.com\/\",\"name\":\"Heka Fisioter\u00e0pia\",\"description\":\"\",\"publisher\":{\"@id\":\"https:\/\/hekafisioterapia.com\/#organization\"},\"potentialAction\":[{\"@type\":\"SearchAction\",\"target\":{\"@type\":\"EntryPoint\",\"urlTemplate\":\"https:\/\/hekafisioterapia.com\/?s={search_term_string}\"},\"query-input\":{\"@type\":\"PropertyValueSpecification\",\"valueRequired\":true,\"valueName\":\"search_term_string\"}}],\"inLanguage\":\"es\"},{\"@type\":\"Organization\",\"@id\":\"https:\/\/hekafisioterapia.com\/#organization\",\"name\":\"Heka Fisioter\u00e0pia\",\"url\":\"https:\/\/hekafisioterapia.com\/\",\"logo\":{\"@type\":\"ImageObject\",\"inLanguage\":\"es\",\"@id\":\"https:\/\/hekafisioterapia.com\/#\/schema\/logo\/image\/\",\"url\":\"https:\/\/hekafisioterapia.com\/wp-content\/uploads\/2024\/07\/LOGO-DEF_horizontal-862x168x0x0x862x166x1600522261.png\",\"contentUrl\":\"https:\/\/hekafisioterapia.com\/wp-content\/uploads\/2024\/07\/LOGO-DEF_horizontal-862x168x0x0x862x166x1600522261.png\",\"width\":602,\"height\":115,\"caption\":\"Heka Fisioter\u00e0pia\"},\"image\":{\"@id\":\"https:\/\/hekafisioterapia.com\/#\/schema\/logo\/image\/\"},\"sameAs\":[\"https:\/\/www.youtube.com\/@hekafisioterapia\",\"https:\/\/www.instagram.com\/hekafisioterapia\/\"]}]}<\/script>\n<!-- \/ Yoast SEO plugin. -->","yoast_head_json":{"title":"Postpart - Heka Fisioter\u00e0pia","robots":{"index":"index","follow":"follow","max-snippet":"max-snippet:-1","max-image-preview":"max-image-preview:large","max-video-preview":"max-video-preview:-1"},"canonical":"https:\/\/hekafisioterapia.com\/es\/postpart\/","og_locale":"es_ES","og_type":"article","og_title":"Postpart - Heka Fisioter\u00e0pia","og_description":"heka POSTPART Recupera la teva vitalitat amb \u00e8xit Despr\u00e9s del part, t\u2019oferim un enfocament integral per a una recuperaci\u00f3 completa i satisfact\u00f2ria. La nostra fisioter\u00e0pia postpart est\u00e0 dissenyada per ajudar-te a recuperar-te amb rapidesa i efic\u00e0cia. Ens especialitzem en la rehabilitaci\u00f3 del s\u00f2l pelvi\u00e0, millorant la for\u00e7a i el suport en aquesta \u00e0rea vital. Tamb\u00e9 [&hellip;]","og_url":"https:\/\/hekafisioterapia.com\/es\/postpart\/","og_site_name":"Heka Fisioter\u00e0pia","article_modified_time":"2025-04-26T09:24:48+00:00","twitter_card":"summary_large_image","twitter_misc":{"Tiempo de lectura":"1 minuto"},"schema":{"@context":"https:\/\/schema.org","@graph":[{"@type":"WebPage","@id":"https:\/\/hekafisioterapia.com\/postpart\/","url":"https:\/\/hekafisioterapia.com\/postpart\/","name":"Postpart - Heka Fisioter\u00e0pia","isPartOf":{"@id":"https:\/\/hekafisioterapia.com\/#website"},"datePublished":"2024-09-05T14:18:17+00:00","dateModified":"2025-04-26T09:24:48+00:00","breadcrumb":{"@id":"https:\/\/hekafisioterapia.com\/postpart\/#breadcrumb"},"inLanguage":"es","potentialAction":[{"@type":"ReadAction","target":["https:\/\/hekafisioterapia.com\/postpart\/"]}]},{"@type":"BreadcrumbList","@id":"https:\/\/hekafisioterapia.com\/postpart\/#breadcrumb","itemListElement":[{"@type":"ListItem","position":1,"name":"Portada","item":"https:\/\/hekafisioterapia.com\/"},{"@type":"ListItem","position":2,"name":"Postpart"}]},{"@type":"WebSite","@id":"https:\/\/hekafisioterapia.com\/#website","url":"https:\/\/hekafisioterapia.com\/","name":"Heka Fisioter\u00e0pia","description":"","publisher":{"@id":"https:\/\/hekafisioterapia.com\/#organization"},"potentialAction":[{"@type":"SearchAction","target":{"@type":"EntryPoint","urlTemplate":"https:\/\/hekafisioterapia.com\/?s={search_term_string}"},"query-input":{"@type":"PropertyValueSpecification","valueRequired":true,"valueName":"search_term_string"}}],"inLanguage":"es"},{"@type":"Organization","@id":"https:\/\/hekafisioterapia.com\/#organization","name":"Heka Fisioter\u00e0pia","url":"https:\/\/hekafisioterapia.com\/","logo":{"@type":"ImageObject","inLanguage":"es","@id":"https:\/\/hekafisioterapia.com\/#\/schema\/logo\/image\/","url":"https:\/\/hekafisioterapia.com\/wp-content\/uploads\/2024\/07\/LOGO-DEF_horizontal-862x168x0x0x862x166x1600522261.png","contentUrl":"https:\/\/hekafisioterapia.com\/wp-content\/uploads\/2024\/07\/LOGO-DEF_horizontal-862x168x0x0x862x166x1600522261.png","width":602,"height":115,"caption":"Heka Fisioter\u00e0pia"},"image":{"@id":"https:\/\/hekafisioterapia.com\/#\/schema\/logo\/image\/"},"sameAs":["https:\/\/www.youtube.com\/@hekafisioterapia","https:\/\/www.instagram.com\/hekafisioterapia\/"]}]}},"_links":{"self":[{"href":"https:\/\/hekafisioterapia.com\/es\/wp-json\/wp\/v2\/pages\/955","targetHints":{"allow":["GET"]}}],"collection":[{"href":"https:\/\/hekafisioterapia.com\/es\/wp-json\/wp\/v2\/pages"}],"about":[{"href":"https:\/\/hekafisioterapia.com\/es\/wp-json\/wp\/v2\/types\/page"}],"author":[{"embeddable":true,"href":"https:\/\/hekafisioterapia.com\/es\/wp-json\/wp\/v2\/users\/1"}],"replies":[{"embeddable":true,"href":"https:\/\/hekafisioterapia.com\/es\/wp-json\/wp\/v2\/comments?post=955"}],"version-history":[{"count":19,"href":"https:\/\/hekafisioterapia.com\/es\/wp-json\/wp\/v2\/pages\/955\/revisions"}],"predecessor-version":[{"id":2240,"href":"https:\/\/hekafisioterapia.com\/es\/wp-json\/wp\/v2\/pages\/955\/revisions\/2240"}],"wp:attachment":[{"href":"https:\/\/hekafisioterapia.com\/es\/wp-json\/wp\/v2\/media?parent=955"}],"curies":[{"name":"wp","href":"https:\/\/api.w.org\/{rel}","templated":true}]}}