{"id":95,"date":"2024-07-01T11:16:36","date_gmt":"2024-07-01T09:16:36","guid":{"rendered":"https:\/\/heka.totmedia.net\/?page_id=95"},"modified":"2025-01-27T22:27:13","modified_gmt":"2025-01-27T21:27:13","slug":"politica-de-cookies","status":"publish","type":"page","link":"https:\/\/hekafisioterapia.com\/es\/politica-de-cookies\/","title":{"rendered":"Pol\u00edtica de Cookies"},"content":{"rendered":"<div data-elementor-type=\"wp-page\" data-elementor-id=\"95\" class=\"elementor elementor-95\">\n\t\t\t\t\t\t<section class=\"elementor-section elementor-top-section elementor-element elementor-element-6c14e89 elementor-section-boxed elementor-section-height-default elementor-section-height-default\" data-id=\"6c14e89\" data-element_type=\"section\" data-e-type=\"section\">\n\t\t\t\t\t\t<div class=\"elementor-container elementor-column-gap-default\">\n\t\t\t\t\t<div class=\"aux-parallax-section elementor-column elementor-col-100 elementor-top-column elementor-element elementor-element-4d5e818\" data-id=\"4d5e818\" data-element_type=\"column\" data-e-type=\"column\">\n\t\t\t<div class=\"elementor-widget-wrap elementor-element-populated\">\n\t\t\t\t\t\t<div class=\"elementor-element elementor-element-195c3ab9 elementor-widget elementor-widget-text-editor\" data-id=\"195c3ab9\" data-element_type=\"widget\" data-e-type=\"widget\" data-widget_type=\"text-editor.default\">\n\t\t\t\t<div class=\"elementor-widget-container\">\n\t\t\t\t\t\t\t\t\t\n<p><strong>Pol\u00edtica de cookies<\/strong><\/p>\n<p><em>Actualitzada: <\/em>Juny 24<\/p>\n<p>\u00a0<\/p>\n<p>El lloc web <u>https:\/\/hekafisioterapia.com\/<\/u> \u00e9s responsabilitat HEKA FISIOTERAPIA SALUT I MOVIMENT, S.L.P. (en endavant HEKA), amb domicili social C\/Nou, 26 &#8211; 08461 &#8211; Sant Esteve de Palautordera (Barcelona) , amb CIF: B56875305 i adre\u00e7a de correu electr\u00f2nic: \u00a0<a href=\"mailto:info@hekafisioterapia.com\">info@hekafisioterapia.com<\/a> \u00a0<\/p>\n<p>Conseq\u00fcentment, la utilitzaci\u00f3 de cookies se li aplica la present &#8220;Pol\u00edtica d&#8217;\u00das de Cookies&#8221; que ha estat elaborada per tal que l&#8217;usuari quedi informat dels diferents usos que es duen a terme en aquests dispositius i, pugui consentir el seu tractament de manera informada, de conformitat amb el que preveu la legislaci\u00f3 vigent.<\/p>\n<p><strong>Qu\u00e8 \u00e9s una cookie?<\/strong><\/p>\n<p>Una cookie \u00e9s un fitxer que es descarrega al seu ordinador en accedir l&#8217;usuari a determinades p\u00e0gines web. Les cookies permeten a una p\u00e0gina web, entre d\u2019altres coses, emmagatzemar i recuperar informaci\u00f3 sobre els h\u00e0bits de navegaci\u00f3 d\u2019un usuari o del seu equip i, depenent de la informaci\u00f3 que continguin i de la forma en qu\u00e8 utilitzi el seu equip, es poden utilitzar per recon\u00e8ixer a l&#8217;usuari.<\/p>\n<p><strong>Quins tipus de cookies hi ha?<\/strong><\/p>\n<p>Hi ha diversos tipus de cookies en funci\u00f3 de diferents criteris:<\/p>\n<p>En funci\u00f3 del temps que romanen activades:<\/p>\n<ul>\n<li>Cookies de sessi\u00f3. S\u00f3n un tipus de cookies dissenyades per demanar i emmagatzemar dades mentre l&#8217;usuari accedeix a una p\u00e0gina web.<\/li>\n<li>Cookies permanents: S\u00f3n un tipus de cookies en el qual les dades segueixen emmagatzemats en el terminal i poden ser accedits i tractats durant un per\u00edode definit pel responsable de la galeta.<\/li>\n<\/ul>\n<p>En funci\u00f3 de la titularitat:<\/p>\n<ul>\n<li>Cookies pr\u00f2pies. S\u00f3n les que pertanyen a HEKA<\/li>\n<li>Cookies de tercers. S\u00f3n aquelles la titularitat \u00e9s d&#8217;un tercer, diferent de HEKA, que ser\u00e0 qui tracti la informaci\u00f3 recollida.<\/li>\n<\/ul>\n<p>En funci\u00f3 de la seva finalitat:<\/p>\n<ul>\n<li>Cookies t\u00e8cniques i\/o de personalitzaci\u00f3. S\u00f3n aquelles que serveixen per millorar el servei, localitzar incid\u00e8ncies, recon\u00e8ixer a l&#8217;usuari, etc.<\/li>\n<li>Cookies d&#8217;an\u00e0lisi i\/o de publicitat. S\u00f3n aquelles que serveixen per analitzar informaci\u00f3 sobre la navegaci\u00f3 i oferir publicitat, sigui gen\u00e8rica o personalitzada.<strong>\u00a0<\/strong><\/li>\n<\/ul>\n<p><strong>Quins tipus de cookies s\u00f3n m\u00e9s habituals?<\/strong><\/p>\n<p>T\u00c8CNIQUES: S\u00f3n cookies PR\u00d2PIES, de sessi\u00f3, d&#8217;identificaci\u00f3, de configuraci\u00f3 i de registre, estrictament necess\u00e0ries per a la identificaci\u00f3 de l&#8217;usuari i per a la prestaci\u00f3 dels serveis sol\u00b7licitats per l&#8217;usuari. La informaci\u00f3 obtinguda a trav\u00e9s de les mateixes \u00e9s tractada \u00fanicament per HEKA<\/p>\n<p>D&#8217;AN\u00c0LISI: S\u00f3n aquelles que, ben tractades per nosaltres o per tercers, ens permeten quantificar el nombre d&#8217;usuaris i aix\u00ed realitzar el mesurament i an\u00e0lisi estad\u00edstica de la utilitzaci\u00f3 que fan els usuaris del servei ofert. Per aix\u00f2 s&#8217;analitza la seva navegaci\u00f3 a la nostra p\u00e0gina web per tal de millorar l&#8217;oferta de productes o serveis que li oferim.<\/p>\n<p>DE PUBLICITAT: S\u00f3n aquelles que, ben tractades per nosaltres o per tercers, permeten la gesti\u00f3, de la forma m\u00e9s efica\u00e7 possible, dels espais publicitaris que es poguessin incloure a la nostra p\u00e0gina web i\/o emmagatzemen informaci\u00f3 del comportament dels usuaris obtinguda a trav\u00e9s de l&#8217;observaci\u00f3 continuada. Gr\u00e0cies a elles, podem con\u00e8ixer els h\u00e0bits de navegaci\u00f3 a internet i mostrar-li publicitat relacionada amb el seu perfil de navegaci\u00f3.<\/p>\n<p><strong>Per qu\u00e8 serveix una cookie?<\/strong><\/p>\n<p>Les cookies s&#8217;utilitzen per poder oferir serveis i\/o publicitat personalitzats, per analitzar el funcionament del sistema, recon\u00e8ixer quan accedeix com a usuari, localitzar incid\u00e8ncies i problemes que puguin sorgir i solucionar en el menor termini possible, aix\u00ed com analitzar i mesurar l&#8217;\u00fas i activitat de la p\u00e0gina web.<\/p>\n<p><strong>Es necessita el meu consentiment per implantar una cookie?<\/strong><\/p>\n<p>No cal el consentiment per a la instal\u00b7laci\u00f3 de cookies t\u00e8cniques o les que siguin estrictament necess\u00e0ries per a la prestaci\u00f3 d&#8217;un servei de la societat de la informaci\u00f3 expressament sol\u00b7licitat pel destinatari.<\/p>\n<p>Per a la resta, s\u00ed que es necessita el consentiment de l&#8217;interessat que es pot sol\u00b7licitar per diferents vies. En el nostre cas, el consentiment es dona si accepta les cookies opcionals i no necess\u00e0ries pel funcionament de la web i podr\u00e0 anul.lar el consentiment i desactivar les cookies entrant a l\u2019apartat de \u201ccom desactivar les cookies\u201d que es troba al final d\u2019aquest document.<\/p>\n<p><strong>Quins tipus de cookies utilitza aquesta p\u00e0gina web?<\/strong><\/p>\n<p>Cookies t\u00e8cniques: S\u00f3n aquelles creades i gestionades \u00fanicament per nosaltres, i permeten a l&#8217;usuari la navegaci\u00f3 a trav\u00e9s de la nostra p\u00e0gina web i la utilitzaci\u00f3 de les diferents opcions com, per exemple, identificar la sessi\u00f3, personalitzar informaci\u00f3 o accedir a zones d&#8217;acc\u00e9s restringit.<\/p>\n<p>El lloc web de HEKA, utilitza Google Analytics, una eina d&#8217;anal\u00edtica web desenvolupada per Google, que ajuda els propietaris de llocs web a mesurar com interactuen els usuaris amb el contingut del lloc.\u00a0\u00a0 Per la prestaci\u00f3 d\u2019aquests serveis, Google Analytics utilitza cookies que recopilen la informaci\u00f3, inclosa l\u2019adre\u00e7a IP de l\u2019usuari que ser\u00e0 transmesa, tractada i emmagatzemada per Google en els termes fixats a la web Google.com.<\/p>\n<p>Per a m\u00e9s informaci\u00f3 veure:<\/p>\n<p><a href=\"https:\/\/developers.google.com\/analytics\/devguides\/collection\/analyticsjs\/cookie-usage\">https:\/\/developers.google.com\/analytics\/devguides\/collection\/analyticsjs\/cookie-usage<\/a><\/p>\n<p>El domini web <u>https:\/\/hekafisioterapia.com\/<\/u> utilitza els seg\u00fcents tipus de cookies:<\/p>\n<p>\u00a0<\/p>\n<table>\n<tbody>\n<tr>\n<td width=\"134\">\n<p>Propietat<\/p>\n<\/td>\n<td width=\"136\">\n<p>Nom de la cookie<\/p>\n<\/td>\n<td width=\"349\">\n<p>Finalitat<\/p>\n<\/td>\n<td width=\"78\">\n<p>Expira<\/p>\n<\/td>\n<\/tr>\n<tr>\n<td width=\"134\">\n<p><u>https:\/\/hekafisioterapia.com\/<\/u><\/p>\n<\/td>\n<td width=\"136\">\n<p>_ga<\/p>\n<\/td>\n<td width=\"349\">\n<p>Habilita la funci\u00f3 de control de visites \u00faniques. La primera vegada que un usuari entra en un lloc web a trav\u00e9s d\u2019un navegador s\u2019instal.lar\u00e0 aquesta cookie. Quan aquest usuari torni a entrar a la web amb el mateix navegador, la cookie considerar\u00e0 que \u00e9s el mateix usuari. Nom\u00e9s en el cas que l\u2019usuari canvii de navegador, es considerar\u00e0 que \u00e9s un altre usuari.<\/p>\n<p>\u00a0<\/p>\n<\/td>\n<td width=\"78\">\n<p>2 anys<strong>\u00a0<\/strong><\/p>\n<\/td>\n<\/tr>\n<\/tbody>\n<\/table>\n<p><strong>Com desactivar cookies?<\/strong><\/p>\n<p>Pot permetre, bloquejar o eliminar les cookies instal\u00b7lades en el seu equip mitjan\u00e7ant la configuraci\u00f3 de les opcions del navegador en el vostre ordinador.<\/p>\n<ul>\n<li>Firefox : <a href=\"https:\/\/support.mozilla.org\/es\/kb\/habilitar-y-deshabilitar-cookies-sitios-web-rastrear-preferencias?redirectlocale=es&amp;redirectslug=habilitar-y-deshabilitar-cookies-que-los-sitios-we\">https:\/\/support.mozilla.org\/es\/kb\/habilitar-y-deshabilitar-cookies-sitios-web-rastrear-preferencias?redirectlocale=es&amp;redirectslug=habilitar-y-deshabilitar-cookies-que-los-sitios-we<\/a><\/li>\n<li>Chrome: <a href=\"https:\/\/support.google.com\/chrome\/answer\/95647?hl=es\">https:\/\/support.google.com\/chrome\/answer\/95647?hl=es<\/a><\/li>\n<li>Internet Explorer: <a href=\"https:\/\/support.microsoft.com\/es-es\/products\/windows?os=windows-10\">https:\/\/support.microsoft.com\/es-es\/products\/windows?os=windows-10<\/a><\/li>\n<li>Safari: <a href=\"https:\/\/support.apple.com\/kb\/ph5042?locale=es_ES\">https:\/\/support.apple.com\/kb\/ph5042?locale=es_ES<\/a><\/li>\n<li>Safari para iOS: <a href=\"https:\/\/support.apple.com\/es-es\/HT201265\">https:\/\/support.apple.com\/es-es\/HT201265<\/a><\/li>\n<li>Opera: <a href=\"http:\/\/help.opera.com\/Windows\/11.50\/es-ES\/cookies.html\">http:\/\/help.opera.com\/Windows\/11.50\/es-ES\/cookies.html<\/a><\/li>\n<\/ul>\n<p><strong>Exercici de drets<\/strong><\/p>\n<p>Pot con\u00e8ixer i exercir els seus drets en mat\u00e8ria de protecci\u00f3 de dades accedint a la nostra pol\u00edtica de privacitat <a href=\"https:\/\/hekafisioterapia.com\/es\/pol\u00edtica-de-privacitat\/\">https:\/\/hekafisioterapia.com\/pol\u00edtica-de-privacitat\/<\/a> \u00a0\u00a0\u00a0<\/p>\n<p><strong>Informaci\u00f3 addicional<\/strong><\/p>\n<p>Podeu consultar m\u00e9s informaci\u00f3 a la guia sobre l&#8217;\u00fas de les cookies editada per l&#8217;AEPD en el seg\u00fcent enlla\u00e7 <a href=\"https:\/\/www.aepd.es\/es\/documento\/guia-cookies.pdf\">https:\/\/www.aepd.es\/es\/documento\/guia-cookies.pdf<\/a><\/p>\n\t\t\t\t\t\t\t\t<\/div>\n\t\t\t\t<\/div>\n\t\t\t\t\t<\/div>\n\t\t<\/div>\n\t\t\t\t\t<\/div>\n\t\t<\/section>\n\t\t\t\t<\/div>","protected":false},"excerpt":{"rendered":"<p>Pol\u00edtica de cookies Actualitzada: Juny 24 \u00a0 El lloc web https:\/\/hekafisioterapia.com\/ \u00e9s responsabilitat HEKA FISIOTERAPIA SALUT I MOVIMENT, S.L.P. (en endavant HEKA), amb domicili social C\/Nou, 26 &#8211; 08461 &#8211; Sant Esteve de Palautordera (Barcelona) , amb CIF: B56875305 i adre\u00e7a de correu electr\u00f2nic: \u00a0info@hekafisioterapia.com \u00a0 Conseq\u00fcentment, la utilitzaci\u00f3 de cookies se li aplica la [&hellip;]<\/p>","protected":false},"author":1,"featured_media":0,"parent":0,"menu_order":0,"comment_status":"closed","ping_status":"closed","template":"","meta":{"footnotes":""},"class_list":["post-95","page","type-page","status-publish","hentry"],"yoast_head":"<!-- This site is optimized with the Yoast SEO plugin v25.4 - https:\/\/yoast.com\/wordpress\/plugins\/seo\/ -->\n<title>Pol\u00edtica de Cookies - Heka Fisioter\u00e0pia<\/title>\n<meta name=\"robots\" content=\"index, follow, max-snippet:-1, max-image-preview:large, max-video-preview:-1\" \/>\n<link rel=\"canonical\" href=\"https:\/\/hekafisioterapia.com\/es\/politica-de-cookies\/\" \/>\n<meta property=\"og:locale\" content=\"es_ES\" \/>\n<meta property=\"og:type\" content=\"article\" \/>\n<meta property=\"og:title\" content=\"Pol\u00edtica de Cookies - Heka Fisioter\u00e0pia\" \/>\n<meta property=\"og:description\" content=\"Pol\u00edtica de cookies Actualitzada: Juny 24 \u00a0 El lloc web https:\/\/hekafisioterapia.com\/ \u00e9s responsabilitat HEKA FISIOTERAPIA SALUT I MOVIMENT, S.L.P. (en endavant HEKA), amb domicili social C\/Nou, 26 &#8211; 08461 &#8211; Sant Esteve de Palautordera (Barcelona) , amb CIF: B56875305 i adre\u00e7a de correu electr\u00f2nic: \u00a0info@hekafisioterapia.com \u00a0 Conseq\u00fcentment, la utilitzaci\u00f3 de cookies se li aplica la [&hellip;]\" \/>\n<meta property=\"og:url\" content=\"https:\/\/hekafisioterapia.com\/es\/politica-de-cookies\/\" \/>\n<meta property=\"og:site_name\" content=\"Heka Fisioter\u00e0pia\" \/>\n<meta property=\"article:modified_time\" content=\"2025-01-27T21:27:13+00:00\" \/>\n<meta name=\"twitter:card\" content=\"summary_large_image\" \/>\n<meta name=\"twitter:label1\" content=\"Tiempo de lectura\" \/>\n\t<meta name=\"twitter:data1\" content=\"6 minutos\" \/>\n<script type=\"application\/ld+json\" class=\"yoast-schema-graph\">{\"@context\":\"https:\/\/schema.org\",\"@graph\":[{\"@type\":\"WebPage\",\"@id\":\"https:\/\/hekafisioterapia.com\/politica-de-cookies\/\",\"url\":\"https:\/\/hekafisioterapia.com\/politica-de-cookies\/\",\"name\":\"Pol\u00edtica de Cookies - Heka Fisioter\u00e0pia\",\"isPartOf\":{\"@id\":\"https:\/\/hekafisioterapia.com\/#website\"},\"datePublished\":\"2024-07-01T09:16:36+00:00\",\"dateModified\":\"2025-01-27T21:27:13+00:00\",\"breadcrumb\":{\"@id\":\"https:\/\/hekafisioterapia.com\/politica-de-cookies\/#breadcrumb\"},\"inLanguage\":\"es\",\"potentialAction\":[{\"@type\":\"ReadAction\",\"target\":[\"https:\/\/hekafisioterapia.com\/politica-de-cookies\/\"]}]},{\"@type\":\"BreadcrumbList\",\"@id\":\"https:\/\/hekafisioterapia.com\/politica-de-cookies\/#breadcrumb\",\"itemListElement\":[{\"@type\":\"ListItem\",\"position\":1,\"name\":\"Portada\",\"item\":\"https:\/\/hekafisioterapia.com\/\"},{\"@type\":\"ListItem\",\"position\":2,\"name\":\"Pol\u00edtica de Cookies\"}]},{\"@type\":\"WebSite\",\"@id\":\"https:\/\/hekafisioterapia.com\/#website\",\"url\":\"https:\/\/hekafisioterapia.com\/\",\"name\":\"Heka Fisioter\u00e0pia\",\"description\":\"\",\"publisher\":{\"@id\":\"https:\/\/hekafisioterapia.com\/#organization\"},\"potentialAction\":[{\"@type\":\"SearchAction\",\"target\":{\"@type\":\"EntryPoint\",\"urlTemplate\":\"https:\/\/hekafisioterapia.com\/?s={search_term_string}\"},\"query-input\":{\"@type\":\"PropertyValueSpecification\",\"valueRequired\":true,\"valueName\":\"search_term_string\"}}],\"inLanguage\":\"es\"},{\"@type\":\"Organization\",\"@id\":\"https:\/\/hekafisioterapia.com\/#organization\",\"name\":\"Heka Fisioter\u00e0pia\",\"url\":\"https:\/\/hekafisioterapia.com\/\",\"logo\":{\"@type\":\"ImageObject\",\"inLanguage\":\"es\",\"@id\":\"https:\/\/hekafisioterapia.com\/#\/schema\/logo\/image\/\",\"url\":\"https:\/\/hekafisioterapia.com\/wp-content\/uploads\/2024\/07\/LOGO-DEF_horizontal-862x168x0x0x862x166x1600522261.png\",\"contentUrl\":\"https:\/\/hekafisioterapia.com\/wp-content\/uploads\/2024\/07\/LOGO-DEF_horizontal-862x168x0x0x862x166x1600522261.png\",\"width\":602,\"height\":115,\"caption\":\"Heka Fisioter\u00e0pia\"},\"image\":{\"@id\":\"https:\/\/hekafisioterapia.com\/#\/schema\/logo\/image\/\"},\"sameAs\":[\"https:\/\/www.youtube.com\/@hekafisioterapia\",\"https:\/\/www.instagram.com\/hekafisioterapia\/\"]}]}<\/script>\n<!-- \/ Yoast SEO plugin. -->","yoast_head_json":{"title":"Pol\u00edtica de Cookies - Heka Fisioter\u00e0pia","robots":{"index":"index","follow":"follow","max-snippet":"max-snippet:-1","max-image-preview":"max-image-preview:large","max-video-preview":"max-video-preview:-1"},"canonical":"https:\/\/hekafisioterapia.com\/es\/politica-de-cookies\/","og_locale":"es_ES","og_type":"article","og_title":"Pol\u00edtica de Cookies - Heka Fisioter\u00e0pia","og_description":"Pol\u00edtica de cookies Actualitzada: Juny 24 \u00a0 El lloc web https:\/\/hekafisioterapia.com\/ \u00e9s responsabilitat HEKA FISIOTERAPIA SALUT I MOVIMENT, S.L.P. (en endavant HEKA), amb domicili social C\/Nou, 26 &#8211; 08461 &#8211; Sant Esteve de Palautordera (Barcelona) , amb CIF: B56875305 i adre\u00e7a de correu electr\u00f2nic: \u00a0info@hekafisioterapia.com \u00a0 Conseq\u00fcentment, la utilitzaci\u00f3 de cookies se li aplica la [&hellip;]","og_url":"https:\/\/hekafisioterapia.com\/es\/politica-de-cookies\/","og_site_name":"Heka Fisioter\u00e0pia","article_modified_time":"2025-01-27T21:27:13+00:00","twitter_card":"summary_large_image","twitter_misc":{"Tiempo de lectura":"6 minutos"},"schema":{"@context":"https:\/\/schema.org","@graph":[{"@type":"WebPage","@id":"https:\/\/hekafisioterapia.com\/politica-de-cookies\/","url":"https:\/\/hekafisioterapia.com\/politica-de-cookies\/","name":"Pol\u00edtica de Cookies - Heka Fisioter\u00e0pia","isPartOf":{"@id":"https:\/\/hekafisioterapia.com\/#website"},"datePublished":"2024-07-01T09:16:36+00:00","dateModified":"2025-01-27T21:27:13+00:00","breadcrumb":{"@id":"https:\/\/hekafisioterapia.com\/politica-de-cookies\/#breadcrumb"},"inLanguage":"es","potentialAction":[{"@type":"ReadAction","target":["https:\/\/hekafisioterapia.com\/politica-de-cookies\/"]}]},{"@type":"BreadcrumbList","@id":"https:\/\/hekafisioterapia.com\/politica-de-cookies\/#breadcrumb","itemListElement":[{"@type":"ListItem","position":1,"name":"Portada","item":"https:\/\/hekafisioterapia.com\/"},{"@type":"ListItem","position":2,"name":"Pol\u00edtica de Cookies"}]},{"@type":"WebSite","@id":"https:\/\/hekafisioterapia.com\/#website","url":"https:\/\/hekafisioterapia.com\/","name":"Heka Fisioter\u00e0pia","description":"","publisher":{"@id":"https:\/\/hekafisioterapia.com\/#organization"},"potentialAction":[{"@type":"SearchAction","target":{"@type":"EntryPoint","urlTemplate":"https:\/\/hekafisioterapia.com\/?s={search_term_string}"},"query-input":{"@type":"PropertyValueSpecification","valueRequired":true,"valueName":"search_term_string"}}],"inLanguage":"es"},{"@type":"Organization","@id":"https:\/\/hekafisioterapia.com\/#organization","name":"Heka Fisioter\u00e0pia","url":"https:\/\/hekafisioterapia.com\/","logo":{"@type":"ImageObject","inLanguage":"es","@id":"https:\/\/hekafisioterapia.com\/#\/schema\/logo\/image\/","url":"https:\/\/hekafisioterapia.com\/wp-content\/uploads\/2024\/07\/LOGO-DEF_horizontal-862x168x0x0x862x166x1600522261.png","contentUrl":"https:\/\/hekafisioterapia.com\/wp-content\/uploads\/2024\/07\/LOGO-DEF_horizontal-862x168x0x0x862x166x1600522261.png","width":602,"height":115,"caption":"Heka Fisioter\u00e0pia"},"image":{"@id":"https:\/\/hekafisioterapia.com\/#\/schema\/logo\/image\/"},"sameAs":["https:\/\/www.youtube.com\/@hekafisioterapia","https:\/\/www.instagram.com\/hekafisioterapia\/"]}]}},"_links":{"self":[{"href":"https:\/\/hekafisioterapia.com\/es\/wp-json\/wp\/v2\/pages\/95","targetHints":{"allow":["GET"]}}],"collection":[{"href":"https:\/\/hekafisioterapia.com\/es\/wp-json\/wp\/v2\/pages"}],"about":[{"href":"https:\/\/hekafisioterapia.com\/es\/wp-json\/wp\/v2\/types\/page"}],"author":[{"embeddable":true,"href":"https:\/\/hekafisioterapia.com\/es\/wp-json\/wp\/v2\/users\/1"}],"replies":[{"embeddable":true,"href":"https:\/\/hekafisioterapia.com\/es\/wp-json\/wp\/v2\/comments?post=95"}],"version-history":[{"count":4,"href":"https:\/\/hekafisioterapia.com\/es\/wp-json\/wp\/v2\/pages\/95\/revisions"}],"predecessor-version":[{"id":1608,"href":"https:\/\/hekafisioterapia.com\/es\/wp-json\/wp\/v2\/pages\/95\/revisions\/1608"}],"wp:attachment":[{"href":"https:\/\/hekafisioterapia.com\/es\/wp-json\/wp\/v2\/media?parent=95"}],"curies":[{"name":"wp","href":"https:\/\/api.w.org\/{rel}","templated":true}]}}