{"id":93,"date":"2024-07-01T11:13:44","date_gmt":"2024-07-01T09:13:44","guid":{"rendered":"https:\/\/heka.totmedia.net\/?page_id=93"},"modified":"2024-07-01T11:13:44","modified_gmt":"2024-07-01T09:13:44","slug":"politica-de-privadesa","status":"publish","type":"page","link":"https:\/\/hekafisioterapia.com\/es\/politica-de-privadesa\/","title":{"rendered":"Pol\u00edtica de Privadesa"},"content":{"rendered":"<p>D&#8217;acord amb la Llei Org\u00e0nica 3\/2018 LOPD-GDD i amb el Reglament Europeu RGPD de Protecci\u00f3 de Dades personals, hem actualitzat la nostra Pol\u00edtica de Privadesa. En aquesta web es respecten i cuiden les dades personals dels usuaris. Com a usuari has de saber que els teus drets estan garantits.<\/p>\n\n\n\n<p>Cal advertir que aquesta Pol\u00edtica de Privadesa podria variar en funci\u00f3 d\u2019exig\u00e8ncies legislatives o d\u2019autoregulaci\u00f3, per la qual cosa s\u2019aconsella als usuaris que la visitin peri\u00f2dicament. \u00c9s aplicable en cas que els usuaris decideixin emplenar algun formulari de qualsevol dels seus formularis de contacte que es demanen dades de car\u00e0cter personal.<\/p>\n\n\n\n<p>Heka Fisioterapia Salut I Moviment S.c.c.l. ha adequat aquest web a les exig\u00e8ncies de la Llei Org\u00e0nica 3\/2018 LOPD-GDD i al Reglament (UE) 2016\/679 del Parlament Europeu i del Consell de 27 d\u2019abril del 2016 relatiu a la protecci\u00f3 de les persones f\u00edsiques RGPD, aix\u00ed com amb la Llei 34\/2002 de 11 de juliol, de Serveis de la Societat de la Informaci\u00f3 i Comer\u00e7 Electr\u00f2nic LSSICE.<\/p>\n\n\n\n<p><strong>Responsable del tractament de les teves dades personals<\/strong><\/p>\n\n\n\n<p>Identitat del Responsable: Heka Fisioterapia Salut I Moviment S.c.c.l.<\/p>\n\n\n\n<p>NIF: F05438676<\/p>\n\n\n\n<p>Correu electr\u00f2nic: <a>info@heka.com<\/a><\/p>\n\n\n\n<p>Web: <a href=\"http:\/\/www.heka.totmedia.net\">www.heka.totmedia.net<\/a><\/p>\n\n\n\n<p>Tel\u00e8fon: +34 622 063 403<\/p>\n\n\n\n<p><strong>Principis que aplicarem a la teva informaci\u00f3<\/strong><\/p>\n\n\n\n<p>En el tractament de les teves dades personals, aplicarem els principis seg\u00fcents que s\u2019ajusten a les exig\u00e8ncies del nou reglament europeu de protecci\u00f3 de dades:<\/p>\n\n\n\n<ul class=\"wp-block-list\">\n<li><strong>Principi de licitud, lleialtat i transpar\u00e8ncia<\/strong>: sempre requerirem el teu consentiment per al tractament de les teves dades personals per a un o diversos fins espec\u00edfics que t\u2019informarem pr\u00e8viament amb absoluta transpar\u00e8ncia.<\/li>\n\n\n\n<li><strong>Principi de minimitzaci\u00f3 de dades<\/strong>: nom\u00e9s sol\u00b7licitarem dades estrictament necess\u00e0ries en relaci\u00f3 amb les finalitats per a les quals les requerim.<\/li>\n\n\n\n<li><strong>Principi de limitaci\u00f3 del termini de conservaci\u00f3<\/strong>: les dades seran mantingudes durant no m\u00e9s temps del necessari per als fins del tractament, en funci\u00f3 de la finalitat, t&#8217;informarem del termini de conservaci\u00f3 corresponent, en el cas de subscripcions, peri\u00f2dicament revisem les nostres llistes i eliminem aquells registres inactius durant un temps considerable.<\/li>\n\n\n\n<li><strong>Principi d\u2019integritat i confidencialitat<\/strong>: les teves dades seran tractades de manera que es garanteixi una seguretat adequada de les dades personals i es garanteixi confidencialitat. Prenem totes les precaucions necess\u00e0ries per evitar l\u2019acc\u00e9s no autoritzat o \u00fas indegut de les dades dels nostres usuaris per part de tercers.<\/li>\n<\/ul>\n\n\n\n<p><strong>Com hem obtingut les dades?<\/strong><\/p>\n\n\n\n<p>Les dades personals que tractem procedeixen de:<\/p>\n\n\n\n<ul class=\"wp-block-list\">\n<li>Formulari de contacte.<\/li>\n\n\n\n<li>Tel\u00e8fon.<\/li>\n\n\n\n<li>Web.<\/li>\n\n\n\n<li>Activitats.<\/li>\n\n\n\n<li>E-mail.<\/li>\n\n\n\n<li>Visites.<\/li>\n<\/ul>\n\n\n\n<p><strong>Quins s\u00f3n els teus drets quan ens facilites les dades?<\/strong><\/p>\n\n\n\n<p>Els interessats tenen dret a:<\/p>\n\n\n\n<ul class=\"wp-block-list\">\n<li>Sol\u00b7licitar l\u2019acc\u00e9s a les dades personals relatives a la persona interessada.<\/li>\n\n\n\n<li>Sol\u00b7licitar-ne la rectificaci\u00f3.<\/li>\n\n\n\n<li>Sol\u00b7licitar la baixa de la nostra base de dades.<\/li>\n\n\n\n<li>Sol\u00b7licitar la limitaci\u00f3 del tractament.<\/li>\n\n\n\n<li>Oposar-se al tractament.<\/li>\n<\/ul>\n\n\n\n<p>Els interessats poden accedir a les seves dades personals, aix\u00ed com a sol\u00b7licitar la rectificaci\u00f3 de les dades inexactes o, si escau, sol\u00b7licitar la seva eliminaci\u00f3 quan, entre altres motius, les dades ja no siguin necess\u00e0ries per als fins que van ser recollides. En determinades circumst\u00e0ncies, els interessats podran sol\u00b7licitar la limitaci\u00f3 del tractament de les vostres dades, en aquest cas \u00fanicament les conservarem per a l\u2019exercici o la defensa de reclamacions. En determinades circumst\u00e0ncies i per motius relacionats amb la seva situaci\u00f3 particular, els interessats podran oposar-se al tractament de les seves dades. Heka Fisioterapia Salut I Moviment S.c.c.l. deixar\u00e0 de tractar les dades, excepte per motius leg\u00edtims imperiosos, o l\u2019exercici o la defensa de possibles reclamacions. Com a interessat, tens dret a rebre les dades personals que t\u2019incumbeixin, que ens hagis facilitat i en un format estructurat, d\u2019\u00fas com\u00fa i lectura mec\u00e0nica, i transmetre\u2019ls a un altre responsable del tractament quan:<\/p>\n\n\n\n<ul class=\"wp-block-list\">\n<li>El tractament estigui basat en el consentiment.<\/li>\n\n\n\n<li>Les dades hagin estat facilitades per l\u2019interessat.<\/li>\n\n\n\n<li>El tractament es fa per mitjans automatitzats.<\/li>\n<\/ul>\n\n\n\n<p>Els interessats tamb\u00e9 tenen dret a la tutela judicial efectiva i a presentar una reclamaci\u00f3 davant l\u2019autoritat de control, en aquest cas, l\u2019Ag\u00e8ncia Espanyola de Protecci\u00f3 de Dades, si consideren que el tractament de dades personals que li concerneixen infringeix el Reglament.<\/p>\n\n\n\n<p><strong>Amb quina finalitat tractem les vostres dades personals?<\/strong><\/p>\n\n\n\n<p>Les vostres dades personals nom\u00e9s s\u2019utilitzaran per a les seg\u00fcents finalitats:<\/p>\n\n\n\n<ul class=\"wp-block-list\">\n<li>Realitzar les gestions comercials i administratives necess\u00e0ries amb els usuaris de la web.<\/li>\n\n\n\n<li>Enviar les comunicacions comercials publicit\u00e0ries per correu electr\u00f2nic, fax, SMS, MMS, comunitats socials o qualsevol altre mitj\u00e0 electr\u00f2nic o f\u00edsic, en cas que l\u2019Usuari hagi consentit expressament l\u2019enviament de comunicacions comercials per via electr\u00f2nica mitjan\u00e7ant la subscripci\u00f3 de la newsletter.<\/li>\n\n\n\n<li>Respondre les consultes i\/o proporcionar informacions requerides per l\u2019Usuari.<\/li>\n\n\n\n<li>Realitzar les prestacions de serveis i\/o productes contractats o subscrits per l\u2019Usuari.<\/li>\n\n\n\n<li>Utilitzar les dades per contactar-nos, tant per via electr\u00f2nica com per electr\u00f2nica, per obtenir la seva opini\u00f3 sobre el servei prestat.<\/li>\n\n\n\n<li>Notificar canvis, desenvolupaments importants de la pol\u00edtica de privadesa, av\u00eds legal o pol\u00edtica de cookies.<\/li>\n<\/ul>\n\n\n\n<p>Les dades de clients i\/o prove\u00efdors seran tractades, dins de la relaci\u00f3 contractual que les vincula amb el responsable, en compliment de les obligacions administratives, fiscals, comptables i laborals que siguin necess\u00e0ries en virtut de la legislaci\u00f3 vigent.<\/p>\n\n\n\n<p>Podeu revocar en qualsevol moment el vostre consentiment remetent un escrit amb l\u2019assumpte \u201cBaixa\u201d a <a>info@heka.com<\/a>.<\/p>\n\n\n\n<p>D\u2019acord amb la LSSICE, Heka Fisioterapia Salut I Moviment S.c.c.l. no fa pr\u00e0ctiques de SPAM, per tant, no envia correus comercials per correu electr\u00f2nic que no hagin estat pr\u00e8viament sol\u00b7licitats o autoritzats per l\u2019Usuari. En conseq\u00fc\u00e8ncia, a totes les comunicacions que rebr\u00e0 de prestador, l\u2019usuari t\u00e9 la possibilitat de cancel\u00b7lar el seu consentiment expr\u00e9s per rebre les nostres comunicacions.<\/p>\n\n\n\n<p>No tractarem les vostres dades personals per a cap altre fi de les descrites excepte per obligaci\u00f3 legal o requeriment judicial.<\/p>\n\n\n\n<p>D\u2019acord amb all\u00f2 establert a la Llei Org\u00e0nica 3\/2018 (LOPD-GDD) i al Reglament General de protecci\u00f3 de dades europeu (RGPD) 2016\/679, Heka Fisioterapia Salut I Moviment S.c.c.l. ser\u00e0 responsable del tractament de les dades corresponents a Usuaris de la web i subscriptors. Heka Fisioterapia Salut I Moviment S.c.c.l. no ven, lloga o cedeix dades de car\u00e0cter personal que puguin identificar l\u2019usuari, ni ho far\u00e0 en el futur, a tercers sense el consentiment previ. Sempre es realitzar\u00e0 amb els est\u00e0ndards de seguretat m\u00e9s estrictes.<\/p>\n\n\n\n<p><strong>Enviar un missatge de correu electr\u00f2nic a efectes de contacte<\/strong><\/p>\n\n\n\n<p>Un cas especial de tractament de dades a Heka Fisioterapia Salut I Moviment S.c.c.l., es refereix als missatges de correu electr\u00f2nic que els usuaris envien per contactar amb la nostra empresa per fer preguntes sobre els nostres productes. Encara que hi ha un formulari de captaci\u00f3 de dades, a efectes de contacte, els usuaris poden tamb\u00e9 enviar missatges de correu electr\u00f2nic. Amb aquesta finalitat, Heka Fisioterapia Salut I Moviment S.c.c.l. utilitza el sistema de correu electr\u00f2nic Gmail (Google). Els missatges dels usuaris amb aquest prop\u00f2sit queden emmagatzemats al compte de Gmail de Heka Fisioterapia Salut I Moviment S.c.c.l. i les dades corresponents (email i nom) sota la pol\u00edtica de privadesa de Google. Les dades emmagatzemades al compte de Gmail ni se cedeixen ni es comparteixen amb ning\u00fa; i pots exercir els teus drets legals, segons s\u2019especifica en aquesta pol\u00edtica de privadesa.<\/p>\n\n\n\n<p><strong>Legitimaci\u00f3 per al tractament de les teves dades<\/strong><\/p>\n\n\n\n<p>La base legal per al tractament de les teves dades \u00e9s el consentiment. Per contactar o fer comentaris en aquesta web es requereix el consentiment amb aquesta pol\u00edtica de privadesa.<\/p>\n\n\n\n<p>L\u2019oferta prospectiva o comercial de productes i serveis est\u00e0 basada en el consentiment que se\u2019t demana, sense que en cap cas la retirada d\u2019aquest consentiment condicioni l\u2019execuci\u00f3 del contracte de subscripci\u00f3.<\/p>\n\n\n\n<p><strong>Categoria de dades<\/strong><\/p>\n\n\n\n<p>Les categories de dades que es tracten s\u00f3n dades identificatives. No es tracten categories de dades especialment protegides.<\/p>\n\n\n\n<p><strong>Quant de temps conservarem les teves dades?<\/strong><\/p>\n\n\n\n<p>Les dades personals proporcionades es conservaran fins que no se sol\u00b7liciti la seva supressi\u00f3 per l\u2019interessat.<\/p>\n\n\n\n<p><strong>A quins destinataris es comunicaran les teves dades?<\/strong><\/p>\n\n\n\n<p>Per prestar serveis estrictament necessaris per al desenvolupament de l\u2019activitat, Heka Fisioterapia Salut I Moviment S.c.c.l., comparteix dades amb els seg\u00fcents prestadors sota les seves corresponents condicions de privadesa.<\/p>\n\n\n\n<ul class=\"wp-block-list\">\n<li><strong>Hosting:<\/strong> <a href=\"http:\/\/www.heka.totmedia.net\">www.heka.totmedia.net<\/a> tracta les dades amb la finalitat de realitzar els seus serveis de hosting a Heka Fisioterapia Salut I Moviment S.c.c.l.<\/li>\n\n\n\n<li><strong>Plataforma web:<\/strong> WordPress.org tracta les dades amb la finalitat de realitzar els seus serveis de suport a Heka Fisioterapia Salut I Moviment S.c.c.l.<\/li>\n\n\n\n<li><strong>Google Analytics:<\/strong> Un servei anal\u00edtic de web prestat per Google, Inc., una companyia de Delaware l\u2019oficina principal de la qual est\u00e0 a 1600 Amphitheatre Parkway, Mountain View (Calif\u00f2rnia), CA 94043, Estats Units. Google Analytics utilitza \u201ccookies\u201d, que s\u00f3n arxius de text ubicats al vostre ordinador, per ajudar <a href=\"http:\/\/www.heka.totmedia.net\">www.heka.totmedia.net<\/a> a analitzar l\u2019\u00fas que fan els usuaris del lloc web. La informaci\u00f3 que genera la cookie sobre el vostre \u00fas de <a href=\"http:\/\/www.heka.totmedia.net\">www.heka.totmedia.net<\/a> (inclosa la vostra adre\u00e7a IP) ser\u00e0 directament transmesa i arxivada per Google als servidors dels Estats Units.<\/li>\n\n\n\n<li><strong>Navegaci\u00f3:<\/strong> Al navegar per <a href=\"http:\/\/www.heka.totmedia.net\">www.heka.totmedia.net<\/a> es poden recollir dades no identificables, que poden incloure adreces IP, ubicaci\u00f3 geogr\u00e0fica (aproximada), un registre de com s\u2019utilitzen els serveis i llocs, i altres dades que no poden ser utilitzades per identificar l\u2019usuari. Entre les dades no identificatives hi ha tamb\u00e9 les relacionades amb els teus h\u00e0bits de navegaci\u00f3 a trav\u00e9s de serveis de tercers. Aquesta web utilitza els seg\u00fcents serveis d\u2019an\u00e0lisi de tercers: Google Analytics.<\/li>\n<\/ul>\n\n\n\n<p><strong>Secret i seguretat de les dades<\/strong><\/p>\n\n\n\n<p><a href=\"http:\/\/www.heka.totmedia.net\">www.heka.totmedia.net<\/a> es compromet en l\u2019\u00fas i tractament de les dades personals incloses dels usuaris, respectant-ne la confidencialitat i utilitzant-les d\u2019acord amb la finalitat de les mateixes, aix\u00ed com a donar compliment a la seva obligaci\u00f3 de guardar-les i adaptar totes les mesures per evitar l\u2019alteraci\u00f3, p\u00e8rdua, tractament o acc\u00e9s no autoritzat (com els protocols Https que utilitzem), d\u2019acord amb all\u00f2 establert en la normativa vigent de protecci\u00f3 de dades.<\/p>\n\n\n\n<p><a href=\"http:\/\/www.heka.totmedia.net\">www.heka.totmedia.net<\/a> no pot garantir l\u2019absoluta inexpugnabilitat de la xarxa d\u2019Internet i per tant la violaci\u00f3 de les dades mitjan\u00e7ant accessos fraudulents a elles per part de tercers.<\/p>\n\n\n\n<p>Pel que fa a la confidencialitat del processament, Heka Fisioterapia Salut I Moviment S.c.c.l. s\u2019assegurar\u00e0 que qualsevol persona que estigui autoritzada per Heka Fisioterapia Salut I Moviment S.c.c.l. per processar les dades del client (incl\u00f2s el seu personal, col\u00b7laboradors i prestadors), estar\u00e0 sota una obligaci\u00f3 adequada de confidencialitat (ja sigui un deure contractual o legal).<\/p>\n\n\n\n<p>Quan es presenti algun incident de seguretat, en adonar-se Heka Fisioterapia Salut I Moviment S.c.c.l., haur\u00e0 de notificar al Client sense demores indegudes i proporcionar informaci\u00f3 oportuna relacionada amb l\u2019Incident de Seguretat tal com es conegui, o quan el Client ho sol\u00b7liciti raonablement.<\/p>\n\n\n\n<p><strong>Exactitud i veracitat de les dades<\/strong><\/p>\n\n\n\n<p>Com a usuari, ets l\u2019\u00fanic responsable de la veracitat i correcci\u00f3 de les dades que remetis a <a href=\"http:\/\/www.heka.totmedia.net\">www.heka.totmedia.net<\/a> exonerant a Heka Fisioterapia Salut I Moviment S.c.c.l. (<a href=\"http:\/\/www.heka.totmedia.net\">www.heka.totmedia.net<\/a>) de qualsevol responsabilitat al respecte. Els usuaris garanteixen i responen, en qualsevol cas, de l\u2019exactitud, vig\u00e8ncia i autenticitat de les dades personals facilitades, i es comprometen a mantenir-les degudament actualitzades. L\u2019usuari accepta proporcionar informaci\u00f3 completa i correcta en el formulari de contacte o subscripci\u00f3.<\/p>\n\n\n\n<p><strong>Acceptaci\u00f3 i consentiment<\/strong><\/p>\n\n\n\n<p>L\u2019usuari declara haver estat informat de les condicions sobre protecci\u00f3 de dades de car\u00e0cter personal, acceptant i consentint el tractament de les mateixes per part de Heka Fisioterapia Salut I Moviment S.c.c.l. (<a href=\"http:\/\/www.heka.totmedia.net\">www.heka.totmedia.net<\/a>) en la forma i per a les finalitats indicades en aquesta pol\u00edtica de privadesa.<\/p>\n\n\n\n<p><strong>Canvis en la pol\u00edtica de privadesa<\/strong><\/p>\n\n\n\n<p>Heka Fisioterapia Salut I Moviment S.c.c.l. es reserva el dret a modificar la present pol\u00edtica per adaptar-la a novetats legislatives o jurisprudencials, aix\u00ed com a pr\u00e0ctiques de la ind\u00fastria. En aquests sup\u00f2sits, el prestador anunciar\u00e0 en aquesta p\u00e0gina els canvis introdu\u00efts amb antelaci\u00f3 raonable a la seva posada en pr\u00e0ctica.<\/p>\n\n\n\n<p><strong>Correus comercials<\/strong><\/p>\n\n\n\n<p>D\u2019acord amb la LSSICE, <a href=\"http:\/\/www.heka.totmedia.net\">www.heka.totmedia.net<\/a> no realitza pr\u00e0ctiques de SPAM, per la qual cosa no envia correus comercials per via electr\u00f2nica que no hagin estat pr\u00e8viament sol\u00b7licitats o autoritzats per l\u2019usuari. En conseq\u00fc\u00e8ncia, en cada un dels formularis de la web, l\u2019usuari t\u00e9 la possibilitat de donar el seu consentiment expr\u00e9s per rebre el butllet\u00ed, amb independ\u00e8ncia de la informaci\u00f3 comercial puntualment sol\u00b7licitada.<\/p>\n\n\n\n<p>Conforme al que disposa la Llei 34\/2002 de Serveis de la Societat de la Informaci\u00f3 i de comer\u00e7 electr\u00f2nic, <a href=\"http:\/\/www.heka.totmedia.net\">www.heka.totmedia.net<\/a> es compromet a no enviar comunicacions de car\u00e0cter comercial sense identificar-les degudament.<\/p>","protected":false},"excerpt":{"rendered":"<p>D&#8217;acord amb la Llei Org\u00e0nica 3\/2018 LOPD-GDD i amb el Reglament Europeu RGPD de Protecci\u00f3 de Dades personals, hem actualitzat la nostra Pol\u00edtica de Privadesa. En aquesta web es respecten i cuiden les dades personals dels usuaris. Com a usuari has de saber que els teus drets estan garantits. Cal advertir que aquesta Pol\u00edtica de [&hellip;]<\/p>","protected":false},"author":1,"featured_media":0,"parent":0,"menu_order":0,"comment_status":"closed","ping_status":"closed","template":"","meta":{"footnotes":""},"class_list":["post-93","page","type-page","status-publish","hentry"],"yoast_head":"<!-- This site is optimized with the Yoast SEO plugin v25.4 - https:\/\/yoast.com\/wordpress\/plugins\/seo\/ -->\n<title>Pol\u00edtica de Privadesa - Heka Fisioter\u00e0pia<\/title>\n<meta name=\"robots\" content=\"index, follow, max-snippet:-1, max-image-preview:large, max-video-preview:-1\" \/>\n<link rel=\"canonical\" href=\"https:\/\/hekafisioterapia.com\/es\/politica-de-privadesa\/\" \/>\n<meta property=\"og:locale\" content=\"es_ES\" \/>\n<meta property=\"og:type\" content=\"article\" \/>\n<meta property=\"og:title\" content=\"Pol\u00edtica de Privadesa - Heka Fisioter\u00e0pia\" \/>\n<meta property=\"og:description\" content=\"D&#8217;acord amb la Llei Org\u00e0nica 3\/2018 LOPD-GDD i amb el Reglament Europeu RGPD de Protecci\u00f3 de Dades personals, hem actualitzat la nostra Pol\u00edtica de Privadesa. En aquesta web es respecten i cuiden les dades personals dels usuaris. Com a usuari has de saber que els teus drets estan garantits. Cal advertir que aquesta Pol\u00edtica de [&hellip;]\" \/>\n<meta property=\"og:url\" content=\"https:\/\/hekafisioterapia.com\/es\/politica-de-privadesa\/\" \/>\n<meta property=\"og:site_name\" content=\"Heka Fisioter\u00e0pia\" \/>\n<meta name=\"twitter:card\" content=\"summary_large_image\" \/>\n<meta name=\"twitter:label1\" content=\"Tiempo de lectura\" \/>\n\t<meta name=\"twitter:data1\" content=\"11 minutos\" \/>\n<script type=\"application\/ld+json\" class=\"yoast-schema-graph\">{\"@context\":\"https:\/\/schema.org\",\"@graph\":[{\"@type\":\"WebPage\",\"@id\":\"https:\/\/hekafisioterapia.com\/politica-de-privadesa\/\",\"url\":\"https:\/\/hekafisioterapia.com\/politica-de-privadesa\/\",\"name\":\"Pol\u00edtica de Privadesa - Heka Fisioter\u00e0pia\",\"isPartOf\":{\"@id\":\"https:\/\/hekafisioterapia.com\/#website\"},\"datePublished\":\"2024-07-01T09:13:44+00:00\",\"breadcrumb\":{\"@id\":\"https:\/\/hekafisioterapia.com\/politica-de-privadesa\/#breadcrumb\"},\"inLanguage\":\"es\",\"potentialAction\":[{\"@type\":\"ReadAction\",\"target\":[\"https:\/\/hekafisioterapia.com\/politica-de-privadesa\/\"]}]},{\"@type\":\"BreadcrumbList\",\"@id\":\"https:\/\/hekafisioterapia.com\/politica-de-privadesa\/#breadcrumb\",\"itemListElement\":[{\"@type\":\"ListItem\",\"position\":1,\"name\":\"Portada\",\"item\":\"https:\/\/hekafisioterapia.com\/\"},{\"@type\":\"ListItem\",\"position\":2,\"name\":\"Pol\u00edtica de Privadesa\"}]},{\"@type\":\"WebSite\",\"@id\":\"https:\/\/hekafisioterapia.com\/#website\",\"url\":\"https:\/\/hekafisioterapia.com\/\",\"name\":\"Heka Fisioter\u00e0pia\",\"description\":\"\",\"publisher\":{\"@id\":\"https:\/\/hekafisioterapia.com\/#organization\"},\"potentialAction\":[{\"@type\":\"SearchAction\",\"target\":{\"@type\":\"EntryPoint\",\"urlTemplate\":\"https:\/\/hekafisioterapia.com\/?s={search_term_string}\"},\"query-input\":{\"@type\":\"PropertyValueSpecification\",\"valueRequired\":true,\"valueName\":\"search_term_string\"}}],\"inLanguage\":\"es\"},{\"@type\":\"Organization\",\"@id\":\"https:\/\/hekafisioterapia.com\/#organization\",\"name\":\"Heka Fisioter\u00e0pia\",\"url\":\"https:\/\/hekafisioterapia.com\/\",\"logo\":{\"@type\":\"ImageObject\",\"inLanguage\":\"es\",\"@id\":\"https:\/\/hekafisioterapia.com\/#\/schema\/logo\/image\/\",\"url\":\"https:\/\/hekafisioterapia.com\/wp-content\/uploads\/2024\/07\/LOGO-DEF_horizontal-862x168x0x0x862x166x1600522261.png\",\"contentUrl\":\"https:\/\/hekafisioterapia.com\/wp-content\/uploads\/2024\/07\/LOGO-DEF_horizontal-862x168x0x0x862x166x1600522261.png\",\"width\":602,\"height\":115,\"caption\":\"Heka Fisioter\u00e0pia\"},\"image\":{\"@id\":\"https:\/\/hekafisioterapia.com\/#\/schema\/logo\/image\/\"},\"sameAs\":[\"https:\/\/www.youtube.com\/@hekafisioterapia\",\"https:\/\/www.instagram.com\/hekafisioterapia\/\"]}]}<\/script>\n<!-- \/ Yoast SEO plugin. -->","yoast_head_json":{"title":"Pol\u00edtica de Privadesa - Heka Fisioter\u00e0pia","robots":{"index":"index","follow":"follow","max-snippet":"max-snippet:-1","max-image-preview":"max-image-preview:large","max-video-preview":"max-video-preview:-1"},"canonical":"https:\/\/hekafisioterapia.com\/es\/politica-de-privadesa\/","og_locale":"es_ES","og_type":"article","og_title":"Pol\u00edtica de Privadesa - Heka Fisioter\u00e0pia","og_description":"D&#8217;acord amb la Llei Org\u00e0nica 3\/2018 LOPD-GDD i amb el Reglament Europeu RGPD de Protecci\u00f3 de Dades personals, hem actualitzat la nostra Pol\u00edtica de Privadesa. En aquesta web es respecten i cuiden les dades personals dels usuaris. Com a usuari has de saber que els teus drets estan garantits. Cal advertir que aquesta Pol\u00edtica de [&hellip;]","og_url":"https:\/\/hekafisioterapia.com\/es\/politica-de-privadesa\/","og_site_name":"Heka Fisioter\u00e0pia","twitter_card":"summary_large_image","twitter_misc":{"Tiempo de lectura":"11 minutos"},"schema":{"@context":"https:\/\/schema.org","@graph":[{"@type":"WebPage","@id":"https:\/\/hekafisioterapia.com\/politica-de-privadesa\/","url":"https:\/\/hekafisioterapia.com\/politica-de-privadesa\/","name":"Pol\u00edtica de Privadesa - Heka Fisioter\u00e0pia","isPartOf":{"@id":"https:\/\/hekafisioterapia.com\/#website"},"datePublished":"2024-07-01T09:13:44+00:00","breadcrumb":{"@id":"https:\/\/hekafisioterapia.com\/politica-de-privadesa\/#breadcrumb"},"inLanguage":"es","potentialAction":[{"@type":"ReadAction","target":["https:\/\/hekafisioterapia.com\/politica-de-privadesa\/"]}]},{"@type":"BreadcrumbList","@id":"https:\/\/hekafisioterapia.com\/politica-de-privadesa\/#breadcrumb","itemListElement":[{"@type":"ListItem","position":1,"name":"Portada","item":"https:\/\/hekafisioterapia.com\/"},{"@type":"ListItem","position":2,"name":"Pol\u00edtica de Privadesa"}]},{"@type":"WebSite","@id":"https:\/\/hekafisioterapia.com\/#website","url":"https:\/\/hekafisioterapia.com\/","name":"Heka Fisioter\u00e0pia","description":"","publisher":{"@id":"https:\/\/hekafisioterapia.com\/#organization"},"potentialAction":[{"@type":"SearchAction","target":{"@type":"EntryPoint","urlTemplate":"https:\/\/hekafisioterapia.com\/?s={search_term_string}"},"query-input":{"@type":"PropertyValueSpecification","valueRequired":true,"valueName":"search_term_string"}}],"inLanguage":"es"},{"@type":"Organization","@id":"https:\/\/hekafisioterapia.com\/#organization","name":"Heka Fisioter\u00e0pia","url":"https:\/\/hekafisioterapia.com\/","logo":{"@type":"ImageObject","inLanguage":"es","@id":"https:\/\/hekafisioterapia.com\/#\/schema\/logo\/image\/","url":"https:\/\/hekafisioterapia.com\/wp-content\/uploads\/2024\/07\/LOGO-DEF_horizontal-862x168x0x0x862x166x1600522261.png","contentUrl":"https:\/\/hekafisioterapia.com\/wp-content\/uploads\/2024\/07\/LOGO-DEF_horizontal-862x168x0x0x862x166x1600522261.png","width":602,"height":115,"caption":"Heka Fisioter\u00e0pia"},"image":{"@id":"https:\/\/hekafisioterapia.com\/#\/schema\/logo\/image\/"},"sameAs":["https:\/\/www.youtube.com\/@hekafisioterapia","https:\/\/www.instagram.com\/hekafisioterapia\/"]}]}},"_links":{"self":[{"href":"https:\/\/hekafisioterapia.com\/es\/wp-json\/wp\/v2\/pages\/93","targetHints":{"allow":["GET"]}}],"collection":[{"href":"https:\/\/hekafisioterapia.com\/es\/wp-json\/wp\/v2\/pages"}],"about":[{"href":"https:\/\/hekafisioterapia.com\/es\/wp-json\/wp\/v2\/types\/page"}],"author":[{"embeddable":true,"href":"https:\/\/hekafisioterapia.com\/es\/wp-json\/wp\/v2\/users\/1"}],"replies":[{"embeddable":true,"href":"https:\/\/hekafisioterapia.com\/es\/wp-json\/wp\/v2\/comments?post=93"}],"version-history":[{"count":1,"href":"https:\/\/hekafisioterapia.com\/es\/wp-json\/wp\/v2\/pages\/93\/revisions"}],"predecessor-version":[{"id":94,"href":"https:\/\/hekafisioterapia.com\/es\/wp-json\/wp\/v2\/pages\/93\/revisions\/94"}],"wp:attachment":[{"href":"https:\/\/hekafisioterapia.com\/es\/wp-json\/wp\/v2\/media?parent=93"}],"curies":[{"name":"wp","href":"https:\/\/api.w.org\/{rel}","templated":true}]}}