{"id":87,"date":"2024-07-01T10:26:14","date_gmt":"2024-07-01T08:26:14","guid":{"rendered":"https:\/\/heka.totmedia.net\/?page_id=87"},"modified":"2025-09-28T18:02:44","modified_gmt":"2025-09-28T16:02:44","slug":"contactar","status":"publish","type":"page","link":"https:\/\/hekafisioterapia.com\/es\/contactar\/","title":{"rendered":"Contactar"},"content":{"rendered":"<div data-elementor-type=\"wp-post\" data-elementor-id=\"87\" class=\"elementor elementor-87\">\n\t\t\t\t\t\t<section class=\"elementor-section elementor-top-section elementor-element elementor-element-0ec6a5b elementor-section-boxed elementor-section-height-default elementor-section-height-default\" data-id=\"0ec6a5b\" data-element_type=\"section\" data-e-type=\"section\">\n\t\t\t\t\t\t<div class=\"elementor-container elementor-column-gap-default\">\n\t\t\t\t\t<div class=\"aux-parallax-section elementor-column elementor-col-100 elementor-top-column elementor-element elementor-element-bb9ed80\" data-id=\"bb9ed80\" data-element_type=\"column\" data-e-type=\"column\" data-settings=\"{&quot;background_background&quot;:&quot;classic&quot;}\">\n\t\t\t<div class=\"elementor-widget-wrap elementor-element-populated\">\n\t\t\t\t\t\t<section class=\"elementor-section elementor-inner-section elementor-element elementor-element-dbeaf9a elementor-section-boxed elementor-section-height-default elementor-section-height-default\" data-id=\"dbeaf9a\" data-element_type=\"section\" data-e-type=\"section\">\n\t\t\t\t\t\t<div class=\"elementor-container elementor-column-gap-default\">\n\t\t\t\t\t<div class=\"aux-parallax-section elementor-column elementor-col-100 elementor-inner-column elementor-element elementor-element-a66c218\" data-id=\"a66c218\" data-element_type=\"column\" data-e-type=\"column\">\n\t\t\t<div class=\"elementor-widget-wrap elementor-element-populated\">\n\t\t\t\t\t\t<div class=\"elementor-element elementor-element-bc69858 aux-appear-watch-animation aux-scale-up elementor-widget elementor-widget-heading\" data-id=\"bc69858\" data-element_type=\"widget\" data-e-type=\"widget\" data-widget_type=\"heading.default\">\n\t\t\t\t<div class=\"elementor-widget-container\">\n\t\t\t\t\t<h2 class=\"elementor-heading-title elementor-size-default\">heka<\/h2>\t\t\t\t<\/div>\n\t\t\t\t<\/div>\n\t\t\t\t<div class=\"elementor-element elementor-element-240b027 aux-appear-watch-animation aux-scale-down-1 elementor-widget elementor-widget-aux_modern_heading\" data-id=\"240b027\" data-element_type=\"widget\" data-e-type=\"widget\" data-widget_type=\"aux_modern_heading.default\">\n\t\t\t\t<div class=\"elementor-widget-container\">\n\t\t\t\t\t<section class=\"aux-widget-modern-heading\">\n            <div class=\"aux-widget-inner\"><h2 class=\"aux-modern-heading-primary\">Contactar<\/h2><\/div>\n        <\/section>\t\t\t\t<\/div>\n\t\t\t\t<\/div>\n\t\t\t\t\t<\/div>\n\t\t<\/div>\n\t\t\t\t\t<\/div>\n\t\t<\/section>\n\t\t\t\t\t<\/div>\n\t\t<\/div>\n\t\t\t\t\t<\/div>\n\t\t<\/section>\n\t\t\t\t<section class=\"elementor-section elementor-top-section elementor-element elementor-element-1379d09 elementor-section-boxed elementor-section-height-default elementor-section-height-default\" data-id=\"1379d09\" data-element_type=\"section\" data-e-type=\"section\">\n\t\t\t\t\t\t<div class=\"elementor-container elementor-column-gap-default\">\n\t\t\t\t\t<div class=\"aux-parallax-section elementor-column elementor-col-50 elementor-top-column elementor-element elementor-element-0128727\" data-id=\"0128727\" data-element_type=\"column\" data-e-type=\"column\" data-settings=\"{&quot;background_background&quot;:&quot;classic&quot;}\">\n\t\t\t<div class=\"elementor-widget-wrap elementor-element-populated\">\n\t\t\t\t\t\t<div class=\"elementor-element elementor-element-9479314 elementor-widget elementor-widget-text-editor\" data-id=\"9479314\" data-element_type=\"widget\" data-e-type=\"widget\" data-widget_type=\"text-editor.default\">\n\t\t\t\t<div class=\"elementor-widget-container\">\n\t\t\t\t\t\t\t\t\t<h2 class=\"aux-modern-heading-primary\">Contacta con nosotros<\/h2><div class=\"aux-modern-heading-divider\">\u00a0<\/div><div class=\"aux-modern-heading-description\"><div class=\"wp-block-jetpack-contact-info\"><div class=\"wp-block-jetpack-email\"><strong>Email:<\/strong> <a href=\"mailto:Info@hekafisioterapia.com\">Info@hekafisioterapia.com<\/a><\/div><div class=\"wp-block-jetpack-phone\"><strong>Tel:<\/strong> 633 23 44 58<\/div><div class=\"wp-block-jetpack-address\"><div class=\"jetpack-address__address jetpack-address__address1\"><strong>Direcci\u00f3n:<\/strong> Carrer Nou, 26, 08461<br \/>Sant Esteve de Palautordera, Barcelona<\/div><div>\u00a0<\/div><div class=\"jetpack-address__address jetpack-address__address1\"><strong>Horario:<\/strong><\/div><div class=\"jetpack-address__address jetpack-address__address1\">Obert de dilluns a divendres<\/div><div>De 8.00h a 21.00h<\/div><\/div><\/div><\/div>\t\t\t\t\t\t\t\t<\/div>\n\t\t\t\t<\/div>\n\t\t\t\t\t<\/div>\n\t\t<\/div>\n\t\t\t\t<div class=\"aux-parallax-section elementor-column elementor-col-50 elementor-top-column elementor-element elementor-element-4894a04\" data-id=\"4894a04\" data-element_type=\"column\" data-e-type=\"column\">\n\t\t\t<div class=\"elementor-widget-wrap elementor-element-populated\">\n\t\t\t\t\t\t<div class=\"elementor-element elementor-element-3346f51 elementor-widget elementor-widget-aux_contact_form\" data-id=\"3346f51\" data-element_type=\"widget\" data-e-type=\"widget\" data-widget_type=\"aux_contact_form.default\">\n\t\t\t\t<div class=\"elementor-widget-container\">\n\t\t\t\t\t<section class=\"widget-container aux-widget-contact-form aux-parent-auc7393cff\">            <div class=\"aux-col-wrapper aux-no-gutter\">\n            <!-- @TODO - The output for element here -->\n\n            <style id=\"wpforms-css-vars-2373\">\n\t\t\t\t#wpforms-2373 {\n\t\t\t\t--wpforms-container-padding: 0px;\n--wpforms-container-border-width: 1px;\n--wpforms-container-border-radius: 3px;\n--wpforms-background-color: rgba(0, 0, 0, 0);\n--wpforms-field-size-input-height: 43px;\n--wpforms-field-size-input-spacing: 15px;\n--wpforms-field-size-font-size: 16px;\n--wpforms-field-size-line-height: 19px;\n--wpforms-field-size-padding-h: 14px;\n--wpforms-field-size-checkbox-size: 16px;\n--wpforms-field-size-sublabel-spacing: 5px;\n--wpforms-field-size-icon-size: 1;\n--wpforms-label-size-font-size: 16px;\n--wpforms-label-size-line-height: 19px;\n--wpforms-label-size-sublabel-font-size: 14px;\n--wpforms-label-size-sublabel-line-height: 17px;\n--wpforms-button-size-font-size: 17px;\n--wpforms-button-size-height: 41px;\n--wpforms-button-size-padding-h: 15px;\n--wpforms-button-size-margin-top: 10px;\n--wpforms-container-shadow-size-box-shadow: none;\n\n\t\t\t}\n\t\t\t<\/style><div class=\"wpforms-container wpforms-container-full wpforms-render-modern\" id=\"wpforms-2373\"><form id=\"wpforms-form-2373\" class=\"wpforms-validate wpforms-form wpforms-ajax-form\" data-formid=\"2373\" method=\"post\" enctype=\"multipart\/form-data\" action=\"\/es\/wp-json\/wp\/v2\/pages\/87\" data-token=\"5d000a97f3b77c7165534fdf5e8331d8\" data-token-time=\"1776316818\" data-trp-original-action=\"\/es\/wp-json\/wp\/v2\/pages\/87\"><noscript class=\"wpforms-error-noscript\">Por favor, activa JavaScript en tu navegador para completar este formulario.<\/noscript><div id=\"wpforms-error-noscript\" style=\"display: none;\">Por favor, activa JavaScript en tu navegador para completar este formulario.<\/div><div class=\"wpforms-field-container\"><div id=\"wpforms-2373-field_1-container\" class=\"wpforms-field wpforms-field-name\" data-field-id=\"1\"><fieldset><legend class=\"wpforms-field-label\">Nombre <span class=\"wpforms-required-label\" aria-hidden=\"true\">*<\/span><\/legend><div class=\"wpforms-field-row wpforms-field-medium\"><div class=\"wpforms-field-row-block wpforms-first wpforms-one-half\"><input type=\"text\" id=\"wpforms-2373-field_1\" class=\"wpforms-field-name-first wpforms-field-required\" name=\"wpforms[fields][1][first]\" aria-errormessage=\"wpforms-2373-field_1-error\" required><label for=\"wpforms-2373-field_1\" class=\"wpforms-field-sublabel after\">Nombre<\/label><\/div><div class=\"wpforms-field-row-block wpforms-one-half\"><input type=\"text\" id=\"wpforms-2373-field_1-last\" class=\"wpforms-field-name-last wpforms-field-required\" name=\"wpforms[fields][1][last]\" aria-errormessage=\"wpforms-2373-field_1-last-error\" required><label for=\"wpforms-2373-field_1-last\" class=\"wpforms-field-sublabel after\">Apellidos<\/label><\/div><\/div><\/fieldset><\/div><div id=\"wpforms-2373-field_2-container\" class=\"wpforms-field wpforms-field-email\" data-field-id=\"2\"><label class=\"wpforms-field-label\" for=\"wpforms-2373-field_2\">Mail <span class=\"wpforms-required-label\" aria-hidden=\"true\">*<\/span><\/label><input type=\"email\" id=\"wpforms-2373-field_2\" class=\"wpforms-field-medium wpforms-field-required\" name=\"wpforms[fields][2]\" spellcheck=\"false\" aria-errormessage=\"wpforms-2373-field_2-error\" required><\/div><div id=\"wpforms-2373-field_3-container\" class=\"wpforms-field wpforms-field-textarea\" data-field-id=\"3\"><label class=\"wpforms-field-label\" for=\"wpforms-2373-field_3\">Asunto<\/label><textarea id=\"wpforms-2373-field_3\" class=\"wpforms-field-medium\" name=\"wpforms[fields][3]\" aria-errormessage=\"wpforms-2373-field_3-error\" ><\/textarea><\/div>\t\t<div id=\"wpforms-2373-field_5-container\"\n\t\t\tclass=\"wpforms-field wpforms-field-text\"\n\t\t\tdata-field-type=\"text\"\n\t\t\tdata-field-id=\"5\"\n\t\t\t>\n\t\t\t<label class=\"wpforms-field-label\" for=\"wpforms-2373-field_5\" >Assumpte Consentiments Nom<\/label>\n\t\t\t<input type=\"text\" id=\"wpforms-2373-field_5\" class=\"wpforms-field-medium\" name=\"wpforms[fields][5]\" >\n\t\t<\/div>\n\t\t<div id=\"wpforms-2373-field_4-container\" class=\"wpforms-field wpforms-field-checkbox\" data-field-id=\"4\"><fieldset><legend class=\"wpforms-field-label\">Consentiments <span class=\"wpforms-required-label\" aria-hidden=\"true\">*<\/span><\/legend><ul id=\"wpforms-2373-field_4\" class=\"wpforms-field-required\"><li class=\"choice-1 depth-1\"><input type=\"checkbox\" id=\"wpforms-2373-field_4_1\" name=\"wpforms[fields][4][]\" value=\"He llegit, ent\u00e8s i accepto la pol\u00edtica de privacitat https:\/\/heka.totmedia.net\/politica-de-privadesa\/ * Informaci\u00f3 b\u00e0sica sobre Protecci\u00f3 de dades (RGPD 2016\/679 i LOPDGDD 3\/2018) Responsable: HEKA FISIOTERAPIA SALUT I MOVIMENT, S.L.P. (en endavant HEKA) Finalitat: Gestionar l\u2019enviament de la informaci\u00f3 sol\u00b7licitada. Legitimaci\u00f3: Consentiment de l\u2019interessat Destinataris: No es cediran dades a tercers excepte per obligaci\u00f3 legal. Drets: Accedir, rectificar i suprimir les seves dades, aix\u00ed com altres drets, que poden exercir tal com s\u2019especifica a la pol\u00edtica de privacitat del nostre lloc web: https:\/\/heka.totmedia.net\/politica-de-privadesa\/\" aria-errormessage=\"wpforms-2373-field_4_1-error\" required><label class=\"wpforms-field-label-inline\" for=\"wpforms-2373-field_4_1\">He llegit, ent\u00e8s i accepto la pol\u00edtica de privacitat https:\/\/heka.totmedia.net\/politica-de-privadesa\/ * Informaci\u00f3 b\u00e0sica sobre Protecci\u00f3 de dades (RGPD 2016\/679 i LOPDGDD 3\/2018) Responsable: HEKA FISIOTERAPIA SALUT I MOVIMENT, S.L.P. (en endavant HEKA) Finalitat: Gestionar l\u2019enviament de la informaci\u00f3 sol\u00b7licitada. Legitimaci\u00f3: Consentiment de l\u2019interessat Destinataris: No es cediran dades a tercers excepte per obligaci\u00f3 legal. Drets: Accedir, rectificar i suprimir les seves dades, aix\u00ed com altres drets, que poden exercir tal com s\u2019especifica a la pol\u00edtica de privacitat del nostre lloc web: https:\/\/heka.totmedia.net\/politica-de-privadesa\/<\/label><\/li><li class=\"choice-2 depth-1\"><input type=\"checkbox\" id=\"wpforms-2373-field_4_2\" name=\"wpforms[fields][4][]\" value=\"Dono el meu consentiment per rebre comunicacions comercials posteriors per correu electr\u00f2nic i altres mitjans de comunicaci\u00f3 ofim\u00e0tics, tal com estableix la Llei LSSI\/CE 34\/2002. Si posteriorment no desitja continuar rebent les nostres comunicacions comercials vost\u00e8 podr\u00e0 revocar el consentiment enviant un e-mail a info@hekafisioterapia.com amb la paraula BAIXA.\" aria-errormessage=\"wpforms-2373-field_4_2-error\" required><label class=\"wpforms-field-label-inline\" for=\"wpforms-2373-field_4_2\">Dono el meu consentiment per rebre comunicacions comercials posteriors per correu electr\u00f2nic i altres mitjans de comunicaci\u00f3 ofim\u00e0tics, tal com estableix la Llei LSSI\/CE 34\/2002. Si posteriorment no desitja continuar rebent les nostres comunicacions comercials vost\u00e8 podr\u00e0 revocar el consentiment enviant un e-mail a info@hekafisioterapia.com amb la paraula BAIXA.<\/label><\/li><\/ul><\/fieldset><\/div><script>\n\t\t\t\t( function() {\n\t\t\t\t\tconst style = document.createElement( 'style' );\n\t\t\t\t\tstyle.appendChild( document.createTextNode( '#wpforms-2373-field_5-container { position: absolute !important; overflow: hidden !important; display: inline !important; height: 1px !important; width: 1px !important; z-index: -1000 !important; padding: 0 !important; } #wpforms-2373-field_5-container input { visibility: hidden; } #wpforms-conversational-form-page #wpforms-2373-field_5-container label { counter-increment: none; }' ) );\n\t\t\t\t\tdocument.head.appendChild( style );\n\t\t\t\t\tdocument.currentScript?.remove();\n\t\t\t\t} )();\n\t\t\t<\/script><\/div><!-- .wpforms-field-container --><div class=\"wpforms-recaptcha-container wpforms-is-recaptcha wpforms-is-recaptcha-type-v3\" ><input type=\"hidden\" name=\"wpforms[recaptcha]\" value=\"\"><\/div><div class=\"wpforms-submit-container\" ><input type=\"hidden\" name=\"wpforms[id]\" value=\"2373\"><input type=\"hidden\" name=\"page_title\" value=\"\"><input type=\"hidden\" name=\"page_url\" value=\"https:\/\/hekafisioterapia.com\/es\/wp-json\/wp\/v2\/pages\/87\"><input type=\"hidden\" name=\"url_referer\" value=\"\"><button type=\"submit\" name=\"wpforms[submit]\" id=\"wpforms-submit-2373\" class=\"wpforms-submit\" data-alt-text=\"Enviando...\" data-submit-text=\"Enviar\" aria-live=\"assertive\" value=\"wpforms-submit\">Enviar<\/button><img decoding=\"async\" src=\"https:\/\/hekafisioterapia.com\/wp-content\/plugins\/wpforms-lite\/assets\/images\/submit-spin.svg\" class=\"wpforms-submit-spinner\" style=\"display: none;\" width=\"26\" height=\"26\" alt=\"Cargando\"><\/div><input type=\"hidden\" name=\"trp-form-language\" value=\"es\"\/><\/form><\/div>  <!-- .wpforms-container -->\n\n            <\/div><!-- aux-col-wrapper -->\n    <\/section><!-- widget-container -->\t\t\t\t<\/div>\n\t\t\t\t<\/div>\n\t\t\t\t\t<\/div>\n\t\t<\/div>\n\t\t\t\t\t<\/div>\n\t\t<\/section>\n\t\t\t\t<section class=\"elementor-section elementor-top-section elementor-element elementor-element-d263362 elementor-section-boxed elementor-section-height-default elementor-section-height-default\" data-id=\"d263362\" data-element_type=\"section\" data-e-type=\"section\">\n\t\t\t\t\t\t<div class=\"elementor-container elementor-column-gap-default\">\n\t\t\t\t\t<div class=\"aux-parallax-section elementor-column elementor-col-100 elementor-top-column elementor-element elementor-element-7361fe5\" data-id=\"7361fe5\" data-element_type=\"column\" data-e-type=\"column\">\n\t\t\t<div class=\"elementor-widget-wrap elementor-element-populated\">\n\t\t\t\t\t\t<div class=\"elementor-element elementor-element-0e897fd elementor-widget elementor-widget-google_maps\" data-id=\"0e897fd\" data-element_type=\"widget\" data-e-type=\"widget\" data-widget_type=\"google_maps.default\">\n\t\t\t\t<div class=\"elementor-widget-container\">\n\t\t\t\t\t\t\t<div class=\"elementor-custom-embed\">\n\t\t\t<iframe loading=\"lazy\"\n\t\t\t\t\tsrc=\"https:\/\/maps.google.com\/maps?q=Carrer%20Nou%2C%2026%2C%2008461%20Sant%20Esteve%20de%20Palautordera%2C%20Barcelona&#038;t=m&#038;z=15&#038;output=embed&#038;iwloc=near\"\n\t\t\t\t\ttitle=\"Carrer Nou, 26, 08461 Sant Esteve de Palautordera, Barcelona\"\n\t\t\t\t\taria-label=\"Carrer Nou, 26, 08461 Sant Esteve de Palautordera, Barcelona\"\n\t\t\t><\/iframe>\n\t\t<\/div>\n\t\t\t\t\t\t<\/div>\n\t\t\t\t<\/div>\n\t\t\t\t\t<\/div>\n\t\t<\/div>\n\t\t\t\t\t<\/div>\n\t\t<\/section>\n\t\t\t\t<\/div>","protected":false},"excerpt":{"rendered":"<p>heka Contactar Contacta amb nosaltres \u00a0Email: Info@hekafisioterapia.comTel: 633 23 44 58Direcci\u00f3: Carrer Nou, 26, 08461Sant Esteve de Palautordera, Barcelona\u00a0Horari:Obert de dilluns a divendresDe 8.00h a 21.00h Por favor, activa JavaScript en tu navegador para completar este formulario.Por favor, activa JavaScript en tu navegador para completar este formulario. Nom * NombreApellidos Mail *Assumpte Consentiments * He [&hellip;]<\/p>","protected":false},"author":1,"featured_media":0,"parent":0,"menu_order":0,"comment_status":"closed","ping_status":"closed","template":"","meta":{"footnotes":""},"class_list":["post-87","page","type-page","status-publish","hentry"],"yoast_head":"<!-- This site is optimized with the Yoast SEO plugin v25.4 - https:\/\/yoast.com\/wordpress\/plugins\/seo\/ -->\n<title>Contactar - Heka Fisioter\u00e0pia<\/title>\n<meta name=\"robots\" content=\"index, follow, max-snippet:-1, max-image-preview:large, max-video-preview:-1\" \/>\n<link rel=\"canonical\" href=\"https:\/\/hekafisioterapia.com\/es\/contactar\/\" \/>\n<meta property=\"og:locale\" content=\"es_ES\" \/>\n<meta property=\"og:type\" content=\"article\" \/>\n<meta property=\"og:title\" content=\"Contactar - Heka Fisioter\u00e0pia\" \/>\n<meta property=\"og:description\" content=\"heka Contactar Contacta amb nosaltres \u00a0Email: Info@hekafisioterapia.comTel: 633 23 44 58Direcci\u00f3: Carrer Nou, 26, 08461Sant Esteve de Palautordera, Barcelona\u00a0Horari:Obert de dilluns a divendresDe 8.00h a 21.00h Por favor, activa JavaScript en tu navegador para completar este formulario.Por favor, activa JavaScript en tu navegador para completar este formulario. Nom * NombreApellidos Mail *Assumpte Consentiments * He [&hellip;]\" \/>\n<meta property=\"og:url\" content=\"https:\/\/hekafisioterapia.com\/es\/contactar\/\" \/>\n<meta property=\"og:site_name\" content=\"Heka Fisioter\u00e0pia\" \/>\n<meta property=\"article:modified_time\" content=\"2025-09-28T16:02:44+00:00\" \/>\n<meta property=\"og:image\" content=\"https:\/\/hekafisioterapia.com\/wp-content\/plugins\/wpforms-lite\/assets\/images\/submit-spin.svg\" \/>\n<meta name=\"twitter:card\" content=\"summary_large_image\" \/>\n<meta name=\"twitter:label1\" content=\"Tiempo de lectura\" \/>\n\t<meta name=\"twitter:data1\" content=\"1 minuto\" \/>\n<script type=\"application\/ld+json\" class=\"yoast-schema-graph\">{\"@context\":\"https:\/\/schema.org\",\"@graph\":[{\"@type\":\"WebPage\",\"@id\":\"https:\/\/hekafisioterapia.com\/contactar\/\",\"url\":\"https:\/\/hekafisioterapia.com\/contactar\/\",\"name\":\"Contactar - Heka Fisioter\u00e0pia\",\"isPartOf\":{\"@id\":\"https:\/\/hekafisioterapia.com\/#website\"},\"primaryImageOfPage\":{\"@id\":\"https:\/\/hekafisioterapia.com\/contactar\/#primaryimage\"},\"image\":{\"@id\":\"https:\/\/hekafisioterapia.com\/contactar\/#primaryimage\"},\"thumbnailUrl\":\"https:\/\/hekafisioterapia.com\/wp-content\/plugins\/wpforms-lite\/assets\/images\/submit-spin.svg\",\"datePublished\":\"2024-07-01T08:26:14+00:00\",\"dateModified\":\"2025-09-28T16:02:44+00:00\",\"breadcrumb\":{\"@id\":\"https:\/\/hekafisioterapia.com\/contactar\/#breadcrumb\"},\"inLanguage\":\"es\",\"potentialAction\":[{\"@type\":\"ReadAction\",\"target\":[\"https:\/\/hekafisioterapia.com\/contactar\/\"]}]},{\"@type\":\"ImageObject\",\"inLanguage\":\"es\",\"@id\":\"https:\/\/hekafisioterapia.com\/contactar\/#primaryimage\",\"url\":\"https:\/\/hekafisioterapia.com\/wp-content\/plugins\/wpforms-lite\/assets\/images\/submit-spin.svg\",\"contentUrl\":\"https:\/\/hekafisioterapia.com\/wp-content\/plugins\/wpforms-lite\/assets\/images\/submit-spin.svg\"},{\"@type\":\"BreadcrumbList\",\"@id\":\"https:\/\/hekafisioterapia.com\/contactar\/#breadcrumb\",\"itemListElement\":[{\"@type\":\"ListItem\",\"position\":1,\"name\":\"Portada\",\"item\":\"https:\/\/hekafisioterapia.com\/\"},{\"@type\":\"ListItem\",\"position\":2,\"name\":\"Contactar\"}]},{\"@type\":\"WebSite\",\"@id\":\"https:\/\/hekafisioterapia.com\/#website\",\"url\":\"https:\/\/hekafisioterapia.com\/\",\"name\":\"Heka Fisioter\u00e0pia\",\"description\":\"\",\"publisher\":{\"@id\":\"https:\/\/hekafisioterapia.com\/#organization\"},\"potentialAction\":[{\"@type\":\"SearchAction\",\"target\":{\"@type\":\"EntryPoint\",\"urlTemplate\":\"https:\/\/hekafisioterapia.com\/?s={search_term_string}\"},\"query-input\":{\"@type\":\"PropertyValueSpecification\",\"valueRequired\":true,\"valueName\":\"search_term_string\"}}],\"inLanguage\":\"es\"},{\"@type\":\"Organization\",\"@id\":\"https:\/\/hekafisioterapia.com\/#organization\",\"name\":\"Heka Fisioter\u00e0pia\",\"url\":\"https:\/\/hekafisioterapia.com\/\",\"logo\":{\"@type\":\"ImageObject\",\"inLanguage\":\"es\",\"@id\":\"https:\/\/hekafisioterapia.com\/#\/schema\/logo\/image\/\",\"url\":\"https:\/\/hekafisioterapia.com\/wp-content\/uploads\/2024\/07\/LOGO-DEF_horizontal-862x168x0x0x862x166x1600522261.png\",\"contentUrl\":\"https:\/\/hekafisioterapia.com\/wp-content\/uploads\/2024\/07\/LOGO-DEF_horizontal-862x168x0x0x862x166x1600522261.png\",\"width\":602,\"height\":115,\"caption\":\"Heka Fisioter\u00e0pia\"},\"image\":{\"@id\":\"https:\/\/hekafisioterapia.com\/#\/schema\/logo\/image\/\"},\"sameAs\":[\"https:\/\/www.youtube.com\/@hekafisioterapia\",\"https:\/\/www.instagram.com\/hekafisioterapia\/\"]}]}<\/script>\n<!-- \/ Yoast SEO plugin. -->","yoast_head_json":{"title":"Contactar - Heka Fisioter\u00e0pia","robots":{"index":"index","follow":"follow","max-snippet":"max-snippet:-1","max-image-preview":"max-image-preview:large","max-video-preview":"max-video-preview:-1"},"canonical":"https:\/\/hekafisioterapia.com\/es\/contactar\/","og_locale":"es_ES","og_type":"article","og_title":"Contactar - Heka Fisioter\u00e0pia","og_description":"heka Contactar Contacta amb nosaltres \u00a0Email: Info@hekafisioterapia.comTel: 633 23 44 58Direcci\u00f3: Carrer Nou, 26, 08461Sant Esteve de Palautordera, Barcelona\u00a0Horari:Obert de dilluns a divendresDe 8.00h a 21.00h Por favor, activa JavaScript en tu navegador para completar este formulario.Por favor, activa JavaScript en tu navegador para completar este formulario. Nom * NombreApellidos Mail *Assumpte Consentiments * He [&hellip;]","og_url":"https:\/\/hekafisioterapia.com\/es\/contactar\/","og_site_name":"Heka Fisioter\u00e0pia","article_modified_time":"2025-09-28T16:02:44+00:00","og_image":[{"url":"https:\/\/hekafisioterapia.com\/wp-content\/plugins\/wpforms-lite\/assets\/images\/submit-spin.svg","type":"","width":"","height":""}],"twitter_card":"summary_large_image","twitter_misc":{"Tiempo de lectura":"1 minuto"},"schema":{"@context":"https:\/\/schema.org","@graph":[{"@type":"WebPage","@id":"https:\/\/hekafisioterapia.com\/contactar\/","url":"https:\/\/hekafisioterapia.com\/contactar\/","name":"Contactar - Heka Fisioter\u00e0pia","isPartOf":{"@id":"https:\/\/hekafisioterapia.com\/#website"},"primaryImageOfPage":{"@id":"https:\/\/hekafisioterapia.com\/contactar\/#primaryimage"},"image":{"@id":"https:\/\/hekafisioterapia.com\/contactar\/#primaryimage"},"thumbnailUrl":"https:\/\/hekafisioterapia.com\/wp-content\/plugins\/wpforms-lite\/assets\/images\/submit-spin.svg","datePublished":"2024-07-01T08:26:14+00:00","dateModified":"2025-09-28T16:02:44+00:00","breadcrumb":{"@id":"https:\/\/hekafisioterapia.com\/contactar\/#breadcrumb"},"inLanguage":"es","potentialAction":[{"@type":"ReadAction","target":["https:\/\/hekafisioterapia.com\/contactar\/"]}]},{"@type":"ImageObject","inLanguage":"es","@id":"https:\/\/hekafisioterapia.com\/contactar\/#primaryimage","url":"https:\/\/hekafisioterapia.com\/wp-content\/plugins\/wpforms-lite\/assets\/images\/submit-spin.svg","contentUrl":"https:\/\/hekafisioterapia.com\/wp-content\/plugins\/wpforms-lite\/assets\/images\/submit-spin.svg"},{"@type":"BreadcrumbList","@id":"https:\/\/hekafisioterapia.com\/contactar\/#breadcrumb","itemListElement":[{"@type":"ListItem","position":1,"name":"Portada","item":"https:\/\/hekafisioterapia.com\/"},{"@type":"ListItem","position":2,"name":"Contactar"}]},{"@type":"WebSite","@id":"https:\/\/hekafisioterapia.com\/#website","url":"https:\/\/hekafisioterapia.com\/","name":"Heka Fisioter\u00e0pia","description":"","publisher":{"@id":"https:\/\/hekafisioterapia.com\/#organization"},"potentialAction":[{"@type":"SearchAction","target":{"@type":"EntryPoint","urlTemplate":"https:\/\/hekafisioterapia.com\/?s={search_term_string}"},"query-input":{"@type":"PropertyValueSpecification","valueRequired":true,"valueName":"search_term_string"}}],"inLanguage":"es"},{"@type":"Organization","@id":"https:\/\/hekafisioterapia.com\/#organization","name":"Heka Fisioter\u00e0pia","url":"https:\/\/hekafisioterapia.com\/","logo":{"@type":"ImageObject","inLanguage":"es","@id":"https:\/\/hekafisioterapia.com\/#\/schema\/logo\/image\/","url":"https:\/\/hekafisioterapia.com\/wp-content\/uploads\/2024\/07\/LOGO-DEF_horizontal-862x168x0x0x862x166x1600522261.png","contentUrl":"https:\/\/hekafisioterapia.com\/wp-content\/uploads\/2024\/07\/LOGO-DEF_horizontal-862x168x0x0x862x166x1600522261.png","width":602,"height":115,"caption":"Heka Fisioter\u00e0pia"},"image":{"@id":"https:\/\/hekafisioterapia.com\/#\/schema\/logo\/image\/"},"sameAs":["https:\/\/www.youtube.com\/@hekafisioterapia","https:\/\/www.instagram.com\/hekafisioterapia\/"]}]}},"_links":{"self":[{"href":"https:\/\/hekafisioterapia.com\/es\/wp-json\/wp\/v2\/pages\/87","targetHints":{"allow":["GET"]}}],"collection":[{"href":"https:\/\/hekafisioterapia.com\/es\/wp-json\/wp\/v2\/pages"}],"about":[{"href":"https:\/\/hekafisioterapia.com\/es\/wp-json\/wp\/v2\/types\/page"}],"author":[{"embeddable":true,"href":"https:\/\/hekafisioterapia.com\/es\/wp-json\/wp\/v2\/users\/1"}],"replies":[{"embeddable":true,"href":"https:\/\/hekafisioterapia.com\/es\/wp-json\/wp\/v2\/comments?post=87"}],"version-history":[{"count":82,"href":"https:\/\/hekafisioterapia.com\/es\/wp-json\/wp\/v2\/pages\/87\/revisions"}],"predecessor-version":[{"id":2387,"href":"https:\/\/hekafisioterapia.com\/es\/wp-json\/wp\/v2\/pages\/87\/revisions\/2387"}],"wp:attachment":[{"href":"https:\/\/hekafisioterapia.com\/es\/wp-json\/wp\/v2\/media?parent=87"}],"curies":[{"name":"wp","href":"https:\/\/api.w.org\/{rel}","templated":true}]}}