{"id":636,"date":"2024-07-09T11:01:12","date_gmt":"2024-07-09T09:01:12","guid":{"rendered":"https:\/\/heka.totmedia.net\/?page_id=636"},"modified":"2024-07-09T11:01:13","modified_gmt":"2024-07-09T09:01:13","slug":"alteracions-inmunitaries-2","status":"publish","type":"page","link":"https:\/\/hekafisioterapia.com\/es\/alteracions-inmunitaries-2\/","title":{"rendered":"Alteracions Inmunitaries"},"content":{"rendered":"<div data-elementor-type=\"wp-post\" data-elementor-id=\"636\" class=\"elementor elementor-636\">\n\t\t\t\t\t\t<section class=\"elementor-section elementor-top-section elementor-element elementor-element-1beb841 elementor-section-content-middle elementor-section-height-min-height elementor-section-boxed elementor-section-height-default elementor-section-items-middle\" data-id=\"1beb841\" data-element_type=\"section\" data-e-type=\"section\" data-settings=\"{&quot;background_background&quot;:&quot;gradient&quot;}\">\n\t\t\t\t\t\t<div class=\"elementor-container elementor-column-gap-default\">\n\t\t\t\t\t<div class=\"aux-parallax-section elementor-column elementor-col-100 elementor-top-column elementor-element elementor-element-3c6ed53\" data-id=\"3c6ed53\" data-element_type=\"column\" data-e-type=\"column\">\n\t\t\t<div class=\"elementor-widget-wrap elementor-element-populated\">\n\t\t\t\t\t\t<section class=\"elementor-section elementor-inner-section elementor-element elementor-element-2edb3a1 elementor-section-content-middle elementor-section-boxed elementor-section-height-default elementor-section-height-default\" data-id=\"2edb3a1\" data-element_type=\"section\" data-e-type=\"section\">\n\t\t\t\t\t\t<div class=\"elementor-container elementor-column-gap-default\">\n\t\t\t\t\t<div class=\"aux-parallax-section elementor-column elementor-col-100 elementor-inner-column elementor-element elementor-element-aa68696\" data-id=\"aa68696\" data-element_type=\"column\" data-e-type=\"column\">\n\t\t\t<div class=\"elementor-widget-wrap elementor-element-populated\">\n\t\t\t\t\t\t<div class=\"aux-parallax-piece elementor-element elementor-element-1fbd594 aux-appear-watch-animation aux-fade-in elementor-widget elementor-widget-aux_image\" data-parallax-origin=\"middle\" data-parallax-depth=\"-0.1\" data-parallax-off=\"1024\" data-id=\"1fbd594\" data-element_type=\"widget\" data-e-type=\"widget\" data-widget_type=\"aux_image.default\">\n\t\t\t\t<div class=\"elementor-widget-container\">\n\t\t\t\t\t<section class=\"widget-container aux-widget-image aux-alignnone aux-parent-auacecdb34\">\n    <div class=\"aux-media-hint-frame\">\n        <div class=\"aux-media-image\" >\n        \n            \n\n            \n                        \n                <\/div>\n    <\/div>\n\n<\/section><!-- widget-container -->\t\t\t\t<\/div>\n\t\t\t\t<\/div>\n\t\t\t\t<div class=\"aux-parallax-piece elementor-element elementor-element-18fb686 aux-appear-watch-animation aux-fade-in elementor-widget elementor-widget-aux_image\" data-parallax-origin=\"middle\" data-parallax-depth=\"0.15\" data-parallax-off=\"1024\" data-id=\"18fb686\" data-element_type=\"widget\" data-e-type=\"widget\" data-widget_type=\"aux_image.default\">\n\t\t\t\t<div class=\"elementor-widget-container\">\n\t\t\t\t\t<section class=\"widget-container aux-widget-image aux-alignnone aux-parent-aua0749e4e\">\n    <div class=\"aux-media-hint-frame\">\n        <div class=\"aux-media-image\" >\n        \n            \n\n            \n                        \n                <\/div>\n    <\/div>\n\n<\/section><!-- widget-container -->\t\t\t\t<\/div>\n\t\t\t\t<\/div>\n\t\t\t\t<div class=\"elementor-element elementor-element-a4f505c aux-appear-watch-animation aux-fade-in-left-1 elementor-widget elementor-widget-aux_modern_heading\" data-id=\"a4f505c\" data-element_type=\"widget\" data-e-type=\"widget\" data-widget_type=\"aux_modern_heading.default\">\n\t\t\t\t<div class=\"elementor-widget-container\">\n\t\t\t\t\t<section class=\"aux-widget-modern-heading\">\n            <div class=\"aux-widget-inner\"><h2 class=\"aux-modern-heading-primary\">heka<\/h2><\/div>\n        <\/section>\t\t\t\t<\/div>\n\t\t\t\t<\/div>\n\t\t\t\t<div class=\"elementor-element elementor-element-71e6243 aux-appear-watch-animation aux-fade-in-right-1 elementor-widget elementor-widget-aux_image\" data-id=\"71e6243\" data-element_type=\"widget\" data-e-type=\"widget\" data-widget_type=\"aux_image.default\">\n\t\t\t\t<div class=\"elementor-widget-container\">\n\t\t\t\t\t<section class=\"widget-container aux-widget-image aux-alignnone aux-parent-auc98da705\">\n    <div class=\"aux-media-hint-frame\">\n        <div class=\"aux-media-image\" >\n        \n            \n\n            \n            <img fetchpriority=\"high\" decoding=\"async\" width=\"916\" height=\"783\" src=\"https:\/\/hekafisioterapia.com\/wp-content\/uploads\/2024\/07\/dolor_pelvia.png\" class=\"aux-attachment aux-featured-image aux-attachment-id-457\" alt=\"dolor_pelvia\" data-ratio=\"1.17\" data-original-w=\"916\" \/>            \n                <\/div>\n    <\/div>\n\n<\/section><!-- widget-container -->\t\t\t\t<\/div>\n\t\t\t\t<\/div>\n\t\t\t\t<div class=\"elementor-element elementor-element-37e4849 aux-appear-watch-animation aux-fade-in-right-1 elementor-widget elementor-widget-text-editor\" data-id=\"37e4849\" data-element_type=\"widget\" data-e-type=\"widget\" data-widget_type=\"text-editor.default\">\n\t\t\t\t<div class=\"elementor-widget-container\">\n\t\t\t\t\t\t\t\t\t<p>DOLOR PELVICO<\/p>\t\t\t\t\t\t\t\t<\/div>\n\t\t\t\t<\/div>\n\t\t\t\t\t<\/div>\n\t\t<\/div>\n\t\t\t\t\t<\/div>\n\t\t<\/section>\n\t\t\t\t\t<\/div>\n\t\t<\/div>\n\t\t\t\t\t<\/div>\n\t\t<\/section>\n\t\t\t\t<section class=\"elementor-section elementor-top-section elementor-element elementor-element-6e559fb elementor-section-full_width elementor-section-content-middle elementor-reverse-tablet elementor-reverse-mobile elementor-section-height-default elementor-section-height-default\" data-id=\"6e559fb\" data-element_type=\"section\" data-e-type=\"section\" id=\"About\" data-settings=\"{&quot;background_background&quot;:&quot;gradient&quot;}\">\n\t\t\t\t\t\t<div class=\"elementor-container elementor-column-gap-no\">\n\t\t\t\t\t<div class=\"aux-parallax-section elementor-column elementor-col-50 elementor-top-column elementor-element elementor-element-ce0d6a1\" data-id=\"ce0d6a1\" data-element_type=\"column\" data-e-type=\"column\" data-settings=\"{&quot;background_background&quot;:&quot;classic&quot;}\">\n\t\t\t<div class=\"elementor-widget-wrap elementor-element-populated\">\n\t\t\t\t\t\t<section class=\"elementor-section elementor-inner-section elementor-element elementor-element-1ba1216 elementor-section-boxed elementor-section-height-default elementor-section-height-default\" data-id=\"1ba1216\" data-element_type=\"section\" data-e-type=\"section\">\n\t\t\t\t\t\t<div class=\"elementor-container elementor-column-gap-default\">\n\t\t\t\t\t<div class=\"aux-parallax-section elementor-column elementor-col-100 elementor-inner-column elementor-element elementor-element-dc8a155\" data-id=\"dc8a155\" data-element_type=\"column\" data-e-type=\"column\">\n\t\t\t<div class=\"elementor-widget-wrap elementor-element-populated\">\n\t\t\t\t\t\t<div class=\"elementor-element elementor-element-46d9be0 aux-appear-watch-animation aux-fade-in-up elementor-widget elementor-widget-aux_modern_heading\" data-id=\"46d9be0\" data-element_type=\"widget\" data-e-type=\"widget\" data-widget_type=\"aux_modern_heading.default\">\n\t\t\t\t<div class=\"elementor-widget-container\">\n\t\t\t\t\t<section class=\"aux-widget-modern-heading\">\n            <div class=\"aux-widget-inner\"><h2 class=\"aux-modern-heading-primary\">Dolor p\u00e9lvico<\/h2><h3 class=\"aux-modern-heading-secondary\"><span class=\"aux-head-before\"> El dolor pelvi\u00e0 \u00e9s una entitat cl\u00ednica a vegades dif\u00edcil de diagnosticar i tractar, ja que engloba s\u00edmptomes molt variats i amb desencadenants molt diferents. <\/span><\/h3><div class=\"aux-modern-heading-divider\"><\/div><\/div>\n        <\/section>\t\t\t\t<\/div>\n\t\t\t\t<\/div>\n\t\t\t\t<div class=\"elementor-element elementor-element-2872805 elementor-widget elementor-widget-text-editor\" data-id=\"2872805\" data-element_type=\"widget\" data-e-type=\"widget\" data-widget_type=\"text-editor.default\">\n\t\t\t\t<div class=\"elementor-widget-container\">\n\t\t\t\t\t\t\t\t\t<p class=\"brz-mt-lg-0 brz-ff-blinker brz-ft-google brz-fs-lg-16 brz-fss-lg-px brz-fw-lg-400 brz-ls-lg-0 brz-lh-lg-1_8 brz-tp-lg-empty brz-text-lg-justify brz-css-aaUhO\" data-uniq-id=\"hsckj\" data-generated-css=\"brz-css-rgsog\">A vegades pot apar\u00e8ixer despr\u00e9s del part, en altres ocasions pot estar relacionat amb infeccions urin\u00e0ries o vaginals, amb l&#8217;entrada en la menopausa o despr\u00e9s d&#8217;intervencions quir\u00fargiques.<\/p><p class=\"brz-ff-blinker brz-ft-google brz-fs-lg-16 brz-fss-lg-px brz-fw-lg-400 brz-ls-lg-0 brz-lh-lg-1_8 brz-tp-lg-empty brz-text-lg-justify brz-mt-lg-6 brz-css-pWcse\" data-uniq-id=\"dwbhk\" data-generated-css=\"brz-css-hunib\">Pot afectar el sistema urol\u00f2gic, com per exemple en el cas d&#8217;una cistitis intersticial o una s\u00edndrome de bufeta dolorosa, una s\u00edndrome prost\u00e0tica, una s\u00edndrome uretral\u2026<\/p><p class=\"brz-ff-blinker brz-ft-google brz-fs-lg-16 brz-fss-lg-px brz-fw-lg-400 brz-ls-lg-0 brz-lh-lg-1_8 brz-tp-lg-empty brz-text-lg-justify brz-mt-lg-6 brz-css-pWcse\" data-uniq-id=\"dwbhk\" data-generated-css=\"brz-css-hunib\">Tamb\u00e9 pot afectar el sistema reproductor produint dolor en \u00f2rgans genitals com en la vulvodinia, la vestibulodinia, la dispareunia, el dolor causat pel cicle menstrual\u2026<\/p><p class=\"brz-ff-blinker brz-ft-google brz-fs-lg-16 brz-fss-lg-px brz-fw-lg-400 brz-ls-lg-0 brz-lh-lg-1_8 brz-tp-lg-empty brz-text-lg-justify brz-css-h9UW8\" data-uniq-id=\"bnoiw\" data-generated-css=\"brz-css-redsw\">El sistema digestiu tamb\u00e9 es pot veure implicat com en el cas de la s\u00edndrome d&#8217;intest\u00ed irritable, la colitis, la proctitis, l\u2019estrenyiment distal, les morenes\u2026<\/p><p class=\"brz-ff-blinker brz-ft-google brz-fs-lg-16 brz-fss-lg-px brz-fw-lg-400 brz-ls-lg-0 brz-lh-lg-1_8 brz-tp-lg-empty brz-text-lg-justify brz-css-rig1D\" data-uniq-id=\"uljwo\" data-generated-css=\"brz-css-iwqzn\">Tamb\u00e9 pot tenir m\u00e9s relaci\u00f3 amb el sistema musculo-esquel\u00e8tic com en el cas de la s\u00edndrome de dolor miofascial de la musculatura del s\u00f2l pelvi\u00e0, una coccigodinia, una neur\u00e0lgia del pudend\u2026<\/p><p class=\"brz-ff-blinker brz-ft-google brz-fs-lg-16 brz-fss-lg-px brz-fw-lg-400 brz-ls-lg-0 brz-lh-lg-1_8 brz-tp-lg-empty brz-text-lg-justify brz-css-pF_UO\" data-uniq-id=\"bsdmn\" data-generated-css=\"brz-css-wtrgc\">En qualsevol dels casos sempre cal tenir en compte que en un dolor pelvi\u00e0, sobretot quan \u00e9s de llarga evoluci\u00f3, l&#8217;origen sol ser multisist\u00e8mic, amb influ\u00e8ncia de factors neuromusculoesquel\u00e9tics, hormonals, immunol\u00f2gics, comportamentals i emocionals. D&#8217;aqu\u00ed la import\u00e0ncia de realitzar una valoraci\u00f3 exhaustiva que abasti tots aquests factors per poder realitzar un tractament global que pugui ser efectiu.<\/p><p class=\"brz-ff-blinker brz-ft-google brz-fs-lg-16 brz-fss-lg-px brz-fw-lg-400 brz-ls-lg-0 brz-lh-lg-1_8 brz-tp-lg-empty brz-text-lg-justify brz-css-j1yAF\" data-uniq-id=\"guvqu\" data-generated-css=\"brz-css-nztlk\">A part de la ter\u00e0pia manual ser\u00e0 important valorar si hi ha necessitat de generar canvis quant a h\u00e0bits alimentaris i conductuals, afegir o regular l&#8217;activitat f\u00edsica, augmentar el coneixement del pacient del seu cos i de la fisiologia del dolor perqu\u00e8 pugui arribar a tenir el control del que li est\u00e0 passant i participar de manera activa en la seva pr\u00f2pia recuperaci\u00f3.<\/p>\t\t\t\t\t\t\t\t<\/div>\n\t\t\t\t<\/div>\n\t\t\t\t<div class=\"elementor-element elementor-element-51bf0db aux-appear-watch-animation aux-fade-in-up elementor-widget elementor-widget-heading\" data-id=\"51bf0db\" data-element_type=\"widget\" data-e-type=\"widget\" data-widget_type=\"heading.default\">\n\t\t\t\t<div class=\"elementor-widget-container\">\n\t\t\t\t\t<p class=\"elementor-heading-title elementor-size-default\">Consulta nuestras redes:<\/p>\t\t\t\t<\/div>\n\t\t\t\t<\/div>\n\t\t\t\t<div class=\"elementor-element elementor-element-dc24baf e-grid-align-left e-grid-align-tablet-center aux-appear-watch-animation aux-fade-in-up elementor-shape-rounded elementor-grid-0 elementor-widget elementor-widget-social-icons\" data-id=\"dc24baf\" data-element_type=\"widget\" data-e-type=\"widget\" data-widget_type=\"social-icons.default\">\n\t\t\t\t<div class=\"elementor-widget-container\">\n\t\t\t\t\t\t\t<div class=\"elementor-social-icons-wrapper elementor-grid\" role=\"list\">\n\t\t\t\t\t\t\t<span class=\"elementor-grid-item\" role=\"listitem\">\n\t\t\t\t\t<a class=\"elementor-icon elementor-social-icon elementor-social-icon-instagram elementor-repeater-item-5f38e81\" href=\"https:\/\/www.instagram.com\/hekafisioterapia\" target=\"_blank\">\n\t\t\t\t\t\t<span class=\"elementor-screen-only\">Instagram<\/span>\n\t\t\t\t\t\t<i aria-hidden=\"true\" class=\"fab fa-instagram\"><\/i>\t\t\t\t\t<\/a>\n\t\t\t\t<\/span>\n\t\t\t\t\t\t\t<span class=\"elementor-grid-item\" role=\"listitem\">\n\t\t\t\t\t<a class=\"elementor-icon elementor-social-icon elementor-social-icon-youtube elementor-repeater-item-42fd8c2\" href=\"https:\/\/www.youtube.com\/channel\/UCEJCqtoEl1y8Pg7LU9jg-Pw\" target=\"_blank\">\n\t\t\t\t\t\t<span class=\"elementor-screen-only\">Youtube<\/span>\n\t\t\t\t\t\t<i aria-hidden=\"true\" class=\"fab fa-youtube\"><\/i>\t\t\t\t\t<\/a>\n\t\t\t\t<\/span>\n\t\t\t\t\t<\/div>\n\t\t\t\t\t\t<\/div>\n\t\t\t\t<\/div>\n\t\t\t\t\t<\/div>\n\t\t<\/div>\n\t\t\t\t\t<\/div>\n\t\t<\/section>\n\t\t\t\t\t<\/div>\n\t\t<\/div>\n\t\t\t\t<div class=\"aux-parallax-section elementor-column elementor-col-50 elementor-top-column elementor-element elementor-element-fb16c4c\" data-id=\"fb16c4c\" data-element_type=\"column\" data-e-type=\"column\" data-settings=\"{&quot;background_background&quot;:&quot;gradient&quot;}\">\n\t\t\t<div class=\"elementor-widget-wrap elementor-element-populated\">\n\t\t\t\t\t\t<div class=\"aux-parallax-piece elementor-element elementor-element-0655d0f aux-appear-watch-animation aux-fade-in elementor-widget elementor-widget-aux_image\" data-parallax-origin=\"middle\" data-parallax-depth=\"-0.15\" data-parallax-off=\"1024\" data-id=\"0655d0f\" data-element_type=\"widget\" data-e-type=\"widget\" data-widget_type=\"aux_image.default\">\n\t\t\t\t<div class=\"elementor-widget-container\">\n\t\t\t\t\t<section class=\"widget-container aux-widget-image aux-alignnone aux-parent-au59197cf8\">\n    <div class=\"aux-media-hint-frame\">\n        <div class=\"aux-media-image\" >\n        \n            \n\n            \n                        \n                <\/div>\n    <\/div>\n\n<\/section><!-- widget-container -->\t\t\t\t<\/div>\n\t\t\t\t<\/div>\n\t\t\t\t<div class=\"elementor-element elementor-element-1e60403 aux-appear-watch-animation aux-fade-in-right elementor-widget elementor-widget-aux_image\" data-id=\"1e60403\" data-element_type=\"widget\" data-e-type=\"widget\" data-widget_type=\"aux_image.default\">\n\t\t\t\t<div class=\"elementor-widget-container\">\n\t\t\t\t\t<section class=\"widget-container aux-widget-image aux-alignnone aux-parent-au03834f73\">\n    <div class=\"aux-media-hint-frame\">\n        <div class=\"aux-media-image\" >\n        \n            \n\n            \n            <img decoding=\"async\" width=\"822\" height=\"1109\" src=\"https:\/\/hekafisioterapia.com\/wp-content\/uploads\/2024\/07\/dolor_pelvis2-822x1109.png\" class=\"aux-attachment aux-featured-image aux-attachment-id-468\" alt=\"dolor_pelvis2\" srcset=\"https:\/\/hekafisioterapia.com\/wp-content\/uploads\/2024\/07\/dolor_pelvis2-150x202.png 150w,https:\/\/hekafisioterapia.com\/wp-content\/uploads\/2024\/07\/dolor_pelvis2-300x405.png 300w,https:\/\/hekafisioterapia.com\/wp-content\/uploads\/2024\/07\/dolor_pelvis2-768x1036.png 768w,https:\/\/hekafisioterapia.com\/wp-content\/uploads\/2024\/07\/dolor_pelvis2-822x1109.png 822w\" data-ratio=\"0.74\" data-original-w=\"942\" sizes=\"(max-width:479px) 480px,(max-width:767px) 768px,(max-width:1023px) 1024px,822px\" \/>            \n                <\/div>\n    <\/div>\n\n<\/section><!-- widget-container -->\t\t\t\t<\/div>\n\t\t\t\t<\/div>\n\t\t\t\t\t<\/div>\n\t\t<\/div>\n\t\t\t\t\t<\/div>\n\t\t<\/section>\n\t\t\t\t<\/div>","protected":false},"excerpt":{"rendered":"<p>Alteracions del Sistema Digestiu heka DOLOR PELVI\u00c0 Dolor pelvi\u00e0 El dolor pelvi\u00e0 \u00e9s una entitat cl\u00ednica a vegades dif\u00edcil de diagnosticar i tractar, ja que engloba s\u00edmptomes molt variats i amb desencadenants molt diferents. A vegades pot apar\u00e8ixer despr\u00e9s del part, en altres ocasions pot estar relacionat amb infeccions urin\u00e0ries o vaginals, amb l&#8217;entrada en [&hellip;]<\/p>","protected":false},"author":1,"featured_media":0,"parent":0,"menu_order":0,"comment_status":"closed","ping_status":"closed","template":"","meta":{"footnotes":""},"class_list":["post-636","page","type-page","status-publish","hentry"],"yoast_head":"<!-- This site is optimized with the Yoast SEO plugin v25.4 - https:\/\/yoast.com\/wordpress\/plugins\/seo\/ -->\n<title>Alteracions Inmunitaries - Heka Fisioter\u00e0pia<\/title>\n<meta name=\"robots\" content=\"index, follow, max-snippet:-1, max-image-preview:large, max-video-preview:-1\" \/>\n<link rel=\"canonical\" href=\"https:\/\/hekafisioterapia.com\/es\/alteracions-inmunitaries-2\/\" \/>\n<meta property=\"og:locale\" content=\"es_ES\" \/>\n<meta property=\"og:type\" content=\"article\" \/>\n<meta property=\"og:title\" content=\"Alteracions Inmunitaries - Heka Fisioter\u00e0pia\" \/>\n<meta property=\"og:description\" content=\"Alteracions del Sistema Digestiu heka DOLOR PELVI\u00c0 Dolor pelvi\u00e0 El dolor pelvi\u00e0 \u00e9s una entitat cl\u00ednica a vegades dif\u00edcil de diagnosticar i tractar, ja que engloba s\u00edmptomes molt variats i amb desencadenants molt diferents. A vegades pot apar\u00e8ixer despr\u00e9s del part, en altres ocasions pot estar relacionat amb infeccions urin\u00e0ries o vaginals, amb l&#8217;entrada en [&hellip;]\" \/>\n<meta property=\"og:url\" content=\"https:\/\/hekafisioterapia.com\/es\/alteracions-inmunitaries-2\/\" \/>\n<meta property=\"og:site_name\" content=\"Heka Fisioter\u00e0pia\" \/>\n<meta property=\"article:modified_time\" content=\"2024-07-09T09:01:13+00:00\" \/>\n<meta property=\"og:image\" content=\"https:\/\/heka.totmedia.net\/wp-content\/uploads\/2024\/07\/dolor_pelvia.png\" \/>\n<meta name=\"twitter:card\" content=\"summary_large_image\" \/>\n<meta name=\"twitter:label1\" content=\"Tiempo de lectura\" \/>\n\t<meta name=\"twitter:data1\" content=\"2 minutos\" \/>\n<script type=\"application\/ld+json\" class=\"yoast-schema-graph\">{\"@context\":\"https:\/\/schema.org\",\"@graph\":[{\"@type\":\"WebPage\",\"@id\":\"https:\/\/hekafisioterapia.com\/alteracions-inmunitaries-2\/\",\"url\":\"https:\/\/hekafisioterapia.com\/alteracions-inmunitaries-2\/\",\"name\":\"Alteracions Inmunitaries - Heka Fisioter\u00e0pia\",\"isPartOf\":{\"@id\":\"https:\/\/hekafisioterapia.com\/#website\"},\"primaryImageOfPage\":{\"@id\":\"https:\/\/hekafisioterapia.com\/alteracions-inmunitaries-2\/#primaryimage\"},\"image\":{\"@id\":\"https:\/\/hekafisioterapia.com\/alteracions-inmunitaries-2\/#primaryimage\"},\"thumbnailUrl\":\"https:\/\/heka.totmedia.net\/wp-content\/uploads\/2024\/07\/dolor_pelvia.png\",\"datePublished\":\"2024-07-09T09:01:12+00:00\",\"dateModified\":\"2024-07-09T09:01:13+00:00\",\"breadcrumb\":{\"@id\":\"https:\/\/hekafisioterapia.com\/alteracions-inmunitaries-2\/#breadcrumb\"},\"inLanguage\":\"es\",\"potentialAction\":[{\"@type\":\"ReadAction\",\"target\":[\"https:\/\/hekafisioterapia.com\/alteracions-inmunitaries-2\/\"]}]},{\"@type\":\"ImageObject\",\"inLanguage\":\"es\",\"@id\":\"https:\/\/hekafisioterapia.com\/alteracions-inmunitaries-2\/#primaryimage\",\"url\":\"https:\/\/heka.totmedia.net\/wp-content\/uploads\/2024\/07\/dolor_pelvia.png\",\"contentUrl\":\"https:\/\/heka.totmedia.net\/wp-content\/uploads\/2024\/07\/dolor_pelvia.png\"},{\"@type\":\"BreadcrumbList\",\"@id\":\"https:\/\/hekafisioterapia.com\/alteracions-inmunitaries-2\/#breadcrumb\",\"itemListElement\":[{\"@type\":\"ListItem\",\"position\":1,\"name\":\"Portada\",\"item\":\"https:\/\/hekafisioterapia.com\/\"},{\"@type\":\"ListItem\",\"position\":2,\"name\":\"Alteracions Inmunitaries\"}]},{\"@type\":\"WebSite\",\"@id\":\"https:\/\/hekafisioterapia.com\/#website\",\"url\":\"https:\/\/hekafisioterapia.com\/\",\"name\":\"Heka Fisioter\u00e0pia\",\"description\":\"\",\"publisher\":{\"@id\":\"https:\/\/hekafisioterapia.com\/#organization\"},\"potentialAction\":[{\"@type\":\"SearchAction\",\"target\":{\"@type\":\"EntryPoint\",\"urlTemplate\":\"https:\/\/hekafisioterapia.com\/?s={search_term_string}\"},\"query-input\":{\"@type\":\"PropertyValueSpecification\",\"valueRequired\":true,\"valueName\":\"search_term_string\"}}],\"inLanguage\":\"es\"},{\"@type\":\"Organization\",\"@id\":\"https:\/\/hekafisioterapia.com\/#organization\",\"name\":\"Heka Fisioter\u00e0pia\",\"url\":\"https:\/\/hekafisioterapia.com\/\",\"logo\":{\"@type\":\"ImageObject\",\"inLanguage\":\"es\",\"@id\":\"https:\/\/hekafisioterapia.com\/#\/schema\/logo\/image\/\",\"url\":\"https:\/\/hekafisioterapia.com\/wp-content\/uploads\/2024\/07\/LOGO-DEF_horizontal-862x168x0x0x862x166x1600522261.png\",\"contentUrl\":\"https:\/\/hekafisioterapia.com\/wp-content\/uploads\/2024\/07\/LOGO-DEF_horizontal-862x168x0x0x862x166x1600522261.png\",\"width\":602,\"height\":115,\"caption\":\"Heka Fisioter\u00e0pia\"},\"image\":{\"@id\":\"https:\/\/hekafisioterapia.com\/#\/schema\/logo\/image\/\"},\"sameAs\":[\"https:\/\/www.youtube.com\/@hekafisioterapia\",\"https:\/\/www.instagram.com\/hekafisioterapia\/\"]}]}<\/script>\n<!-- \/ Yoast SEO plugin. -->","yoast_head_json":{"title":"Alteracions Inmunitaries - Heka Fisioter\u00e0pia","robots":{"index":"index","follow":"follow","max-snippet":"max-snippet:-1","max-image-preview":"max-image-preview:large","max-video-preview":"max-video-preview:-1"},"canonical":"https:\/\/hekafisioterapia.com\/es\/alteracions-inmunitaries-2\/","og_locale":"es_ES","og_type":"article","og_title":"Alteracions Inmunitaries - Heka Fisioter\u00e0pia","og_description":"Alteracions del Sistema Digestiu heka DOLOR PELVI\u00c0 Dolor pelvi\u00e0 El dolor pelvi\u00e0 \u00e9s una entitat cl\u00ednica a vegades dif\u00edcil de diagnosticar i tractar, ja que engloba s\u00edmptomes molt variats i amb desencadenants molt diferents. A vegades pot apar\u00e8ixer despr\u00e9s del part, en altres ocasions pot estar relacionat amb infeccions urin\u00e0ries o vaginals, amb l&#8217;entrada en [&hellip;]","og_url":"https:\/\/hekafisioterapia.com\/es\/alteracions-inmunitaries-2\/","og_site_name":"Heka Fisioter\u00e0pia","article_modified_time":"2024-07-09T09:01:13+00:00","og_image":[{"url":"https:\/\/heka.totmedia.net\/wp-content\/uploads\/2024\/07\/dolor_pelvia.png","type":"","width":"","height":""}],"twitter_card":"summary_large_image","twitter_misc":{"Tiempo de lectura":"2 minutos"},"schema":{"@context":"https:\/\/schema.org","@graph":[{"@type":"WebPage","@id":"https:\/\/hekafisioterapia.com\/alteracions-inmunitaries-2\/","url":"https:\/\/hekafisioterapia.com\/alteracions-inmunitaries-2\/","name":"Alteracions Inmunitaries - Heka Fisioter\u00e0pia","isPartOf":{"@id":"https:\/\/hekafisioterapia.com\/#website"},"primaryImageOfPage":{"@id":"https:\/\/hekafisioterapia.com\/alteracions-inmunitaries-2\/#primaryimage"},"image":{"@id":"https:\/\/hekafisioterapia.com\/alteracions-inmunitaries-2\/#primaryimage"},"thumbnailUrl":"https:\/\/heka.totmedia.net\/wp-content\/uploads\/2024\/07\/dolor_pelvia.png","datePublished":"2024-07-09T09:01:12+00:00","dateModified":"2024-07-09T09:01:13+00:00","breadcrumb":{"@id":"https:\/\/hekafisioterapia.com\/alteracions-inmunitaries-2\/#breadcrumb"},"inLanguage":"es","potentialAction":[{"@type":"ReadAction","target":["https:\/\/hekafisioterapia.com\/alteracions-inmunitaries-2\/"]}]},{"@type":"ImageObject","inLanguage":"es","@id":"https:\/\/hekafisioterapia.com\/alteracions-inmunitaries-2\/#primaryimage","url":"https:\/\/heka.totmedia.net\/wp-content\/uploads\/2024\/07\/dolor_pelvia.png","contentUrl":"https:\/\/heka.totmedia.net\/wp-content\/uploads\/2024\/07\/dolor_pelvia.png"},{"@type":"BreadcrumbList","@id":"https:\/\/hekafisioterapia.com\/alteracions-inmunitaries-2\/#breadcrumb","itemListElement":[{"@type":"ListItem","position":1,"name":"Portada","item":"https:\/\/hekafisioterapia.com\/"},{"@type":"ListItem","position":2,"name":"Alteracions Inmunitaries"}]},{"@type":"WebSite","@id":"https:\/\/hekafisioterapia.com\/#website","url":"https:\/\/hekafisioterapia.com\/","name":"Heka Fisioter\u00e0pia","description":"","publisher":{"@id":"https:\/\/hekafisioterapia.com\/#organization"},"potentialAction":[{"@type":"SearchAction","target":{"@type":"EntryPoint","urlTemplate":"https:\/\/hekafisioterapia.com\/?s={search_term_string}"},"query-input":{"@type":"PropertyValueSpecification","valueRequired":true,"valueName":"search_term_string"}}],"inLanguage":"es"},{"@type":"Organization","@id":"https:\/\/hekafisioterapia.com\/#organization","name":"Heka Fisioter\u00e0pia","url":"https:\/\/hekafisioterapia.com\/","logo":{"@type":"ImageObject","inLanguage":"es","@id":"https:\/\/hekafisioterapia.com\/#\/schema\/logo\/image\/","url":"https:\/\/hekafisioterapia.com\/wp-content\/uploads\/2024\/07\/LOGO-DEF_horizontal-862x168x0x0x862x166x1600522261.png","contentUrl":"https:\/\/hekafisioterapia.com\/wp-content\/uploads\/2024\/07\/LOGO-DEF_horizontal-862x168x0x0x862x166x1600522261.png","width":602,"height":115,"caption":"Heka Fisioter\u00e0pia"},"image":{"@id":"https:\/\/hekafisioterapia.com\/#\/schema\/logo\/image\/"},"sameAs":["https:\/\/www.youtube.com\/@hekafisioterapia","https:\/\/www.instagram.com\/hekafisioterapia\/"]}]}},"_links":{"self":[{"href":"https:\/\/hekafisioterapia.com\/es\/wp-json\/wp\/v2\/pages\/636","targetHints":{"allow":["GET"]}}],"collection":[{"href":"https:\/\/hekafisioterapia.com\/es\/wp-json\/wp\/v2\/pages"}],"about":[{"href":"https:\/\/hekafisioterapia.com\/es\/wp-json\/wp\/v2\/types\/page"}],"author":[{"embeddable":true,"href":"https:\/\/hekafisioterapia.com\/es\/wp-json\/wp\/v2\/users\/1"}],"replies":[{"embeddable":true,"href":"https:\/\/hekafisioterapia.com\/es\/wp-json\/wp\/v2\/comments?post=636"}],"version-history":[{"count":1,"href":"https:\/\/hekafisioterapia.com\/es\/wp-json\/wp\/v2\/pages\/636\/revisions"}],"predecessor-version":[{"id":637,"href":"https:\/\/hekafisioterapia.com\/es\/wp-json\/wp\/v2\/pages\/636\/revisions\/637"}],"wp:attachment":[{"href":"https:\/\/hekafisioterapia.com\/es\/wp-json\/wp\/v2\/media?parent=636"}],"curies":[{"name":"wp","href":"https:\/\/api.w.org\/{rel}","templated":true}]}}