{"id":61,"date":"2019-03-13T11:38:59","date_gmt":"2019-03-13T10:38:59","guid":{"rendered":"https:\/\/heka.totmedia.net\/blog\/"},"modified":"2024-07-19T09:51:20","modified_gmt":"2024-07-19T07:51:20","slug":"blog","status":"publish","type":"page","link":"https:\/\/hekafisioterapia.com\/es\/blog\/","title":{"rendered":"Blog"},"content":{"rendered":"<div data-elementor-type=\"wp-post\" data-elementor-id=\"61\" class=\"elementor elementor-61\">\n\t\t\t\t\t\t<section class=\"elementor-section elementor-top-section elementor-element elementor-element-7dc11ed elementor-section-boxed elementor-section-height-default elementor-section-height-default\" data-id=\"7dc11ed\" data-element_type=\"section\" data-e-type=\"section\">\n\t\t\t\t\t\t<div class=\"elementor-container elementor-column-gap-default\">\n\t\t\t\t\t<div class=\"aux-parallax-section elementor-column elementor-col-100 elementor-top-column elementor-element elementor-element-bc52056\" data-id=\"bc52056\" data-element_type=\"column\" data-e-type=\"column\">\n\t\t\t<div class=\"elementor-widget-wrap elementor-element-populated\">\n\t\t\t\t\t\t<div class=\"elementor-element elementor-element-e137b24 aux-appear-watch-animation aux-fade-in elementor-widget elementor-widget-aux_modern_heading\" data-id=\"e137b24\" data-element_type=\"widget\" data-e-type=\"widget\" data-widget_type=\"aux_modern_heading.default\">\n\t\t\t\t<div class=\"elementor-widget-container\">\n\t\t\t\t\t<section class=\"aux-widget-modern-heading\">\n            <div class=\"aux-widget-inner\"><h2 class=\"aux-modern-heading-primary\">Blog | Novedades<\/h2><h3 class=\"aux-modern-heading-secondary\"><span class=\"aux-head-before\">Home . Blog<\/span><\/h3><\/div>\n        <\/section>\t\t\t\t<\/div>\n\t\t\t\t<\/div>\n\t\t\t\t\t<\/div>\n\t\t<\/div>\n\t\t\t\t\t<\/div>\n\t\t<\/section>\n\t\t\t\t<section class=\"elementor-section elementor-top-section elementor-element elementor-element-67eff65 elementor-reverse-tablet elementor-reverse-mobile elementor-section-content-middle aux-appear-watch-animation aux-fade-in-up elementor-section-boxed elementor-section-height-default elementor-section-height-default\" data-id=\"67eff65\" data-element_type=\"section\" data-e-type=\"section\">\n\t\t\t\t\t\t\t<div class=\"elementor-background-overlay\"><\/div>\n\t\t\t\t\t\t\t<div class=\"elementor-container elementor-column-gap-default\">\n\t\t\t\t\t<div class=\"aux-parallax-section elementor-column elementor-col-100 elementor-top-column elementor-element elementor-element-3174559\" data-id=\"3174559\" data-element_type=\"column\" data-e-type=\"column\">\n\t\t\t<div class=\"elementor-widget-wrap elementor-element-populated\">\n\t\t\t\t\t\t<div class=\"elementor-element elementor-element-4e94cc3 elementor-widget elementor-widget-aux_recent_posts\" data-id=\"4e94cc3\" data-element_type=\"widget\" data-e-type=\"widget\" data-settings=\"{&quot;columns_tablet&quot;:&quot;1&quot;,&quot;columns&quot;:&quot;4&quot;,&quot;columns_mobile&quot;:&quot;1&quot;}\" data-widget_type=\"aux_recent_posts.default\">\n\t\t\t\t<div class=\"elementor-widget-container\">\n\t\t\t\t\t<section class=\"widget-container aux-widget-recent-posts aux-parent-au2d25c381\"><div data-element-id=\"au2d25c381\" class=\"aux-match-height aux-row aux-de-col4 aux-tb-col1 aux-mb-col1 aux-total-1 aux-flip-box aux-ajax-view\"><div class=\"aux-col post-2105\"><article class=\"post column-entry post-2105 type-post status-publish format-standard has-post-thumbnail hentry category-sin-categoria\">\n\n    <div class=\"aux-flip-front\">\n            <div class=\"entry-media\"><div class=\"aux-media-frame aux-media-image aux-image-mask\"><a href=\"https:\/\/hekafisioterapia.com\/es\/aire-o-aigua-a-la-vagina-aixo-no-es-normal\/\"><img fetchpriority=\"high\" decoding=\"async\" width=\"470\" height=\"263\" src=\"data:image\/gif;base64,R0lGODlhAQABAIAAAAAAAP\/\/\/yH5BAEAAAAALAAAAAABAAEAAAIBRAA7\" class=\"aux-attachment aux-featured-image attachment-470x263.2 aux-attachment-id-2106  aux-preload aux-blank\" alt=\"pexels-instawally-165754 (1)\" data-ratio=\"1.79\" data-original-w=\"2560\" sizes=\"auto\" data-srcset=\"https:\/\/hekafisioterapia.com\/wp-content\/uploads\/2025\/04\/pexels-instawally-165754-1-scaled-150x84.jpg 150w,https:\/\/hekafisioterapia.com\/wp-content\/uploads\/2025\/04\/pexels-instawally-165754-1-scaled-300x168.jpg 300w,https:\/\/hekafisioterapia.com\/wp-content\/uploads\/2025\/04\/pexels-instawally-165754-1-scaled-768x430.jpg 768w,https:\/\/hekafisioterapia.com\/wp-content\/uploads\/2025\/04\/pexels-instawally-165754-1-scaled-1024x573.jpg 1024w,https:\/\/hekafisioterapia.com\/wp-content\/uploads\/2025\/04\/pexels-instawally-165754-1-scaled-470x263.jpg 470w,https:\/\/hekafisioterapia.com\/wp-content\/uploads\/2025\/04\/pexels-instawally-165754-1-scaled-2550x1428.jpg 2550w\" data-src=\"https:\/\/hekafisioterapia.com\/wp-content\/uploads\/2025\/04\/pexels-instawally-165754-1-scaled-470x263.jpg\" \/><\/a><\/div><\/div>\n    \n        <div class=\"entry-main\">\n        <header class=\"entry-header\">\n            \n                <h4 class=\"entry-title\">\n                    <a href=\"https:\/\/hekafisioterapia.com\/es\/aire-o-aigua-a-la-vagina-aixo-no-es-normal\/\">\n                        Aire o aigua a la vagina? Aix\u00f2 no \u00e9s normal!                    <\/a>\n                <\/h4>\n                        <div class=\"entry-format\">\n                <a href=\"https:\/\/hekafisioterapia.com\/es\/aire-o-aigua-a-la-vagina-aixo-no-es-normal\/\">\n                    <div class=\"post-format format-\"> <\/div>\n                <\/a>\n            <\/div>\n        <\/header>\n                    <div class=\"entry-info\">\n                                    <div class=\"entry-date\">\n                        <a href=\"https:\/\/hekafisioterapia.com\/es\/aire-o-aigua-a-la-vagina-aixo-no-es-normal\/\">\n                            <time datetime=\"2025-04-23T11:16:26+02:00\" title=\"2025-04-23T11:16:26+02:00\" >23 de abril de 2025<\/time>\n                        <\/a>\n                    <\/div>\n                                                                                            <\/div>\n                                            <div class=\"entry-content\">\n                                            <p>\n\ud83d\udca7 Has notat que entra aire o aigua a la teva vagina en aquestes s ...<\/p><div class=\"clear\"><\/div>                <\/div>\n                        <footer class=\"entry-meta clearfix\">\n                                    <div class=\"readmore\">\n                        <a href=\"https:\/\/hekafisioterapia.com\/es\/aire-o-aigua-a-la-vagina-aixo-no-es-normal\/\" class=\"aux-read-more\"><span class=\"aux-read-more-text\">Leer m\u00e1s<\/span><\/a>\n                    <\/div>\n                                    <div class=\"comments-iconic\">\n                                            <\/div>\n                            <\/footer>\n            <\/div>\n        <\/div>\n    <div class=\"aux-flip-back\">\n            <div class=\"entry-main\">\n        <header class=\"entry-header\">\n            \n                <h4 class=\"entry-title\">\n                    <a href=\"https:\/\/hekafisioterapia.com\/es\/aire-o-aigua-a-la-vagina-aixo-no-es-normal\/\">\n                        Aire o aigua a la vagina? Aix\u00f2 no \u00e9s normal!                    <\/a>\n                <\/h4>\n                        <div class=\"entry-format\">\n                <a href=\"https:\/\/hekafisioterapia.com\/es\/aire-o-aigua-a-la-vagina-aixo-no-es-normal\/\">\n                    <div class=\"post-format format-\"> <\/div>\n                <\/a>\n            <\/div>\n        <\/header>\n                    <div class=\"entry-info\">\n                                    <div class=\"entry-date\">\n                        <a href=\"https:\/\/hekafisioterapia.com\/es\/aire-o-aigua-a-la-vagina-aixo-no-es-normal\/\">\n                            <time datetime=\"2025-04-23T11:16:26+02:00\" title=\"2025-04-23T11:16:26+02:00\" >23 de abril de 2025<\/time>\n                        <\/a>\n                    <\/div>\n                                                                                            <\/div>\n                                            <div class=\"entry-content\">\n                                            <p>\n\ud83d\udca7 Has notat que entra aire o aigua a la teva vagina en aquestes s ...<\/p><div class=\"clear\"><\/div>                <\/div>\n                        <footer class=\"entry-meta clearfix\">\n                                    <div class=\"readmore\">\n                        <a href=\"https:\/\/hekafisioterapia.com\/es\/aire-o-aigua-a-la-vagina-aixo-no-es-normal\/\" class=\"aux-read-more\"><span class=\"aux-read-more-text\">Leer m\u00e1s<\/span><\/a>\n                    <\/div>\n                                    <div class=\"comments-iconic\">\n                                            <\/div>\n                            <\/footer>\n            <\/div>\n        <\/div>\n<\/article><\/div><\/div><\/section><!-- widget-container -->\t\t\t\t<\/div>\n\t\t\t\t<\/div>\n\t\t\t\t<div class=\"elementor-element elementor-element-27a5d19 elementor-widget elementor-widget-aux_button\" data-id=\"27a5d19\" data-element_type=\"widget\" data-e-type=\"widget\" data-widget_type=\"aux_button.default\">\n\t\t\t\t<div class=\"elementor-widget-container\">\n\t\t\t\t\t<button   class=\"aux-button aux-medium aux-white aux-none aux-uppercase\" ><span class=\"aux-overlay\"><\/span><span class=\"aux-text\">Ver m\u00e1s<\/span><\/button>\t\t\t\t<\/div>\n\t\t\t\t<\/div>\n\t\t\t\t\t<\/div>\n\t\t<\/div>\n\t\t\t\t\t<\/div>\n\t\t<\/section>\n\t\t\t\t<\/div>","protected":false},"excerpt":{"rendered":"<p>Blog | Novetats Home . Blog Gimn\u00e0stica per la Gent Gran: 26 de junio de 2018 | Edit \u00c9s important que les persones de la tercera edat es mantinguin acti &#8230; Read More Gimn\u00e0stica per la Gent Gran: 26 de junio de 2018 | Edit \u00c9s important que les persones de la tercera edat es [&hellip;]<\/p>","protected":false},"author":1,"featured_media":0,"parent":0,"menu_order":0,"comment_status":"closed","ping_status":"closed","template":"","meta":{"footnotes":""},"class_list":["post-61","page","type-page","status-publish","hentry"],"yoast_head":"<!-- This site is optimized with the Yoast SEO plugin v25.4 - https:\/\/yoast.com\/wordpress\/plugins\/seo\/ -->\n<title>Blog - Heka Fisioter\u00e0pia<\/title>\n<meta name=\"robots\" content=\"index, follow, max-snippet:-1, max-image-preview:large, max-video-preview:-1\" \/>\n<link rel=\"canonical\" href=\"https:\/\/hekafisioterapia.com\/es\/blog\/\" \/>\n<meta property=\"og:locale\" content=\"es_ES\" \/>\n<meta property=\"og:type\" content=\"article\" \/>\n<meta property=\"og:title\" content=\"Blog - Heka Fisioter\u00e0pia\" \/>\n<meta property=\"og:description\" content=\"Blog | Novetats Home . Blog Gimn\u00e0stica per la Gent Gran: 26 de junio de 2018 | Edit \u00c9s important que les persones de la tercera edat es mantinguin acti &#8230; Read More Gimn\u00e0stica per la Gent Gran: 26 de junio de 2018 | Edit \u00c9s important que les persones de la tercera edat es [&hellip;]\" \/>\n<meta property=\"og:url\" content=\"https:\/\/hekafisioterapia.com\/es\/blog\/\" \/>\n<meta property=\"og:site_name\" content=\"Heka Fisioter\u00e0pia\" \/>\n<meta property=\"article:modified_time\" content=\"2024-07-19T07:51:20+00:00\" \/>\n<meta name=\"twitter:card\" content=\"summary_large_image\" \/>\n<meta name=\"twitter:label1\" content=\"Tiempo de lectura\" \/>\n\t<meta name=\"twitter:data1\" content=\"2 minutos\" \/>\n<script type=\"application\/ld+json\" class=\"yoast-schema-graph\">{\"@context\":\"https:\/\/schema.org\",\"@graph\":[{\"@type\":\"WebPage\",\"@id\":\"https:\/\/hekafisioterapia.com\/blog\/\",\"url\":\"https:\/\/hekafisioterapia.com\/blog\/\",\"name\":\"Blog - Heka Fisioter\u00e0pia\",\"isPartOf\":{\"@id\":\"https:\/\/hekafisioterapia.com\/#website\"},\"datePublished\":\"2019-03-13T10:38:59+00:00\",\"dateModified\":\"2024-07-19T07:51:20+00:00\",\"breadcrumb\":{\"@id\":\"https:\/\/hekafisioterapia.com\/blog\/#breadcrumb\"},\"inLanguage\":\"es\",\"potentialAction\":[{\"@type\":\"ReadAction\",\"target\":[\"https:\/\/hekafisioterapia.com\/blog\/\"]}]},{\"@type\":\"BreadcrumbList\",\"@id\":\"https:\/\/hekafisioterapia.com\/blog\/#breadcrumb\",\"itemListElement\":[{\"@type\":\"ListItem\",\"position\":1,\"name\":\"Portada\",\"item\":\"https:\/\/hekafisioterapia.com\/\"},{\"@type\":\"ListItem\",\"position\":2,\"name\":\"Blog\"}]},{\"@type\":\"WebSite\",\"@id\":\"https:\/\/hekafisioterapia.com\/#website\",\"url\":\"https:\/\/hekafisioterapia.com\/\",\"name\":\"Heka Fisioter\u00e0pia\",\"description\":\"\",\"publisher\":{\"@id\":\"https:\/\/hekafisioterapia.com\/#organization\"},\"potentialAction\":[{\"@type\":\"SearchAction\",\"target\":{\"@type\":\"EntryPoint\",\"urlTemplate\":\"https:\/\/hekafisioterapia.com\/?s={search_term_string}\"},\"query-input\":{\"@type\":\"PropertyValueSpecification\",\"valueRequired\":true,\"valueName\":\"search_term_string\"}}],\"inLanguage\":\"es\"},{\"@type\":\"Organization\",\"@id\":\"https:\/\/hekafisioterapia.com\/#organization\",\"name\":\"Heka Fisioter\u00e0pia\",\"url\":\"https:\/\/hekafisioterapia.com\/\",\"logo\":{\"@type\":\"ImageObject\",\"inLanguage\":\"es\",\"@id\":\"https:\/\/hekafisioterapia.com\/#\/schema\/logo\/image\/\",\"url\":\"https:\/\/hekafisioterapia.com\/wp-content\/uploads\/2024\/07\/LOGO-DEF_horizontal-862x168x0x0x862x166x1600522261.png\",\"contentUrl\":\"https:\/\/hekafisioterapia.com\/wp-content\/uploads\/2024\/07\/LOGO-DEF_horizontal-862x168x0x0x862x166x1600522261.png\",\"width\":602,\"height\":115,\"caption\":\"Heka Fisioter\u00e0pia\"},\"image\":{\"@id\":\"https:\/\/hekafisioterapia.com\/#\/schema\/logo\/image\/\"},\"sameAs\":[\"https:\/\/www.youtube.com\/@hekafisioterapia\",\"https:\/\/www.instagram.com\/hekafisioterapia\/\"]}]}<\/script>\n<!-- \/ Yoast SEO plugin. -->","yoast_head_json":{"title":"Blog - Heka Fisioter\u00e0pia","robots":{"index":"index","follow":"follow","max-snippet":"max-snippet:-1","max-image-preview":"max-image-preview:large","max-video-preview":"max-video-preview:-1"},"canonical":"https:\/\/hekafisioterapia.com\/es\/blog\/","og_locale":"es_ES","og_type":"article","og_title":"Blog - Heka Fisioter\u00e0pia","og_description":"Blog | Novetats Home . Blog Gimn\u00e0stica per la Gent Gran: 26 de junio de 2018 | Edit \u00c9s important que les persones de la tercera edat es mantinguin acti &#8230; Read More Gimn\u00e0stica per la Gent Gran: 26 de junio de 2018 | Edit \u00c9s important que les persones de la tercera edat es [&hellip;]","og_url":"https:\/\/hekafisioterapia.com\/es\/blog\/","og_site_name":"Heka Fisioter\u00e0pia","article_modified_time":"2024-07-19T07:51:20+00:00","twitter_card":"summary_large_image","twitter_misc":{"Tiempo de lectura":"2 minutos"},"schema":{"@context":"https:\/\/schema.org","@graph":[{"@type":"WebPage","@id":"https:\/\/hekafisioterapia.com\/blog\/","url":"https:\/\/hekafisioterapia.com\/blog\/","name":"Blog - Heka Fisioter\u00e0pia","isPartOf":{"@id":"https:\/\/hekafisioterapia.com\/#website"},"datePublished":"2019-03-13T10:38:59+00:00","dateModified":"2024-07-19T07:51:20+00:00","breadcrumb":{"@id":"https:\/\/hekafisioterapia.com\/blog\/#breadcrumb"},"inLanguage":"es","potentialAction":[{"@type":"ReadAction","target":["https:\/\/hekafisioterapia.com\/blog\/"]}]},{"@type":"BreadcrumbList","@id":"https:\/\/hekafisioterapia.com\/blog\/#breadcrumb","itemListElement":[{"@type":"ListItem","position":1,"name":"Portada","item":"https:\/\/hekafisioterapia.com\/"},{"@type":"ListItem","position":2,"name":"Blog"}]},{"@type":"WebSite","@id":"https:\/\/hekafisioterapia.com\/#website","url":"https:\/\/hekafisioterapia.com\/","name":"Heka Fisioter\u00e0pia","description":"","publisher":{"@id":"https:\/\/hekafisioterapia.com\/#organization"},"potentialAction":[{"@type":"SearchAction","target":{"@type":"EntryPoint","urlTemplate":"https:\/\/hekafisioterapia.com\/?s={search_term_string}"},"query-input":{"@type":"PropertyValueSpecification","valueRequired":true,"valueName":"search_term_string"}}],"inLanguage":"es"},{"@type":"Organization","@id":"https:\/\/hekafisioterapia.com\/#organization","name":"Heka Fisioter\u00e0pia","url":"https:\/\/hekafisioterapia.com\/","logo":{"@type":"ImageObject","inLanguage":"es","@id":"https:\/\/hekafisioterapia.com\/#\/schema\/logo\/image\/","url":"https:\/\/hekafisioterapia.com\/wp-content\/uploads\/2024\/07\/LOGO-DEF_horizontal-862x168x0x0x862x166x1600522261.png","contentUrl":"https:\/\/hekafisioterapia.com\/wp-content\/uploads\/2024\/07\/LOGO-DEF_horizontal-862x168x0x0x862x166x1600522261.png","width":602,"height":115,"caption":"Heka Fisioter\u00e0pia"},"image":{"@id":"https:\/\/hekafisioterapia.com\/#\/schema\/logo\/image\/"},"sameAs":["https:\/\/www.youtube.com\/@hekafisioterapia","https:\/\/www.instagram.com\/hekafisioterapia\/"]}]}},"_links":{"self":[{"href":"https:\/\/hekafisioterapia.com\/es\/wp-json\/wp\/v2\/pages\/61","targetHints":{"allow":["GET"]}}],"collection":[{"href":"https:\/\/hekafisioterapia.com\/es\/wp-json\/wp\/v2\/pages"}],"about":[{"href":"https:\/\/hekafisioterapia.com\/es\/wp-json\/wp\/v2\/types\/page"}],"author":[{"embeddable":true,"href":"https:\/\/hekafisioterapia.com\/es\/wp-json\/wp\/v2\/users\/1"}],"replies":[{"embeddable":true,"href":"https:\/\/hekafisioterapia.com\/es\/wp-json\/wp\/v2\/comments?post=61"}],"version-history":[{"count":24,"href":"https:\/\/hekafisioterapia.com\/es\/wp-json\/wp\/v2\/pages\/61\/revisions"}],"predecessor-version":[{"id":831,"href":"https:\/\/hekafisioterapia.com\/es\/wp-json\/wp\/v2\/pages\/61\/revisions\/831"}],"wp:attachment":[{"href":"https:\/\/hekafisioterapia.com\/es\/wp-json\/wp\/v2\/media?parent=61"}],"curies":[{"name":"wp","href":"https:\/\/api.w.org\/{rel}","templated":true}]}}