{"id":455,"date":"2024-07-08T09:35:04","date_gmt":"2024-07-08T07:35:04","guid":{"rendered":"https:\/\/heka.totmedia.net\/?page_id=455"},"modified":"2025-04-26T11:40:19","modified_gmt":"2025-04-26T09:40:19","slug":"dolor-pelvia-2","status":"publish","type":"page","link":"https:\/\/hekafisioterapia.com\/es\/dolor-pelvia-2\/","title":{"rendered":"Dolor Pelvi\u00e0"},"content":{"rendered":"<div data-elementor-type=\"wp-post\" data-elementor-id=\"455\" class=\"elementor elementor-455\">\n\t\t\t\t\t\t<section class=\"elementor-section elementor-top-section elementor-element elementor-element-baa9453 elementor-section-boxed elementor-section-height-default elementor-section-height-default\" data-id=\"baa9453\" data-element_type=\"section\" data-e-type=\"section\">\n\t\t\t\t\t\t<div class=\"elementor-container elementor-column-gap-default\">\n\t\t\t\t\t<div class=\"aux-parallax-section elementor-column elementor-col-100 elementor-top-column elementor-element elementor-element-18216b0\" data-id=\"18216b0\" data-element_type=\"column\" data-e-type=\"column\">\n\t\t\t<div class=\"elementor-widget-wrap elementor-element-populated\">\n\t\t\t\t\t\t<section class=\"elementor-section elementor-inner-section elementor-element elementor-element-d58f77d elementor-section-boxed elementor-section-height-default elementor-section-height-default\" data-id=\"d58f77d\" data-element_type=\"section\" data-e-type=\"section\">\n\t\t\t\t\t\t<div class=\"elementor-container elementor-column-gap-default\">\n\t\t\t\t\t<div class=\"aux-parallax-section elementor-column elementor-col-100 elementor-inner-column elementor-element elementor-element-fbdf386\" data-id=\"fbdf386\" data-element_type=\"column\" data-e-type=\"column\">\n\t\t\t<div class=\"elementor-widget-wrap elementor-element-populated\">\n\t\t\t\t\t\t<div class=\"elementor-element elementor-element-000ece5 aux-appear-watch-animation aux-scale-up elementor-widget elementor-widget-heading\" data-id=\"000ece5\" data-element_type=\"widget\" data-e-type=\"widget\" data-widget_type=\"heading.default\">\n\t\t\t\t<div class=\"elementor-widget-container\">\n\t\t\t\t\t<h2 class=\"elementor-heading-title elementor-size-default\">heka<\/h2>\t\t\t\t<\/div>\n\t\t\t\t<\/div>\n\t\t\t\t<div class=\"elementor-element elementor-element-b580309 aux-appear-watch-animation aux-scale-down-1 elementor-widget elementor-widget-aux_modern_heading\" data-id=\"b580309\" data-element_type=\"widget\" data-e-type=\"widget\" data-widget_type=\"aux_modern_heading.default\">\n\t\t\t\t<div class=\"elementor-widget-container\">\n\t\t\t\t\t<section class=\"aux-widget-modern-heading\">\n            <div class=\"aux-widget-inner\"><h2 class=\"aux-modern-heading-primary\">DOLOR PELVICO<\/h2><h3 class=\"aux-modern-heading-secondary\"><span class=\"aux-head-highlight\">Alivia el malestar y recupera tu bienestar<\/span><\/h3><\/div>\n        <\/section>\t\t\t\t<\/div>\n\t\t\t\t<\/div>\n\t\t\t\t\t<\/div>\n\t\t<\/div>\n\t\t\t\t\t<\/div>\n\t\t<\/section>\n\t\t\t\t\t<\/div>\n\t\t<\/div>\n\t\t\t\t\t<\/div>\n\t\t<\/section>\n\t\t\t\t<section class=\"elementor-section elementor-top-section elementor-element elementor-element-523c81a elementor-section-boxed elementor-section-height-default elementor-section-height-default\" data-id=\"523c81a\" data-element_type=\"section\" data-e-type=\"section\">\n\t\t\t\t\t\t<div class=\"elementor-container elementor-column-gap-default\">\n\t\t\t\t\t<div class=\"aux-parallax-section elementor-column elementor-col-100 elementor-top-column elementor-element elementor-element-eb4cd31\" data-id=\"eb4cd31\" data-element_type=\"column\" data-e-type=\"column\">\n\t\t\t<div class=\"elementor-widget-wrap elementor-element-populated\">\n\t\t\t\t\t\t<div class=\"elementor-element elementor-element-58588bc elementor-widget elementor-widget-text-editor\" data-id=\"58588bc\" data-element_type=\"widget\" data-e-type=\"widget\" data-widget_type=\"text-editor.default\">\n\t\t\t\t<div class=\"elementor-widget-container\">\n\t\t\t\t\t\t\t\t\t<p>El dolor p\u00e9lvico es una <strong>condici\u00f3n cl\u00ednica compleja<\/strong> que puede surgir de diversas causas y afectar a m\u00faltiples sistemas del cuerpo. Puede aparecer despu\u00e9s del parto, estar relacionado con infecciones urinarias o vaginales, o ser consecuencia de la menopausia o de intervenciones quir\u00fargicas.<\/p><p>Este dolor puede impactar el <strong>sistema urol\u00f3gico<\/strong>, causando condiciones como la <strong>cistitis intersticial<\/strong> o el <strong>s\u00edndrome de dolor en la vejiga<\/strong>, as\u00ed como <strong>problemas prost\u00e1ticos o uretrales<\/strong>. Tambi\u00e9n puede afectar al <strong>sistema reproductivo<\/strong>, produciendo dolor en \u00f3rganos genitales como la <strong>vulvodinia, la vestibulod\u00edna o la dispareunia<\/strong>, y en algunos casos, est\u00e1 relacionado con el ciclo menstrual.<\/p><p>El sistema digestivo tambi\u00e9n puede verse implicado en condiciones como el <strong>s\u00edndrome de intestino irritable, la colitis, la proctitis, o el estre\u00f1imiento<\/strong>. Adem\u00e1s, el dolor p\u00e9lvico puede tener una conexi\u00f3n con el sistema m\u00fasculo-esquel\u00e9tico, como en el caso de la <strong>cocigodinia<\/strong> o la <strong>neuralgia del pudendo<\/strong>.<\/p><p>En Heka Fisioterapia, abordamos el dolor p\u00e9lvico con un enfoque integral. Combinamos terapia manual con estrategias para modificar h\u00e1bitos alimenticios y conductuales, regular la actividad f\u00edsica, y aumentar el conocimiento del paciente sobre su cuerpo y la fisiolog\u00eda del dolor.<\/p><p>Nuestro objetivo es proporcionar un alivio efectivo y ayudarte a recuperar el control sobre tu bienestar, abordando todos los factores implicados en el dolor p\u00e9lvico para conseguir una <strong>recuperaci\u00f3n completa<\/strong>.<\/p>\t\t\t\t\t\t\t\t<\/div>\n\t\t\t\t<\/div>\n\t\t\t\t<div class=\"elementor-element elementor-element-9d2c605 aux-appear-watch-animation aux-fade-in-up elementor-widget elementor-widget-heading\" data-id=\"9d2c605\" data-element_type=\"widget\" data-e-type=\"widget\" data-widget_type=\"heading.default\">\n\t\t\t\t<div class=\"elementor-widget-container\">\n\t\t\t\t\t<p class=\"elementor-heading-title elementor-size-default\">Consulta nuestras redes:<\/p>\t\t\t\t<\/div>\n\t\t\t\t<\/div>\n\t\t\t\t<div class=\"elementor-element elementor-element-505ce12 elementor-shape-rounded elementor-grid-0 e-grid-align-center elementor-widget elementor-widget-social-icons\" data-id=\"505ce12\" data-element_type=\"widget\" data-e-type=\"widget\" data-widget_type=\"social-icons.default\">\n\t\t\t\t<div class=\"elementor-widget-container\">\n\t\t\t\t\t\t\t<div class=\"elementor-social-icons-wrapper elementor-grid\" role=\"list\">\n\t\t\t\t\t\t\t<span class=\"elementor-grid-item\" role=\"listitem\">\n\t\t\t\t\t<a class=\"elementor-icon elementor-social-icon elementor-social-icon-instagram elementor-repeater-item-908cdf8\" href=\"https:\/\/www.instagram.com\/hekafisioterapia\" target=\"_blank\">\n\t\t\t\t\t\t<span class=\"elementor-screen-only\">Instagram<\/span>\n\t\t\t\t\t\t<i aria-hidden=\"true\" class=\"fab fa-instagram\"><\/i>\t\t\t\t\t<\/a>\n\t\t\t\t<\/span>\n\t\t\t\t\t\t\t<span class=\"elementor-grid-item\" role=\"listitem\">\n\t\t\t\t\t<a class=\"elementor-icon elementor-social-icon elementor-social-icon-youtube elementor-repeater-item-2ed265a\" href=\"https:\/\/www.youtube.com\/channel\/UCEJCqtoEl1y8Pg7LU9jg-Pw\" target=\"_blank\">\n\t\t\t\t\t\t<span class=\"elementor-screen-only\">Youtube<\/span>\n\t\t\t\t\t\t<i aria-hidden=\"true\" class=\"fab fa-youtube\"><\/i>\t\t\t\t\t<\/a>\n\t\t\t\t<\/span>\n\t\t\t\t\t<\/div>\n\t\t\t\t\t\t<\/div>\n\t\t\t\t<\/div>\n\t\t\t\t\t<\/div>\n\t\t<\/div>\n\t\t\t\t\t<\/div>\n\t\t<\/section>\n\t\t\t\t<\/div>","protected":false},"excerpt":{"rendered":"<p>heka DOLOR PELVI\u00c0 Alleuja el malestar i recupera el teu benestar El dolor pelvi\u00e0 \u00e9s una condici\u00f3 cl\u00ednica complexa que pot sorgir de diverses causes i afectar m\u00faltiples sistemes del cos. Pot apar\u00e8ixer despr\u00e9s del part, estar relacionat amb infeccions urin\u00e0ries o vaginals, o ser conseq\u00fc\u00e8ncia de la menopausa o d\u2019intervencions quir\u00fargiques. Aquest dolor pot [&hellip;]<\/p>","protected":false},"author":1,"featured_media":0,"parent":0,"menu_order":0,"comment_status":"closed","ping_status":"closed","template":"","meta":{"footnotes":""},"class_list":["post-455","page","type-page","status-publish","hentry"],"yoast_head":"<!-- This site is optimized with the Yoast SEO plugin v25.4 - https:\/\/yoast.com\/wordpress\/plugins\/seo\/ -->\n<title>Dolor Pelvi\u00e0 - Heka Fisioter\u00e0pia<\/title>\n<meta name=\"robots\" content=\"index, follow, max-snippet:-1, max-image-preview:large, max-video-preview:-1\" \/>\n<link rel=\"canonical\" href=\"https:\/\/hekafisioterapia.com\/es\/dolor-pelvia-2\/\" \/>\n<meta property=\"og:locale\" content=\"es_ES\" \/>\n<meta property=\"og:type\" content=\"article\" \/>\n<meta property=\"og:title\" content=\"Dolor Pelvi\u00e0 - Heka Fisioter\u00e0pia\" \/>\n<meta property=\"og:description\" content=\"heka DOLOR PELVI\u00c0 Alleuja el malestar i recupera el teu benestar El dolor pelvi\u00e0 \u00e9s una condici\u00f3 cl\u00ednica complexa que pot sorgir de diverses causes i afectar m\u00faltiples sistemes del cos. Pot apar\u00e8ixer despr\u00e9s del part, estar relacionat amb infeccions urin\u00e0ries o vaginals, o ser conseq\u00fc\u00e8ncia de la menopausa o d\u2019intervencions quir\u00fargiques. Aquest dolor pot [&hellip;]\" \/>\n<meta property=\"og:url\" content=\"https:\/\/hekafisioterapia.com\/es\/dolor-pelvia-2\/\" \/>\n<meta property=\"og:site_name\" content=\"Heka Fisioter\u00e0pia\" \/>\n<meta property=\"article:modified_time\" content=\"2025-04-26T09:40:19+00:00\" \/>\n<meta name=\"twitter:card\" content=\"summary_large_image\" \/>\n<meta name=\"twitter:label1\" content=\"Tiempo de lectura\" \/>\n\t<meta name=\"twitter:data1\" content=\"1 minuto\" \/>\n<script type=\"application\/ld+json\" class=\"yoast-schema-graph\">{\"@context\":\"https:\/\/schema.org\",\"@graph\":[{\"@type\":\"WebPage\",\"@id\":\"https:\/\/hekafisioterapia.com\/dolor-pelvia-2\/\",\"url\":\"https:\/\/hekafisioterapia.com\/dolor-pelvia-2\/\",\"name\":\"Dolor Pelvi\u00e0 - Heka Fisioter\u00e0pia\",\"isPartOf\":{\"@id\":\"https:\/\/hekafisioterapia.com\/#website\"},\"datePublished\":\"2024-07-08T07:35:04+00:00\",\"dateModified\":\"2025-04-26T09:40:19+00:00\",\"breadcrumb\":{\"@id\":\"https:\/\/hekafisioterapia.com\/dolor-pelvia-2\/#breadcrumb\"},\"inLanguage\":\"es\",\"potentialAction\":[{\"@type\":\"ReadAction\",\"target\":[\"https:\/\/hekafisioterapia.com\/dolor-pelvia-2\/\"]}]},{\"@type\":\"BreadcrumbList\",\"@id\":\"https:\/\/hekafisioterapia.com\/dolor-pelvia-2\/#breadcrumb\",\"itemListElement\":[{\"@type\":\"ListItem\",\"position\":1,\"name\":\"Portada\",\"item\":\"https:\/\/hekafisioterapia.com\/\"},{\"@type\":\"ListItem\",\"position\":2,\"name\":\"Dolor Pelvi\u00e0\"}]},{\"@type\":\"WebSite\",\"@id\":\"https:\/\/hekafisioterapia.com\/#website\",\"url\":\"https:\/\/hekafisioterapia.com\/\",\"name\":\"Heka Fisioter\u00e0pia\",\"description\":\"\",\"publisher\":{\"@id\":\"https:\/\/hekafisioterapia.com\/#organization\"},\"potentialAction\":[{\"@type\":\"SearchAction\",\"target\":{\"@type\":\"EntryPoint\",\"urlTemplate\":\"https:\/\/hekafisioterapia.com\/?s={search_term_string}\"},\"query-input\":{\"@type\":\"PropertyValueSpecification\",\"valueRequired\":true,\"valueName\":\"search_term_string\"}}],\"inLanguage\":\"es\"},{\"@type\":\"Organization\",\"@id\":\"https:\/\/hekafisioterapia.com\/#organization\",\"name\":\"Heka Fisioter\u00e0pia\",\"url\":\"https:\/\/hekafisioterapia.com\/\",\"logo\":{\"@type\":\"ImageObject\",\"inLanguage\":\"es\",\"@id\":\"https:\/\/hekafisioterapia.com\/#\/schema\/logo\/image\/\",\"url\":\"https:\/\/hekafisioterapia.com\/wp-content\/uploads\/2024\/07\/LOGO-DEF_horizontal-862x168x0x0x862x166x1600522261.png\",\"contentUrl\":\"https:\/\/hekafisioterapia.com\/wp-content\/uploads\/2024\/07\/LOGO-DEF_horizontal-862x168x0x0x862x166x1600522261.png\",\"width\":602,\"height\":115,\"caption\":\"Heka Fisioter\u00e0pia\"},\"image\":{\"@id\":\"https:\/\/hekafisioterapia.com\/#\/schema\/logo\/image\/\"},\"sameAs\":[\"https:\/\/www.youtube.com\/@hekafisioterapia\",\"https:\/\/www.instagram.com\/hekafisioterapia\/\"]}]}<\/script>\n<!-- \/ Yoast SEO plugin. -->","yoast_head_json":{"title":"Dolor Pelvi\u00e0 - Heka Fisioter\u00e0pia","robots":{"index":"index","follow":"follow","max-snippet":"max-snippet:-1","max-image-preview":"max-image-preview:large","max-video-preview":"max-video-preview:-1"},"canonical":"https:\/\/hekafisioterapia.com\/es\/dolor-pelvia-2\/","og_locale":"es_ES","og_type":"article","og_title":"Dolor Pelvi\u00e0 - Heka Fisioter\u00e0pia","og_description":"heka DOLOR PELVI\u00c0 Alleuja el malestar i recupera el teu benestar El dolor pelvi\u00e0 \u00e9s una condici\u00f3 cl\u00ednica complexa que pot sorgir de diverses causes i afectar m\u00faltiples sistemes del cos. Pot apar\u00e8ixer despr\u00e9s del part, estar relacionat amb infeccions urin\u00e0ries o vaginals, o ser conseq\u00fc\u00e8ncia de la menopausa o d\u2019intervencions quir\u00fargiques. Aquest dolor pot [&hellip;]","og_url":"https:\/\/hekafisioterapia.com\/es\/dolor-pelvia-2\/","og_site_name":"Heka Fisioter\u00e0pia","article_modified_time":"2025-04-26T09:40:19+00:00","twitter_card":"summary_large_image","twitter_misc":{"Tiempo de lectura":"1 minuto"},"schema":{"@context":"https:\/\/schema.org","@graph":[{"@type":"WebPage","@id":"https:\/\/hekafisioterapia.com\/dolor-pelvia-2\/","url":"https:\/\/hekafisioterapia.com\/dolor-pelvia-2\/","name":"Dolor Pelvi\u00e0 - Heka Fisioter\u00e0pia","isPartOf":{"@id":"https:\/\/hekafisioterapia.com\/#website"},"datePublished":"2024-07-08T07:35:04+00:00","dateModified":"2025-04-26T09:40:19+00:00","breadcrumb":{"@id":"https:\/\/hekafisioterapia.com\/dolor-pelvia-2\/#breadcrumb"},"inLanguage":"es","potentialAction":[{"@type":"ReadAction","target":["https:\/\/hekafisioterapia.com\/dolor-pelvia-2\/"]}]},{"@type":"BreadcrumbList","@id":"https:\/\/hekafisioterapia.com\/dolor-pelvia-2\/#breadcrumb","itemListElement":[{"@type":"ListItem","position":1,"name":"Portada","item":"https:\/\/hekafisioterapia.com\/"},{"@type":"ListItem","position":2,"name":"Dolor Pelvi\u00e0"}]},{"@type":"WebSite","@id":"https:\/\/hekafisioterapia.com\/#website","url":"https:\/\/hekafisioterapia.com\/","name":"Heka Fisioter\u00e0pia","description":"","publisher":{"@id":"https:\/\/hekafisioterapia.com\/#organization"},"potentialAction":[{"@type":"SearchAction","target":{"@type":"EntryPoint","urlTemplate":"https:\/\/hekafisioterapia.com\/?s={search_term_string}"},"query-input":{"@type":"PropertyValueSpecification","valueRequired":true,"valueName":"search_term_string"}}],"inLanguage":"es"},{"@type":"Organization","@id":"https:\/\/hekafisioterapia.com\/#organization","name":"Heka Fisioter\u00e0pia","url":"https:\/\/hekafisioterapia.com\/","logo":{"@type":"ImageObject","inLanguage":"es","@id":"https:\/\/hekafisioterapia.com\/#\/schema\/logo\/image\/","url":"https:\/\/hekafisioterapia.com\/wp-content\/uploads\/2024\/07\/LOGO-DEF_horizontal-862x168x0x0x862x166x1600522261.png","contentUrl":"https:\/\/hekafisioterapia.com\/wp-content\/uploads\/2024\/07\/LOGO-DEF_horizontal-862x168x0x0x862x166x1600522261.png","width":602,"height":115,"caption":"Heka Fisioter\u00e0pia"},"image":{"@id":"https:\/\/hekafisioterapia.com\/#\/schema\/logo\/image\/"},"sameAs":["https:\/\/www.youtube.com\/@hekafisioterapia","https:\/\/www.instagram.com\/hekafisioterapia\/"]}]}},"_links":{"self":[{"href":"https:\/\/hekafisioterapia.com\/es\/wp-json\/wp\/v2\/pages\/455","targetHints":{"allow":["GET"]}}],"collection":[{"href":"https:\/\/hekafisioterapia.com\/es\/wp-json\/wp\/v2\/pages"}],"about":[{"href":"https:\/\/hekafisioterapia.com\/es\/wp-json\/wp\/v2\/types\/page"}],"author":[{"embeddable":true,"href":"https:\/\/hekafisioterapia.com\/es\/wp-json\/wp\/v2\/users\/1"}],"replies":[{"embeddable":true,"href":"https:\/\/hekafisioterapia.com\/es\/wp-json\/wp\/v2\/comments?post=455"}],"version-history":[{"count":117,"href":"https:\/\/hekafisioterapia.com\/es\/wp-json\/wp\/v2\/pages\/455\/revisions"}],"predecessor-version":[{"id":2255,"href":"https:\/\/hekafisioterapia.com\/es\/wp-json\/wp\/v2\/pages\/455\/revisions\/2255"}],"wp:attachment":[{"href":"https:\/\/hekafisioterapia.com\/es\/wp-json\/wp\/v2\/media?parent=455"}],"curies":[{"name":"wp","href":"https:\/\/api.w.org\/{rel}","templated":true}]}}