{"id":1991,"date":"2025-03-30T19:23:08","date_gmt":"2025-03-30T17:23:08","guid":{"rendered":"https:\/\/heka.totmedia.net\/?page_id=1991"},"modified":"2025-03-30T19:25:02","modified_gmt":"2025-03-30T17:25:02","slug":"medicina-tradicional-xinesa-pediatrica","status":"publish","type":"page","link":"https:\/\/hekafisioterapia.com\/es\/medicina-tradicional-xinesa-pediatrica\/","title":{"rendered":"Medicina Tradicional China Pedi\u00e1trica"},"content":{"rendered":"<div data-elementor-type=\"wp-post\" data-elementor-id=\"1991\" class=\"elementor elementor-1991\">\n\t\t\t\t\t\t<section class=\"elementor-section elementor-top-section elementor-element elementor-element-0bc15b6 elementor-section-boxed elementor-section-height-default elementor-section-height-default\" data-id=\"0bc15b6\" data-element_type=\"section\" data-e-type=\"section\">\n\t\t\t\t\t\t<div class=\"elementor-container elementor-column-gap-default\">\n\t\t\t\t\t<div class=\"aux-parallax-section elementor-column elementor-col-100 elementor-top-column elementor-element elementor-element-4120f6a\" data-id=\"4120f6a\" data-element_type=\"column\" data-e-type=\"column\">\n\t\t\t<div class=\"elementor-widget-wrap\">\n\t\t\t\t\t\t\t<\/div>\n\t\t<\/div>\n\t\t\t\t\t<\/div>\n\t\t<\/section>\n\t\t\t\t<section class=\"elementor-section elementor-top-section elementor-element elementor-element-f26ea08 elementor-section-boxed elementor-section-height-default elementor-section-height-default\" data-id=\"f26ea08\" data-element_type=\"section\" data-e-type=\"section\">\n\t\t\t\t\t\t<div class=\"elementor-container elementor-column-gap-default\">\n\t\t\t\t\t<div class=\"aux-parallax-section elementor-column elementor-col-100 elementor-top-column elementor-element elementor-element-578065a\" data-id=\"578065a\" data-element_type=\"column\" data-e-type=\"column\">\n\t\t\t<div class=\"elementor-widget-wrap elementor-element-populated\">\n\t\t\t\t\t\t<section class=\"elementor-section elementor-inner-section elementor-element elementor-element-4ff5a4d elementor-section-boxed elementor-section-height-default elementor-section-height-default\" data-id=\"4ff5a4d\" data-element_type=\"section\" data-e-type=\"section\">\n\t\t\t\t\t\t<div class=\"elementor-container elementor-column-gap-default\">\n\t\t\t\t\t<div class=\"aux-parallax-section elementor-column elementor-col-100 elementor-inner-column elementor-element elementor-element-ede77be\" data-id=\"ede77be\" data-element_type=\"column\" data-e-type=\"column\">\n\t\t\t<div class=\"elementor-widget-wrap elementor-element-populated\">\n\t\t\t\t\t\t<div class=\"elementor-element elementor-element-600c398 aux-appear-watch-animation aux-scale-up elementor-widget elementor-widget-heading\" data-id=\"600c398\" data-element_type=\"widget\" data-e-type=\"widget\" data-widget_type=\"heading.default\">\n\t\t\t\t<div class=\"elementor-widget-container\">\n\t\t\t\t\t<h2 class=\"elementor-heading-title elementor-size-default\">heka<\/h2>\t\t\t\t<\/div>\n\t\t\t\t<\/div>\n\t\t\t\t\t<\/div>\n\t\t<\/div>\n\t\t\t\t\t<\/div>\n\t\t<\/section>\n\t\t\t\t<div class=\"elementor-element elementor-element-9a84e22 aux-appear-watch-animation aux-scale-down-1 elementor-widget elementor-widget-aux_modern_heading\" data-id=\"9a84e22\" data-element_type=\"widget\" data-e-type=\"widget\" data-widget_type=\"aux_modern_heading.default\">\n\t\t\t\t<div class=\"elementor-widget-container\">\n\t\t\t\t\t<section class=\"aux-widget-modern-heading\">\n            <div class=\"aux-widget-inner\"><h2 class=\"aux-modern-heading-primary\">MEDICINA TRADICIONAL CHINA PEDI\u00c1TRICA<\/h2><h3 class=\"aux-modern-heading-secondary\"><span class=\"aux-head-highlight\">Nos ayuda a entender la salud y la enfermedad<\/span><\/h3><\/div>\n        <\/section>\t\t\t\t<\/div>\n\t\t\t\t<\/div>\n\t\t\t\t\t<\/div>\n\t\t<\/div>\n\t\t\t\t\t<\/div>\n\t\t<\/section>\n\t\t\t\t<section class=\"elementor-section elementor-top-section elementor-element elementor-element-1f372b5 elementor-section-boxed elementor-section-height-default elementor-section-height-default\" data-id=\"1f372b5\" data-element_type=\"section\" data-e-type=\"section\">\n\t\t\t\t\t\t<div class=\"elementor-container elementor-column-gap-default\">\n\t\t\t\t\t<div class=\"aux-parallax-section elementor-column elementor-col-100 elementor-top-column elementor-element elementor-element-c48451e\" data-id=\"c48451e\" data-element_type=\"column\" data-e-type=\"column\">\n\t\t\t<div class=\"elementor-widget-wrap elementor-element-populated\">\n\t\t\t\t\t\t<div class=\"elementor-element elementor-element-75bf795 elementor-widget elementor-widget-text-editor\" data-id=\"75bf795\" data-element_type=\"widget\" data-e-type=\"widget\" data-widget_type=\"text-editor.default\">\n\t\t\t\t<div class=\"elementor-widget-container\">\n\t\t\t\t\t\t\t\t\t<p>La Medicina Tradicional China (MTC) nos ayuda a entender la salud y la enfermedad teniendo en cuenta la estrecha conexi\u00f3n que existe entre mente-cuerpo-emociones. Es una medicina hol\u00edstica y una gran terapia complementaria a la hora de mejorar nuestra salud. Nos acerca a nuestro propio autoconocimiento y esto nos da herramientas propias para encontrarnos mejor.<\/p><p>La MTC entiende la salud y la enfermedad como un equilibrio-desequilibrio energ\u00e9tico. Realizamos un diagn\u00f3stico biopsicosocial basado en este equilibrio ya partir de ah\u00ed proponemos un tratamiento para combatir el desequilibrio. Podemos utilizar diferentes elementos terap\u00e9uticos, siendo el m\u00e1s conocido la acupuntura, pero tambi\u00e9n moxibusti\u00f3n, electroacupuntura, ventosas, masaje, fitoterapia, consejos nutricionales, etc.<\/p><p>Nos puede ayudar en infinidad de situaciones: dolor en general, problemas osteomusculares, cefalea, angustia, depresi\u00f3n, insomnio, bruxismo, ac\u00fafenos, v\u00e9rtigo, fibromialgia, esfera ginecol\u00f3gica, fertilidad y acompa\u00f1amiento del embarazo, problemas gastrointestinales, problemas respiratorios inmunol\u00f3gico, deshabituaci\u00f3n al tabaco, acompa\u00f1amiento de pacientes oncol\u00f3gicos, obesidad, etc.<\/p><p>Podemos utilizar diferentes elementos terap\u00e9uticos, siendo el m\u00e1s conocido la acupuntura, que en el caso de los ni\u00f1os y ni\u00f1as utiliza un material espec\u00edfico con el objetivo de conseguir un buen resultado terap\u00e9utico sin dolor. Pero tambi\u00e9n utilizamos moxibusti\u00f3n, electroacupuntura, ventosas, masaje, fitoterapia, consejos nutricionales, etc.<\/p><p>Los resultados en ni\u00f1os y ni\u00f1as son buenos y suelen ser m\u00e1s r\u00e1pidos que en adultos. Es un tratamiento seguro, muy bien tolerado, sin efectos secundarios y que podemos utilizar desde el nacimiento.<\/p><p>Indicaciones: dolor en general, cefalea, bronquitis y otras infecciones de repetici\u00f3n, trastornos digestivos (c\u00f3licos del lactante, dolor abdominal, estre\u00f1imiento, diarrea, v\u00f3mitos\u2026), problemas dermatol\u00f3gicos (dermatitis, urticaria\u2026), enuresis, trastornos menstruales, angustia.<\/p>\t\t\t\t\t\t\t\t<\/div>\n\t\t\t\t<\/div>\n\t\t\t\t<div class=\"elementor-element elementor-element-0aeec77 aux-appear-watch-animation aux-fade-in-up elementor-widget elementor-widget-heading\" data-id=\"0aeec77\" data-element_type=\"widget\" data-e-type=\"widget\" data-widget_type=\"heading.default\">\n\t\t\t\t<div class=\"elementor-widget-container\">\n\t\t\t\t\t<p class=\"elementor-heading-title elementor-size-default\">Consulta nuestras redes:<\/p>\t\t\t\t<\/div>\n\t\t\t\t<\/div>\n\t\t\t\t<div class=\"elementor-element elementor-element-5213205 elementor-shape-rounded elementor-grid-0 e-grid-align-center elementor-widget elementor-widget-social-icons\" data-id=\"5213205\" data-element_type=\"widget\" data-e-type=\"widget\" data-widget_type=\"social-icons.default\">\n\t\t\t\t<div class=\"elementor-widget-container\">\n\t\t\t\t\t\t\t<div class=\"elementor-social-icons-wrapper elementor-grid\" role=\"list\">\n\t\t\t\t\t\t\t<span class=\"elementor-grid-item\" role=\"listitem\">\n\t\t\t\t\t<a class=\"elementor-icon elementor-social-icon elementor-social-icon-instagram elementor-repeater-item-908cdf8\" href=\"https:\/\/www.instagram.com\/hekafisioterapia\" target=\"_blank\">\n\t\t\t\t\t\t<span class=\"elementor-screen-only\">Instagram<\/span>\n\t\t\t\t\t\t<i aria-hidden=\"true\" class=\"fab fa-instagram\"><\/i>\t\t\t\t\t<\/a>\n\t\t\t\t<\/span>\n\t\t\t\t\t\t\t<span class=\"elementor-grid-item\" role=\"listitem\">\n\t\t\t\t\t<a class=\"elementor-icon elementor-social-icon elementor-social-icon-youtube elementor-repeater-item-2ed265a\" href=\"https:\/\/www.youtube.com\/channel\/UCEJCqtoEl1y8Pg7LU9jg-Pw\" target=\"_blank\">\n\t\t\t\t\t\t<span class=\"elementor-screen-only\">Youtube<\/span>\n\t\t\t\t\t\t<i aria-hidden=\"true\" class=\"fab fa-youtube\"><\/i>\t\t\t\t\t<\/a>\n\t\t\t\t<\/span>\n\t\t\t\t\t<\/div>\n\t\t\t\t\t\t<\/div>\n\t\t\t\t<\/div>\n\t\t\t\t\t<\/div>\n\t\t<\/div>\n\t\t\t\t\t<\/div>\n\t\t<\/section>\n\t\t\t\t<\/div>","protected":false},"excerpt":{"rendered":"<p>heka MEDICINA TRADICIONAL XINESA PEDI\u00c0TRICA Ens ajuda a entendre la salut i la malaltia La Medicina Tradicional Xinesa (MTX) ens ajuda a entendre la salut i la malaltia tenint en compte l\u2019estreta connexi\u00f3 que existeix entre ment-cos-emocions. \u00c9s una medicina hol\u00edstica i una gran ter\u00e0pia complement\u00e0ria a l\u2019hora de poder millorar la nostra salut. Ens [&hellip;]<\/p>","protected":false},"author":1,"featured_media":0,"parent":0,"menu_order":0,"comment_status":"closed","ping_status":"closed","template":"","meta":{"footnotes":""},"class_list":["post-1991","page","type-page","status-publish","hentry"],"yoast_head":"<!-- This site is optimized with the Yoast SEO plugin v25.4 - https:\/\/yoast.com\/wordpress\/plugins\/seo\/ -->\n<title>Medicina Tradicional Xinesa Pedi\u00e0trica - Heka Fisioter\u00e0pia<\/title>\n<meta name=\"robots\" content=\"index, follow, max-snippet:-1, max-image-preview:large, max-video-preview:-1\" \/>\n<link rel=\"canonical\" href=\"https:\/\/hekafisioterapia.com\/es\/medicina-tradicional-xinesa-pediatrica\/\" \/>\n<meta property=\"og:locale\" content=\"es_ES\" \/>\n<meta property=\"og:type\" content=\"article\" \/>\n<meta property=\"og:title\" content=\"Medicina Tradicional Xinesa Pedi\u00e0trica - Heka Fisioter\u00e0pia\" \/>\n<meta property=\"og:description\" content=\"heka MEDICINA TRADICIONAL XINESA PEDI\u00c0TRICA Ens ajuda a entendre la salut i la malaltia La Medicina Tradicional Xinesa (MTX) ens ajuda a entendre la salut i la malaltia tenint en compte l\u2019estreta connexi\u00f3 que existeix entre ment-cos-emocions. \u00c9s una medicina hol\u00edstica i una gran ter\u00e0pia complement\u00e0ria a l\u2019hora de poder millorar la nostra salut. Ens [&hellip;]\" \/>\n<meta property=\"og:url\" content=\"https:\/\/hekafisioterapia.com\/es\/medicina-tradicional-xinesa-pediatrica\/\" \/>\n<meta property=\"og:site_name\" content=\"Heka Fisioter\u00e0pia\" \/>\n<meta property=\"article:modified_time\" content=\"2025-03-30T17:25:02+00:00\" \/>\n<meta name=\"twitter:card\" content=\"summary_large_image\" \/>\n<meta name=\"twitter:label1\" content=\"Tiempo de lectura\" \/>\n\t<meta name=\"twitter:data1\" content=\"2 minutos\" \/>\n<script type=\"application\/ld+json\" class=\"yoast-schema-graph\">{\"@context\":\"https:\/\/schema.org\",\"@graph\":[{\"@type\":\"WebPage\",\"@id\":\"https:\/\/hekafisioterapia.com\/medicina-tradicional-xinesa-pediatrica\/\",\"url\":\"https:\/\/hekafisioterapia.com\/medicina-tradicional-xinesa-pediatrica\/\",\"name\":\"Medicina Tradicional Xinesa Pedi\u00e0trica - Heka Fisioter\u00e0pia\",\"isPartOf\":{\"@id\":\"https:\/\/hekafisioterapia.com\/#website\"},\"datePublished\":\"2025-03-30T17:23:08+00:00\",\"dateModified\":\"2025-03-30T17:25:02+00:00\",\"breadcrumb\":{\"@id\":\"https:\/\/hekafisioterapia.com\/medicina-tradicional-xinesa-pediatrica\/#breadcrumb\"},\"inLanguage\":\"es\",\"potentialAction\":[{\"@type\":\"ReadAction\",\"target\":[\"https:\/\/hekafisioterapia.com\/medicina-tradicional-xinesa-pediatrica\/\"]}]},{\"@type\":\"BreadcrumbList\",\"@id\":\"https:\/\/hekafisioterapia.com\/medicina-tradicional-xinesa-pediatrica\/#breadcrumb\",\"itemListElement\":[{\"@type\":\"ListItem\",\"position\":1,\"name\":\"Portada\",\"item\":\"https:\/\/hekafisioterapia.com\/\"},{\"@type\":\"ListItem\",\"position\":2,\"name\":\"Medicina Tradicional Xinesa Pedi\u00e0trica\"}]},{\"@type\":\"WebSite\",\"@id\":\"https:\/\/hekafisioterapia.com\/#website\",\"url\":\"https:\/\/hekafisioterapia.com\/\",\"name\":\"Heka Fisioter\u00e0pia\",\"description\":\"\",\"publisher\":{\"@id\":\"https:\/\/hekafisioterapia.com\/#organization\"},\"potentialAction\":[{\"@type\":\"SearchAction\",\"target\":{\"@type\":\"EntryPoint\",\"urlTemplate\":\"https:\/\/hekafisioterapia.com\/?s={search_term_string}\"},\"query-input\":{\"@type\":\"PropertyValueSpecification\",\"valueRequired\":true,\"valueName\":\"search_term_string\"}}],\"inLanguage\":\"es\"},{\"@type\":\"Organization\",\"@id\":\"https:\/\/hekafisioterapia.com\/#organization\",\"name\":\"Heka Fisioter\u00e0pia\",\"url\":\"https:\/\/hekafisioterapia.com\/\",\"logo\":{\"@type\":\"ImageObject\",\"inLanguage\":\"es\",\"@id\":\"https:\/\/hekafisioterapia.com\/#\/schema\/logo\/image\/\",\"url\":\"https:\/\/hekafisioterapia.com\/wp-content\/uploads\/2024\/07\/LOGO-DEF_horizontal-862x168x0x0x862x166x1600522261.png\",\"contentUrl\":\"https:\/\/hekafisioterapia.com\/wp-content\/uploads\/2024\/07\/LOGO-DEF_horizontal-862x168x0x0x862x166x1600522261.png\",\"width\":602,\"height\":115,\"caption\":\"Heka Fisioter\u00e0pia\"},\"image\":{\"@id\":\"https:\/\/hekafisioterapia.com\/#\/schema\/logo\/image\/\"},\"sameAs\":[\"https:\/\/www.youtube.com\/@hekafisioterapia\",\"https:\/\/www.instagram.com\/hekafisioterapia\/\"]}]}<\/script>\n<!-- \/ Yoast SEO plugin. -->","yoast_head_json":{"title":"Medicina Tradicional Xinesa Pedi\u00e0trica - Heka Fisioter\u00e0pia","robots":{"index":"index","follow":"follow","max-snippet":"max-snippet:-1","max-image-preview":"max-image-preview:large","max-video-preview":"max-video-preview:-1"},"canonical":"https:\/\/hekafisioterapia.com\/es\/medicina-tradicional-xinesa-pediatrica\/","og_locale":"es_ES","og_type":"article","og_title":"Medicina Tradicional Xinesa Pedi\u00e0trica - Heka Fisioter\u00e0pia","og_description":"heka MEDICINA TRADICIONAL XINESA PEDI\u00c0TRICA Ens ajuda a entendre la salut i la malaltia La Medicina Tradicional Xinesa (MTX) ens ajuda a entendre la salut i la malaltia tenint en compte l\u2019estreta connexi\u00f3 que existeix entre ment-cos-emocions. \u00c9s una medicina hol\u00edstica i una gran ter\u00e0pia complement\u00e0ria a l\u2019hora de poder millorar la nostra salut. Ens [&hellip;]","og_url":"https:\/\/hekafisioterapia.com\/es\/medicina-tradicional-xinesa-pediatrica\/","og_site_name":"Heka Fisioter\u00e0pia","article_modified_time":"2025-03-30T17:25:02+00:00","twitter_card":"summary_large_image","twitter_misc":{"Tiempo de lectura":"2 minutos"},"schema":{"@context":"https:\/\/schema.org","@graph":[{"@type":"WebPage","@id":"https:\/\/hekafisioterapia.com\/medicina-tradicional-xinesa-pediatrica\/","url":"https:\/\/hekafisioterapia.com\/medicina-tradicional-xinesa-pediatrica\/","name":"Medicina Tradicional Xinesa Pedi\u00e0trica - Heka Fisioter\u00e0pia","isPartOf":{"@id":"https:\/\/hekafisioterapia.com\/#website"},"datePublished":"2025-03-30T17:23:08+00:00","dateModified":"2025-03-30T17:25:02+00:00","breadcrumb":{"@id":"https:\/\/hekafisioterapia.com\/medicina-tradicional-xinesa-pediatrica\/#breadcrumb"},"inLanguage":"es","potentialAction":[{"@type":"ReadAction","target":["https:\/\/hekafisioterapia.com\/medicina-tradicional-xinesa-pediatrica\/"]}]},{"@type":"BreadcrumbList","@id":"https:\/\/hekafisioterapia.com\/medicina-tradicional-xinesa-pediatrica\/#breadcrumb","itemListElement":[{"@type":"ListItem","position":1,"name":"Portada","item":"https:\/\/hekafisioterapia.com\/"},{"@type":"ListItem","position":2,"name":"Medicina Tradicional Xinesa Pedi\u00e0trica"}]},{"@type":"WebSite","@id":"https:\/\/hekafisioterapia.com\/#website","url":"https:\/\/hekafisioterapia.com\/","name":"Heka Fisioter\u00e0pia","description":"","publisher":{"@id":"https:\/\/hekafisioterapia.com\/#organization"},"potentialAction":[{"@type":"SearchAction","target":{"@type":"EntryPoint","urlTemplate":"https:\/\/hekafisioterapia.com\/?s={search_term_string}"},"query-input":{"@type":"PropertyValueSpecification","valueRequired":true,"valueName":"search_term_string"}}],"inLanguage":"es"},{"@type":"Organization","@id":"https:\/\/hekafisioterapia.com\/#organization","name":"Heka Fisioter\u00e0pia","url":"https:\/\/hekafisioterapia.com\/","logo":{"@type":"ImageObject","inLanguage":"es","@id":"https:\/\/hekafisioterapia.com\/#\/schema\/logo\/image\/","url":"https:\/\/hekafisioterapia.com\/wp-content\/uploads\/2024\/07\/LOGO-DEF_horizontal-862x168x0x0x862x166x1600522261.png","contentUrl":"https:\/\/hekafisioterapia.com\/wp-content\/uploads\/2024\/07\/LOGO-DEF_horizontal-862x168x0x0x862x166x1600522261.png","width":602,"height":115,"caption":"Heka Fisioter\u00e0pia"},"image":{"@id":"https:\/\/hekafisioterapia.com\/#\/schema\/logo\/image\/"},"sameAs":["https:\/\/www.youtube.com\/@hekafisioterapia","https:\/\/www.instagram.com\/hekafisioterapia\/"]}]}},"_links":{"self":[{"href":"https:\/\/hekafisioterapia.com\/es\/wp-json\/wp\/v2\/pages\/1991","targetHints":{"allow":["GET"]}}],"collection":[{"href":"https:\/\/hekafisioterapia.com\/es\/wp-json\/wp\/v2\/pages"}],"about":[{"href":"https:\/\/hekafisioterapia.com\/es\/wp-json\/wp\/v2\/types\/page"}],"author":[{"embeddable":true,"href":"https:\/\/hekafisioterapia.com\/es\/wp-json\/wp\/v2\/users\/1"}],"replies":[{"embeddable":true,"href":"https:\/\/hekafisioterapia.com\/es\/wp-json\/wp\/v2\/comments?post=1991"}],"version-history":[{"count":4,"href":"https:\/\/hekafisioterapia.com\/es\/wp-json\/wp\/v2\/pages\/1991\/revisions"}],"predecessor-version":[{"id":1995,"href":"https:\/\/hekafisioterapia.com\/es\/wp-json\/wp\/v2\/pages\/1991\/revisions\/1995"}],"wp:attachment":[{"href":"https:\/\/hekafisioterapia.com\/es\/wp-json\/wp\/v2\/media?parent=1991"}],"curies":[{"name":"wp","href":"https:\/\/api.w.org\/{rel}","templated":true}]}}