{"id":144,"date":"2024-07-01T11:55:44","date_gmt":"2024-07-01T09:55:44","guid":{"rendered":"https:\/\/heka.totmedia.net\/?page_id=144"},"modified":"2025-04-23T11:30:55","modified_gmt":"2025-04-23T09:30:55","slug":"el-centre","status":"publish","type":"page","link":"https:\/\/hekafisioterapia.com\/es\/el-centre\/","title":{"rendered":"El centro"},"content":{"rendered":"<div data-elementor-type=\"wp-post\" data-elementor-id=\"144\" class=\"elementor elementor-144\">\n\t\t\t\t\t\t<section class=\"elementor-section elementor-top-section elementor-element elementor-element-48752a6 elementor-section-boxed elementor-section-height-default elementor-section-height-default\" data-id=\"48752a6\" data-element_type=\"section\" data-e-type=\"section\">\n\t\t\t\t\t\t<div class=\"elementor-container elementor-column-gap-default\">\n\t\t\t\t\t<div class=\"aux-parallax-section elementor-column elementor-col-100 elementor-top-column elementor-element elementor-element-2357522\" data-id=\"2357522\" data-element_type=\"column\" data-e-type=\"column\">\n\t\t\t<div class=\"elementor-widget-wrap\">\n\t\t\t\t\t\t\t<\/div>\n\t\t<\/div>\n\t\t\t\t\t<\/div>\n\t\t<\/section>\n\t\t\t\t<section class=\"elementor-section elementor-top-section elementor-element elementor-element-11a8681 elementor-section-boxed elementor-section-height-default elementor-section-height-default\" data-id=\"11a8681\" data-element_type=\"section\" data-e-type=\"section\">\n\t\t\t\t\t\t<div class=\"elementor-container elementor-column-gap-default\">\n\t\t\t\t\t<div class=\"aux-parallax-section elementor-column elementor-col-100 elementor-top-column elementor-element elementor-element-33876d4\" data-id=\"33876d4\" data-element_type=\"column\" data-e-type=\"column\">\n\t\t\t<div class=\"elementor-widget-wrap elementor-element-populated\">\n\t\t\t\t\t\t<section class=\"elementor-section elementor-inner-section elementor-element elementor-element-aeb10d1 elementor-section-boxed elementor-section-height-default elementor-section-height-default\" data-id=\"aeb10d1\" data-element_type=\"section\" data-e-type=\"section\">\n\t\t\t\t\t\t<div class=\"elementor-container elementor-column-gap-default\">\n\t\t\t\t\t<div class=\"aux-parallax-section elementor-column elementor-col-100 elementor-inner-column elementor-element elementor-element-2e43336\" data-id=\"2e43336\" data-element_type=\"column\" data-e-type=\"column\">\n\t\t\t<div class=\"elementor-widget-wrap elementor-element-populated\">\n\t\t\t\t\t\t<div class=\"elementor-element elementor-element-70c25fe aux-appear-watch-animation aux-scale-up elementor-widget elementor-widget-heading\" data-id=\"70c25fe\" data-element_type=\"widget\" data-e-type=\"widget\" data-widget_type=\"heading.default\">\n\t\t\t\t<div class=\"elementor-widget-container\">\n\t\t\t\t\t<h2 class=\"elementor-heading-title elementor-size-default\">heka<\/h2>\t\t\t\t<\/div>\n\t\t\t\t<\/div>\n\t\t\t\t<div class=\"elementor-element elementor-element-3a1142c aux-appear-watch-animation aux-scale-down-1 elementor-widget elementor-widget-aux_modern_heading\" data-id=\"3a1142c\" data-element_type=\"widget\" data-e-type=\"widget\" data-widget_type=\"aux_modern_heading.default\">\n\t\t\t\t<div class=\"elementor-widget-container\">\n\t\t\t\t\t<section class=\"aux-widget-modern-heading\">\n            <div class=\"aux-widget-inner\"><h2 class=\"aux-modern-heading-primary\">EL CENTRO<\/h2><h3 class=\"aux-modern-heading-secondary\"><span class=\"aux-head-highlight\">Filosof\u00eda del centro<\/span><\/h3><\/div>\n        <\/section>\t\t\t\t<\/div>\n\t\t\t\t<\/div>\n\t\t\t\t\t<\/div>\n\t\t<\/div>\n\t\t\t\t\t<\/div>\n\t\t<\/section>\n\t\t\t\t\t<\/div>\n\t\t<\/div>\n\t\t\t\t\t<\/div>\n\t\t<\/section>\n\t\t\t\t<section class=\"elementor-section elementor-top-section elementor-element elementor-element-2b2187c elementor-section-boxed elementor-section-height-default elementor-section-height-default\" data-id=\"2b2187c\" data-element_type=\"section\" data-e-type=\"section\">\n\t\t\t\t\t\t<div class=\"elementor-container elementor-column-gap-default\">\n\t\t\t\t\t<div class=\"aux-parallax-section elementor-column elementor-col-100 elementor-top-column elementor-element elementor-element-1c6c058\" data-id=\"1c6c058\" data-element_type=\"column\" data-e-type=\"column\">\n\t\t\t<div class=\"elementor-widget-wrap elementor-element-populated\">\n\t\t\t\t\t\t<div class=\"elementor-element elementor-element-cd6fadf elementor-widget elementor-widget-text-editor\" data-id=\"cd6fadf\" data-element_type=\"widget\" data-e-type=\"widget\" data-widget_type=\"text-editor.default\">\n\t\t\t\t<div class=\"elementor-widget-container\">\n\t\t\t\t\t\t\t\t\t<p>En la mitolog\u00eda egipcia, \u201cHeka\u201d significa \u201cmagia\u201d, simbolizando la <strong>capacidad del cuerpo para activar la<\/strong> <strong>su fuerza vital. <\/strong>Este concepto es el n\u00facleo de nuestro centro, porque cuanto m\u00e1s exploramos la fisiolog\u00eda humana, m\u00e1s nos maravilla la armon\u00eda con la que funciona el cuerpo.<\/p><p>A <strong>Heka, Fisioterapia, Salud y Movimiento<\/strong>, nos centramos en mantener y potenciar esta fuerza vital a trav\u00e9s de la fisioterapia, la osteopat\u00eda, la psiconeuroinmunolog\u00eda y el movimiento consciente. La fisioterapia y la osteopat\u00eda trabajan conjuntamente para restaurar y equilibrar el cuerpo, mientras que la psiconeuroinmunolog\u00eda aborda la conexi\u00f3n entre mente, cuerpo y sistema inmunol\u00f3gico. Adem\u00e1s promovemos el movimiento respetuoso como base para una vida saludable.<\/p><p>Entendemos que el estr\u00e9s y el sedentarismo pueden afectar a este equilibrio, por eso <strong>ofrecemos un<\/strong> <strong>enfoque integral para que el organismo recupere y mantenga su magia natural<\/strong>en todas las etapas de la vida.<\/p>\t\t\t\t\t\t\t\t<\/div>\n\t\t\t\t<\/div>\n\t\t\t\t\t<\/div>\n\t\t<\/div>\n\t\t\t\t\t<\/div>\n\t\t<\/section>\n\t\t\t\t<section class=\"elementor-section elementor-top-section elementor-element elementor-element-558be10 elementor-section-boxed elementor-section-height-default elementor-section-height-default\" data-id=\"558be10\" data-element_type=\"section\" data-e-type=\"section\">\n\t\t\t\t\t\t<div class=\"elementor-container elementor-column-gap-default\">\n\t\t\t\t\t<div class=\"aux-parallax-section elementor-column elementor-col-33 elementor-top-column elementor-element elementor-element-2c039cc\" data-id=\"2c039cc\" data-element_type=\"column\" data-e-type=\"column\">\n\t\t\t<div class=\"elementor-widget-wrap elementor-element-populated\">\n\t\t\t\t\t\t<div class=\"elementor-element elementor-element-75ae714 elementor-widget elementor-widget-image\" data-id=\"75ae714\" data-element_type=\"widget\" data-e-type=\"widget\" data-widget_type=\"image.default\">\n\t\t\t\t<div class=\"elementor-widget-container\">\n\t\t\t\t\t\t\t\t\t\t\t\t\t\t\t<img fetchpriority=\"high\" decoding=\"async\" width=\"1024\" height=\"1000\" src=\"https:\/\/hekafisioterapia.com\/wp-content\/uploads\/2025\/04\/WhatsApp-Image-2025-04-22-at-12.15.00-1-1024x1000.jpeg\" class=\"attachment-large size-large wp-image-2115\" alt=\"\" \/>\t\t\t\t\t\t\t\t\t\t\t\t\t\t\t<\/div>\n\t\t\t\t<\/div>\n\t\t\t\t\t<\/div>\n\t\t<\/div>\n\t\t\t\t<div class=\"aux-parallax-section elementor-column elementor-col-33 elementor-top-column elementor-element elementor-element-a029e79\" data-id=\"a029e79\" data-element_type=\"column\" data-e-type=\"column\">\n\t\t\t<div class=\"elementor-widget-wrap elementor-element-populated\">\n\t\t\t\t\t\t<div class=\"elementor-element elementor-element-10ccffa elementor-widget elementor-widget-image\" data-id=\"10ccffa\" data-element_type=\"widget\" data-e-type=\"widget\" data-widget_type=\"image.default\">\n\t\t\t\t<div class=\"elementor-widget-container\">\n\t\t\t\t\t\t\t\t\t\t\t\t\t\t\t<img decoding=\"async\" width=\"1024\" height=\"1000\" src=\"https:\/\/hekafisioterapia.com\/wp-content\/uploads\/2025\/04\/WhatsApp-Image-2025-04-22-at-12.15.00-1024x1000.jpeg\" class=\"attachment-large size-large wp-image-2114\" alt=\"\" \/>\t\t\t\t\t\t\t\t\t\t\t\t\t\t\t<\/div>\n\t\t\t\t<\/div>\n\t\t\t\t\t<\/div>\n\t\t<\/div>\n\t\t\t\t<div class=\"aux-parallax-section elementor-column elementor-col-33 elementor-top-column elementor-element elementor-element-fb21fc0\" data-id=\"fb21fc0\" data-element_type=\"column\" data-e-type=\"column\">\n\t\t\t<div class=\"elementor-widget-wrap elementor-element-populated\">\n\t\t\t\t\t\t<div class=\"elementor-element elementor-element-2514759 elementor-widget elementor-widget-image\" data-id=\"2514759\" data-element_type=\"widget\" data-e-type=\"widget\" data-widget_type=\"image.default\">\n\t\t\t\t<div class=\"elementor-widget-container\">\n\t\t\t\t\t\t\t\t\t\t\t\t\t\t\t<img decoding=\"async\" width=\"1024\" height=\"1000\" src=\"https:\/\/hekafisioterapia.com\/wp-content\/uploads\/2025\/04\/WhatsApp-Image-2025-04-22-at-12.15.01-1-1024x1000.jpeg\" class=\"attachment-large size-large wp-image-2113\" alt=\"\" \/>\t\t\t\t\t\t\t\t\t\t\t\t\t\t\t<\/div>\n\t\t\t\t<\/div>\n\t\t\t\t\t<\/div>\n\t\t<\/div>\n\t\t\t\t\t<\/div>\n\t\t<\/section>\n\t\t\t\t<\/div>","protected":false},"excerpt":{"rendered":"<p>heka EL CENTRE Filosof\u00eda del centre A la mitologia eg\u00edpcia, &#8220;Heka&#8221; significa &#8220;m\u00e0gia&#8221;, simbolitzant la capacitat del cos per activar la seva for\u00e7a vital. Aquest concepte \u00e9s el nucli del nostre centre, perqu\u00e8 com m\u00e9s explorem la fisiologia humana, m\u00e9s ens meravella l\u2019harmonia amb qu\u00e8 funciona el cos. A Heka, Fisioter\u00e0pia, Salut i Moviment, ens [&hellip;]<\/p>","protected":false},"author":1,"featured_media":0,"parent":0,"menu_order":0,"comment_status":"closed","ping_status":"closed","template":"","meta":{"footnotes":""},"class_list":["post-144","page","type-page","status-publish","hentry"],"yoast_head":"<!-- This site is optimized with the Yoast SEO plugin v25.4 - https:\/\/yoast.com\/wordpress\/plugins\/seo\/ -->\n<title>El centre - Heka Fisioter\u00e0pia<\/title>\n<meta name=\"robots\" content=\"index, follow, max-snippet:-1, max-image-preview:large, max-video-preview:-1\" \/>\n<link rel=\"canonical\" href=\"https:\/\/hekafisioterapia.com\/es\/el-centre\/\" \/>\n<meta property=\"og:locale\" content=\"es_ES\" \/>\n<meta property=\"og:type\" content=\"article\" \/>\n<meta property=\"og:title\" content=\"El centre - Heka Fisioter\u00e0pia\" \/>\n<meta property=\"og:description\" content=\"heka EL CENTRE Filosof\u00eda del centre A la mitologia eg\u00edpcia, &#8220;Heka&#8221; significa &#8220;m\u00e0gia&#8221;, simbolitzant la capacitat del cos per activar la seva for\u00e7a vital. Aquest concepte \u00e9s el nucli del nostre centre, perqu\u00e8 com m\u00e9s explorem la fisiologia humana, m\u00e9s ens meravella l\u2019harmonia amb qu\u00e8 funciona el cos. A Heka, Fisioter\u00e0pia, Salut i Moviment, ens [&hellip;]\" \/>\n<meta property=\"og:url\" content=\"https:\/\/hekafisioterapia.com\/es\/el-centre\/\" \/>\n<meta property=\"og:site_name\" content=\"Heka Fisioter\u00e0pia\" \/>\n<meta property=\"article:modified_time\" content=\"2025-04-23T09:30:55+00:00\" \/>\n<meta property=\"og:image\" content=\"https:\/\/heka.totmedia.net\/wp-content\/uploads\/2025\/04\/WhatsApp-Image-2025-04-22-at-12.15.00-1-1024x1000.jpeg\" \/>\n<meta name=\"twitter:card\" content=\"summary_large_image\" \/>\n<meta name=\"twitter:label1\" content=\"Tiempo de lectura\" \/>\n\t<meta name=\"twitter:data1\" content=\"1 minuto\" \/>\n<script type=\"application\/ld+json\" class=\"yoast-schema-graph\">{\"@context\":\"https:\/\/schema.org\",\"@graph\":[{\"@type\":\"WebPage\",\"@id\":\"https:\/\/hekafisioterapia.com\/el-centre\/\",\"url\":\"https:\/\/hekafisioterapia.com\/el-centre\/\",\"name\":\"El centre - Heka Fisioter\u00e0pia\",\"isPartOf\":{\"@id\":\"https:\/\/hekafisioterapia.com\/#website\"},\"primaryImageOfPage\":{\"@id\":\"https:\/\/hekafisioterapia.com\/el-centre\/#primaryimage\"},\"image\":{\"@id\":\"https:\/\/hekafisioterapia.com\/el-centre\/#primaryimage\"},\"thumbnailUrl\":\"https:\/\/heka.totmedia.net\/wp-content\/uploads\/2025\/04\/WhatsApp-Image-2025-04-22-at-12.15.00-1-1024x1000.jpeg\",\"datePublished\":\"2024-07-01T09:55:44+00:00\",\"dateModified\":\"2025-04-23T09:30:55+00:00\",\"breadcrumb\":{\"@id\":\"https:\/\/hekafisioterapia.com\/el-centre\/#breadcrumb\"},\"inLanguage\":\"es\",\"potentialAction\":[{\"@type\":\"ReadAction\",\"target\":[\"https:\/\/hekafisioterapia.com\/el-centre\/\"]}]},{\"@type\":\"ImageObject\",\"inLanguage\":\"es\",\"@id\":\"https:\/\/hekafisioterapia.com\/el-centre\/#primaryimage\",\"url\":\"https:\/\/heka.totmedia.net\/wp-content\/uploads\/2025\/04\/WhatsApp-Image-2025-04-22-at-12.15.00-1-1024x1000.jpeg\",\"contentUrl\":\"https:\/\/heka.totmedia.net\/wp-content\/uploads\/2025\/04\/WhatsApp-Image-2025-04-22-at-12.15.00-1-1024x1000.jpeg\"},{\"@type\":\"BreadcrumbList\",\"@id\":\"https:\/\/hekafisioterapia.com\/el-centre\/#breadcrumb\",\"itemListElement\":[{\"@type\":\"ListItem\",\"position\":1,\"name\":\"Portada\",\"item\":\"https:\/\/hekafisioterapia.com\/\"},{\"@type\":\"ListItem\",\"position\":2,\"name\":\"El centre\"}]},{\"@type\":\"WebSite\",\"@id\":\"https:\/\/hekafisioterapia.com\/#website\",\"url\":\"https:\/\/hekafisioterapia.com\/\",\"name\":\"Heka Fisioter\u00e0pia\",\"description\":\"\",\"publisher\":{\"@id\":\"https:\/\/hekafisioterapia.com\/#organization\"},\"potentialAction\":[{\"@type\":\"SearchAction\",\"target\":{\"@type\":\"EntryPoint\",\"urlTemplate\":\"https:\/\/hekafisioterapia.com\/?s={search_term_string}\"},\"query-input\":{\"@type\":\"PropertyValueSpecification\",\"valueRequired\":true,\"valueName\":\"search_term_string\"}}],\"inLanguage\":\"es\"},{\"@type\":\"Organization\",\"@id\":\"https:\/\/hekafisioterapia.com\/#organization\",\"name\":\"Heka Fisioter\u00e0pia\",\"url\":\"https:\/\/hekafisioterapia.com\/\",\"logo\":{\"@type\":\"ImageObject\",\"inLanguage\":\"es\",\"@id\":\"https:\/\/hekafisioterapia.com\/#\/schema\/logo\/image\/\",\"url\":\"https:\/\/hekafisioterapia.com\/wp-content\/uploads\/2024\/07\/LOGO-DEF_horizontal-862x168x0x0x862x166x1600522261.png\",\"contentUrl\":\"https:\/\/hekafisioterapia.com\/wp-content\/uploads\/2024\/07\/LOGO-DEF_horizontal-862x168x0x0x862x166x1600522261.png\",\"width\":602,\"height\":115,\"caption\":\"Heka Fisioter\u00e0pia\"},\"image\":{\"@id\":\"https:\/\/hekafisioterapia.com\/#\/schema\/logo\/image\/\"},\"sameAs\":[\"https:\/\/www.youtube.com\/@hekafisioterapia\",\"https:\/\/www.instagram.com\/hekafisioterapia\/\"]}]}<\/script>\n<!-- \/ Yoast SEO plugin. -->","yoast_head_json":{"title":"El centre - Heka Fisioter\u00e0pia","robots":{"index":"index","follow":"follow","max-snippet":"max-snippet:-1","max-image-preview":"max-image-preview:large","max-video-preview":"max-video-preview:-1"},"canonical":"https:\/\/hekafisioterapia.com\/es\/el-centre\/","og_locale":"es_ES","og_type":"article","og_title":"El centre - Heka Fisioter\u00e0pia","og_description":"heka EL CENTRE Filosof\u00eda del centre A la mitologia eg\u00edpcia, &#8220;Heka&#8221; significa &#8220;m\u00e0gia&#8221;, simbolitzant la capacitat del cos per activar la seva for\u00e7a vital. Aquest concepte \u00e9s el nucli del nostre centre, perqu\u00e8 com m\u00e9s explorem la fisiologia humana, m\u00e9s ens meravella l\u2019harmonia amb qu\u00e8 funciona el cos. A Heka, Fisioter\u00e0pia, Salut i Moviment, ens [&hellip;]","og_url":"https:\/\/hekafisioterapia.com\/es\/el-centre\/","og_site_name":"Heka Fisioter\u00e0pia","article_modified_time":"2025-04-23T09:30:55+00:00","og_image":[{"url":"https:\/\/heka.totmedia.net\/wp-content\/uploads\/2025\/04\/WhatsApp-Image-2025-04-22-at-12.15.00-1-1024x1000.jpeg","type":"","width":"","height":""}],"twitter_card":"summary_large_image","twitter_misc":{"Tiempo de lectura":"1 minuto"},"schema":{"@context":"https:\/\/schema.org","@graph":[{"@type":"WebPage","@id":"https:\/\/hekafisioterapia.com\/el-centre\/","url":"https:\/\/hekafisioterapia.com\/el-centre\/","name":"El centre - Heka Fisioter\u00e0pia","isPartOf":{"@id":"https:\/\/hekafisioterapia.com\/#website"},"primaryImageOfPage":{"@id":"https:\/\/hekafisioterapia.com\/el-centre\/#primaryimage"},"image":{"@id":"https:\/\/hekafisioterapia.com\/el-centre\/#primaryimage"},"thumbnailUrl":"https:\/\/heka.totmedia.net\/wp-content\/uploads\/2025\/04\/WhatsApp-Image-2025-04-22-at-12.15.00-1-1024x1000.jpeg","datePublished":"2024-07-01T09:55:44+00:00","dateModified":"2025-04-23T09:30:55+00:00","breadcrumb":{"@id":"https:\/\/hekafisioterapia.com\/el-centre\/#breadcrumb"},"inLanguage":"es","potentialAction":[{"@type":"ReadAction","target":["https:\/\/hekafisioterapia.com\/el-centre\/"]}]},{"@type":"ImageObject","inLanguage":"es","@id":"https:\/\/hekafisioterapia.com\/el-centre\/#primaryimage","url":"https:\/\/heka.totmedia.net\/wp-content\/uploads\/2025\/04\/WhatsApp-Image-2025-04-22-at-12.15.00-1-1024x1000.jpeg","contentUrl":"https:\/\/heka.totmedia.net\/wp-content\/uploads\/2025\/04\/WhatsApp-Image-2025-04-22-at-12.15.00-1-1024x1000.jpeg"},{"@type":"BreadcrumbList","@id":"https:\/\/hekafisioterapia.com\/el-centre\/#breadcrumb","itemListElement":[{"@type":"ListItem","position":1,"name":"Portada","item":"https:\/\/hekafisioterapia.com\/"},{"@type":"ListItem","position":2,"name":"El centre"}]},{"@type":"WebSite","@id":"https:\/\/hekafisioterapia.com\/#website","url":"https:\/\/hekafisioterapia.com\/","name":"Heka Fisioter\u00e0pia","description":"","publisher":{"@id":"https:\/\/hekafisioterapia.com\/#organization"},"potentialAction":[{"@type":"SearchAction","target":{"@type":"EntryPoint","urlTemplate":"https:\/\/hekafisioterapia.com\/?s={search_term_string}"},"query-input":{"@type":"PropertyValueSpecification","valueRequired":true,"valueName":"search_term_string"}}],"inLanguage":"es"},{"@type":"Organization","@id":"https:\/\/hekafisioterapia.com\/#organization","name":"Heka Fisioter\u00e0pia","url":"https:\/\/hekafisioterapia.com\/","logo":{"@type":"ImageObject","inLanguage":"es","@id":"https:\/\/hekafisioterapia.com\/#\/schema\/logo\/image\/","url":"https:\/\/hekafisioterapia.com\/wp-content\/uploads\/2024\/07\/LOGO-DEF_horizontal-862x168x0x0x862x166x1600522261.png","contentUrl":"https:\/\/hekafisioterapia.com\/wp-content\/uploads\/2024\/07\/LOGO-DEF_horizontal-862x168x0x0x862x166x1600522261.png","width":602,"height":115,"caption":"Heka Fisioter\u00e0pia"},"image":{"@id":"https:\/\/hekafisioterapia.com\/#\/schema\/logo\/image\/"},"sameAs":["https:\/\/www.youtube.com\/@hekafisioterapia","https:\/\/www.instagram.com\/hekafisioterapia\/"]}]}},"_links":{"self":[{"href":"https:\/\/hekafisioterapia.com\/es\/wp-json\/wp\/v2\/pages\/144","targetHints":{"allow":["GET"]}}],"collection":[{"href":"https:\/\/hekafisioterapia.com\/es\/wp-json\/wp\/v2\/pages"}],"about":[{"href":"https:\/\/hekafisioterapia.com\/es\/wp-json\/wp\/v2\/types\/page"}],"author":[{"embeddable":true,"href":"https:\/\/hekafisioterapia.com\/es\/wp-json\/wp\/v2\/users\/1"}],"replies":[{"embeddable":true,"href":"https:\/\/hekafisioterapia.com\/es\/wp-json\/wp\/v2\/comments?post=144"}],"version-history":[{"count":19,"href":"https:\/\/hekafisioterapia.com\/es\/wp-json\/wp\/v2\/pages\/144\/revisions"}],"predecessor-version":[{"id":2124,"href":"https:\/\/hekafisioterapia.com\/es\/wp-json\/wp\/v2\/pages\/144\/revisions\/2124"}],"wp:attachment":[{"href":"https:\/\/hekafisioterapia.com\/es\/wp-json\/wp\/v2\/media?parent=144"}],"curies":[{"name":"wp","href":"https:\/\/api.w.org\/{rel}","templated":true}]}}