{"id":1075,"date":"2024-09-06T10:09:35","date_gmt":"2024-09-06T08:09:35","guid":{"rendered":"https:\/\/heka.totmedia.net\/?page_id=1075"},"modified":"2025-05-05T14:25:57","modified_gmt":"2025-05-05T12:25:57","slug":"psicologia-i-acompanyament-emocional","status":"publish","type":"page","link":"https:\/\/hekafisioterapia.com\/es\/psicologia-i-acompanyament-emocional\/","title":{"rendered":"Psicologia i Acompanyament emocional"},"content":{"rendered":"<div data-elementor-type=\"wp-post\" data-elementor-id=\"1075\" class=\"elementor elementor-1075\">\n\t\t\t\t\t\t<section class=\"elementor-section elementor-top-section elementor-element elementor-element-7c64402 elementor-section-boxed elementor-section-height-default elementor-section-height-default\" data-id=\"7c64402\" data-element_type=\"section\" data-e-type=\"section\">\n\t\t\t\t\t\t<div class=\"elementor-container elementor-column-gap-default\">\n\t\t\t\t\t<div class=\"aux-parallax-section elementor-column elementor-col-100 elementor-top-column elementor-element elementor-element-cb9255f\" data-id=\"cb9255f\" data-element_type=\"column\" data-e-type=\"column\">\n\t\t\t<div class=\"elementor-widget-wrap elementor-element-populated\">\n\t\t\t\t\t\t<section class=\"elementor-section elementor-inner-section elementor-element elementor-element-3c05711 elementor-section-boxed elementor-section-height-default elementor-section-height-default\" data-id=\"3c05711\" data-element_type=\"section\" data-e-type=\"section\">\n\t\t\t\t\t\t<div class=\"elementor-container elementor-column-gap-default\">\n\t\t\t\t\t<div class=\"aux-parallax-section elementor-column elementor-col-100 elementor-inner-column elementor-element elementor-element-c7ae846\" data-id=\"c7ae846\" data-element_type=\"column\" data-e-type=\"column\">\n\t\t\t<div class=\"elementor-widget-wrap elementor-element-populated\">\n\t\t\t\t\t\t<div class=\"elementor-element elementor-element-a2ef18b aux-appear-watch-animation aux-scale-up elementor-widget elementor-widget-heading\" data-id=\"a2ef18b\" data-element_type=\"widget\" data-e-type=\"widget\" data-widget_type=\"heading.default\">\n\t\t\t\t<div class=\"elementor-widget-container\">\n\t\t\t\t\t<h2 class=\"elementor-heading-title elementor-size-default\">heka<\/h2>\t\t\t\t<\/div>\n\t\t\t\t<\/div>\n\t\t\t\t\t<\/div>\n\t\t<\/div>\n\t\t\t\t\t<\/div>\n\t\t<\/section>\n\t\t\t\t<div class=\"elementor-element elementor-element-21a7108 aux-appear-watch-animation aux-scale-down-1 elementor-widget elementor-widget-aux_modern_heading\" data-id=\"21a7108\" data-element_type=\"widget\" data-e-type=\"widget\" data-widget_type=\"aux_modern_heading.default\">\n\t\t\t\t<div class=\"elementor-widget-container\">\n\t\t\t\t\t<section class=\"aux-widget-modern-heading\">\n            <div class=\"aux-widget-inner\"><h2 class=\"aux-modern-heading-primary\">PSICOLOGIA I ACOMPANYAMENT EMOCIONAL<\/h2><h3 class=\"aux-modern-heading-secondary\"><span class=\"aux-head-highlight\">Troba el Suport que Necessites per Avan\u00e7ar<\/span><\/h3><\/div>\n        <\/section>\t\t\t\t<\/div>\n\t\t\t\t<\/div>\n\t\t\t\t\t<\/div>\n\t\t<\/div>\n\t\t\t\t\t<\/div>\n\t\t<\/section>\n\t\t\t\t<section class=\"elementor-section elementor-top-section elementor-element elementor-element-df95a84 elementor-section-boxed elementor-section-height-default elementor-section-height-default\" data-id=\"df95a84\" data-element_type=\"section\" data-e-type=\"section\">\n\t\t\t\t\t\t<div class=\"elementor-container elementor-column-gap-default\">\n\t\t\t\t\t<div class=\"aux-parallax-section elementor-column elementor-col-100 elementor-top-column elementor-element elementor-element-c586fb8\" data-id=\"c586fb8\" data-element_type=\"column\" data-e-type=\"column\">\n\t\t\t<div class=\"elementor-widget-wrap elementor-element-populated\">\n\t\t\t\t\t\t<div class=\"elementor-element elementor-element-c152e9b elementor-widget elementor-widget-text-editor\" data-id=\"c152e9b\" data-element_type=\"widget\" data-e-type=\"widget\" data-widget_type=\"text-editor.default\">\n\t\t\t\t<div class=\"elementor-widget-container\">\n\t\t\t\t\t\t\t\t\t<p>La psicologia i l&#8217;acompanyament emocional s\u00f3n clau quan et sents limitat per pors, creences o situacions dif\u00edcils. Pot ser \u00fatil en moments com:<\/p><p><strong>\u00b7 Pors i Creences Limitants:<\/strong> Quan et sents bloquejat per creences o patrons repetitius.<\/p><p><strong>\u00b7 Moments de Buida Existencial:<\/strong> Quan necessites una br\u00faixola en moments de canvi o crisi.<\/p><p><strong>\u00b7 Dificultats per Enfrontar Situacions:<\/strong> Quan et falten recursos per afrontar una situaci\u00f3 espec\u00edfica.<\/p><p><strong>\u00b7 Trauma Emocional:<\/strong> Quan un esdeveniment dolor\u00f3s et dificulta avan\u00e7ar.<\/p><p><strong>\u00b7 Repetici\u00f3 de Situacions:<\/strong> Quan et trobes atrapat en patrons que no saps com resoldre.<\/p><p><strong>\u00b7Suport en la Crian\u00e7a:<\/strong> Quan necessites suport per gestionar els reptes de la crian\u00e7a.<\/p><p><strong>Com s\u00f3n les Sessions?<\/strong> Les sessions combinen converses, exercicis i enfocament corporal. Treballem per alliberar bloquejos emocionals i ajudar-te a viure amb m\u00e9s llibertat i benestar.<\/p><p><strong>Per qu\u00e8 fer Ter\u00e0pia?<\/strong> La ter\u00e0pia t&#8217;ajuda a comprendre i transformar all\u00f2 que et limita, permetent-te viure amb plenitud i llibertat.<\/p>\t\t\t\t\t\t\t\t<\/div>\n\t\t\t\t<\/div>\n\t\t\t\t<div class=\"elementor-element elementor-element-561e50a aux-appear-watch-animation aux-fade-in-up elementor-widget elementor-widget-heading\" data-id=\"561e50a\" data-element_type=\"widget\" data-e-type=\"widget\" data-widget_type=\"heading.default\">\n\t\t\t\t<div class=\"elementor-widget-container\">\n\t\t\t\t\t<p class=\"elementor-heading-title elementor-size-default\">Consulta nuestras redes:<\/p>\t\t\t\t<\/div>\n\t\t\t\t<\/div>\n\t\t\t\t<div class=\"elementor-element elementor-element-15bba70 elementor-shape-rounded elementor-grid-0 e-grid-align-center elementor-widget elementor-widget-social-icons\" data-id=\"15bba70\" data-element_type=\"widget\" data-e-type=\"widget\" data-widget_type=\"social-icons.default\">\n\t\t\t\t<div class=\"elementor-widget-container\">\n\t\t\t\t\t\t\t<div class=\"elementor-social-icons-wrapper elementor-grid\" role=\"list\">\n\t\t\t\t\t\t\t<span class=\"elementor-grid-item\" role=\"listitem\">\n\t\t\t\t\t<a class=\"elementor-icon elementor-social-icon elementor-social-icon-instagram elementor-repeater-item-908cdf8\" href=\"https:\/\/www.instagram.com\/hekafisioterapia\" target=\"_blank\">\n\t\t\t\t\t\t<span class=\"elementor-screen-only\">Instagram<\/span>\n\t\t\t\t\t\t<i aria-hidden=\"true\" class=\"fab fa-instagram\"><\/i>\t\t\t\t\t<\/a>\n\t\t\t\t<\/span>\n\t\t\t\t\t\t\t<span class=\"elementor-grid-item\" role=\"listitem\">\n\t\t\t\t\t<a class=\"elementor-icon elementor-social-icon elementor-social-icon-youtube elementor-repeater-item-2ed265a\" href=\"https:\/\/www.youtube.com\/channel\/UCEJCqtoEl1y8Pg7LU9jg-Pw\" target=\"_blank\">\n\t\t\t\t\t\t<span class=\"elementor-screen-only\">Youtube<\/span>\n\t\t\t\t\t\t<i aria-hidden=\"true\" class=\"fab fa-youtube\"><\/i>\t\t\t\t\t<\/a>\n\t\t\t\t<\/span>\n\t\t\t\t\t<\/div>\n\t\t\t\t\t\t<\/div>\n\t\t\t\t<\/div>\n\t\t\t\t\t<\/div>\n\t\t<\/div>\n\t\t\t\t\t<\/div>\n\t\t<\/section>\n\t\t\t\t<\/div>","protected":false},"excerpt":{"rendered":"<p>heka PSICOLOGIA I ACOMPANYAMENT EMOCIONAL Troba el Suport que Necessites per Avan\u00e7ar La psicologia i l&#8217;acompanyament emocional s\u00f3n clau quan et sents limitat per pors, creences o situacions dif\u00edcils. Pot ser \u00fatil en moments com: \u00b7 Pors i Creences Limitants: Quan et sents bloquejat per creences o patrons repetitius. \u00b7 Moments de Buida Existencial: Quan [&hellip;]<\/p>","protected":false},"author":1,"featured_media":0,"parent":0,"menu_order":0,"comment_status":"closed","ping_status":"closed","template":"","meta":{"footnotes":""},"class_list":["post-1075","page","type-page","status-publish","hentry"],"yoast_head":"<!-- This site is optimized with the Yoast SEO plugin v25.4 - https:\/\/yoast.com\/wordpress\/plugins\/seo\/ -->\n<title>Psicologia i Acompanyament emocional - Heka Fisioter\u00e0pia<\/title>\n<meta name=\"robots\" content=\"index, follow, max-snippet:-1, max-image-preview:large, max-video-preview:-1\" \/>\n<link rel=\"canonical\" href=\"https:\/\/hekafisioterapia.com\/es\/psicologia-i-acompanyament-emocional\/\" \/>\n<meta property=\"og:locale\" content=\"es_ES\" \/>\n<meta property=\"og:type\" content=\"article\" \/>\n<meta property=\"og:title\" content=\"Psicologia i Acompanyament emocional - Heka Fisioter\u00e0pia\" \/>\n<meta property=\"og:description\" content=\"heka PSICOLOGIA I ACOMPANYAMENT EMOCIONAL Troba el Suport que Necessites per Avan\u00e7ar La psicologia i l&#8217;acompanyament emocional s\u00f3n clau quan et sents limitat per pors, creences o situacions dif\u00edcils. Pot ser \u00fatil en moments com: \u00b7 Pors i Creences Limitants: Quan et sents bloquejat per creences o patrons repetitius. \u00b7 Moments de Buida Existencial: Quan [&hellip;]\" \/>\n<meta property=\"og:url\" content=\"https:\/\/hekafisioterapia.com\/es\/psicologia-i-acompanyament-emocional\/\" \/>\n<meta property=\"og:site_name\" content=\"Heka Fisioter\u00e0pia\" \/>\n<meta property=\"article:modified_time\" content=\"2025-05-05T12:25:57+00:00\" \/>\n<meta name=\"twitter:card\" content=\"summary_large_image\" \/>\n<meta name=\"twitter:label1\" content=\"Tiempo de lectura\" \/>\n\t<meta name=\"twitter:data1\" content=\"1 minuto\" \/>\n<script type=\"application\/ld+json\" class=\"yoast-schema-graph\">{\"@context\":\"https:\/\/schema.org\",\"@graph\":[{\"@type\":\"WebPage\",\"@id\":\"https:\/\/hekafisioterapia.com\/psicologia-i-acompanyament-emocional\/\",\"url\":\"https:\/\/hekafisioterapia.com\/psicologia-i-acompanyament-emocional\/\",\"name\":\"Psicologia i Acompanyament emocional - Heka Fisioter\u00e0pia\",\"isPartOf\":{\"@id\":\"https:\/\/hekafisioterapia.com\/#website\"},\"datePublished\":\"2024-09-06T08:09:35+00:00\",\"dateModified\":\"2025-05-05T12:25:57+00:00\",\"breadcrumb\":{\"@id\":\"https:\/\/hekafisioterapia.com\/psicologia-i-acompanyament-emocional\/#breadcrumb\"},\"inLanguage\":\"es\",\"potentialAction\":[{\"@type\":\"ReadAction\",\"target\":[\"https:\/\/hekafisioterapia.com\/psicologia-i-acompanyament-emocional\/\"]}]},{\"@type\":\"BreadcrumbList\",\"@id\":\"https:\/\/hekafisioterapia.com\/psicologia-i-acompanyament-emocional\/#breadcrumb\",\"itemListElement\":[{\"@type\":\"ListItem\",\"position\":1,\"name\":\"Portada\",\"item\":\"https:\/\/hekafisioterapia.com\/\"},{\"@type\":\"ListItem\",\"position\":2,\"name\":\"Psicologia i Acompanyament emocional\"}]},{\"@type\":\"WebSite\",\"@id\":\"https:\/\/hekafisioterapia.com\/#website\",\"url\":\"https:\/\/hekafisioterapia.com\/\",\"name\":\"Heka Fisioter\u00e0pia\",\"description\":\"\",\"publisher\":{\"@id\":\"https:\/\/hekafisioterapia.com\/#organization\"},\"potentialAction\":[{\"@type\":\"SearchAction\",\"target\":{\"@type\":\"EntryPoint\",\"urlTemplate\":\"https:\/\/hekafisioterapia.com\/?s={search_term_string}\"},\"query-input\":{\"@type\":\"PropertyValueSpecification\",\"valueRequired\":true,\"valueName\":\"search_term_string\"}}],\"inLanguage\":\"es\"},{\"@type\":\"Organization\",\"@id\":\"https:\/\/hekafisioterapia.com\/#organization\",\"name\":\"Heka Fisioter\u00e0pia\",\"url\":\"https:\/\/hekafisioterapia.com\/\",\"logo\":{\"@type\":\"ImageObject\",\"inLanguage\":\"es\",\"@id\":\"https:\/\/hekafisioterapia.com\/#\/schema\/logo\/image\/\",\"url\":\"https:\/\/hekafisioterapia.com\/wp-content\/uploads\/2024\/07\/LOGO-DEF_horizontal-862x168x0x0x862x166x1600522261.png\",\"contentUrl\":\"https:\/\/hekafisioterapia.com\/wp-content\/uploads\/2024\/07\/LOGO-DEF_horizontal-862x168x0x0x862x166x1600522261.png\",\"width\":602,\"height\":115,\"caption\":\"Heka Fisioter\u00e0pia\"},\"image\":{\"@id\":\"https:\/\/hekafisioterapia.com\/#\/schema\/logo\/image\/\"},\"sameAs\":[\"https:\/\/www.youtube.com\/@hekafisioterapia\",\"https:\/\/www.instagram.com\/hekafisioterapia\/\"]}]}<\/script>\n<!-- \/ Yoast SEO plugin. -->","yoast_head_json":{"title":"Psicologia i Acompanyament emocional - Heka Fisioter\u00e0pia","robots":{"index":"index","follow":"follow","max-snippet":"max-snippet:-1","max-image-preview":"max-image-preview:large","max-video-preview":"max-video-preview:-1"},"canonical":"https:\/\/hekafisioterapia.com\/es\/psicologia-i-acompanyament-emocional\/","og_locale":"es_ES","og_type":"article","og_title":"Psicologia i Acompanyament emocional - Heka Fisioter\u00e0pia","og_description":"heka PSICOLOGIA I ACOMPANYAMENT EMOCIONAL Troba el Suport que Necessites per Avan\u00e7ar La psicologia i l&#8217;acompanyament emocional s\u00f3n clau quan et sents limitat per pors, creences o situacions dif\u00edcils. Pot ser \u00fatil en moments com: \u00b7 Pors i Creences Limitants: Quan et sents bloquejat per creences o patrons repetitius. \u00b7 Moments de Buida Existencial: Quan [&hellip;]","og_url":"https:\/\/hekafisioterapia.com\/es\/psicologia-i-acompanyament-emocional\/","og_site_name":"Heka Fisioter\u00e0pia","article_modified_time":"2025-05-05T12:25:57+00:00","twitter_card":"summary_large_image","twitter_misc":{"Tiempo de lectura":"1 minuto"},"schema":{"@context":"https:\/\/schema.org","@graph":[{"@type":"WebPage","@id":"https:\/\/hekafisioterapia.com\/psicologia-i-acompanyament-emocional\/","url":"https:\/\/hekafisioterapia.com\/psicologia-i-acompanyament-emocional\/","name":"Psicologia i Acompanyament emocional - Heka Fisioter\u00e0pia","isPartOf":{"@id":"https:\/\/hekafisioterapia.com\/#website"},"datePublished":"2024-09-06T08:09:35+00:00","dateModified":"2025-05-05T12:25:57+00:00","breadcrumb":{"@id":"https:\/\/hekafisioterapia.com\/psicologia-i-acompanyament-emocional\/#breadcrumb"},"inLanguage":"es","potentialAction":[{"@type":"ReadAction","target":["https:\/\/hekafisioterapia.com\/psicologia-i-acompanyament-emocional\/"]}]},{"@type":"BreadcrumbList","@id":"https:\/\/hekafisioterapia.com\/psicologia-i-acompanyament-emocional\/#breadcrumb","itemListElement":[{"@type":"ListItem","position":1,"name":"Portada","item":"https:\/\/hekafisioterapia.com\/"},{"@type":"ListItem","position":2,"name":"Psicologia i Acompanyament emocional"}]},{"@type":"WebSite","@id":"https:\/\/hekafisioterapia.com\/#website","url":"https:\/\/hekafisioterapia.com\/","name":"Heka Fisioter\u00e0pia","description":"","publisher":{"@id":"https:\/\/hekafisioterapia.com\/#organization"},"potentialAction":[{"@type":"SearchAction","target":{"@type":"EntryPoint","urlTemplate":"https:\/\/hekafisioterapia.com\/?s={search_term_string}"},"query-input":{"@type":"PropertyValueSpecification","valueRequired":true,"valueName":"search_term_string"}}],"inLanguage":"es"},{"@type":"Organization","@id":"https:\/\/hekafisioterapia.com\/#organization","name":"Heka Fisioter\u00e0pia","url":"https:\/\/hekafisioterapia.com\/","logo":{"@type":"ImageObject","inLanguage":"es","@id":"https:\/\/hekafisioterapia.com\/#\/schema\/logo\/image\/","url":"https:\/\/hekafisioterapia.com\/wp-content\/uploads\/2024\/07\/LOGO-DEF_horizontal-862x168x0x0x862x166x1600522261.png","contentUrl":"https:\/\/hekafisioterapia.com\/wp-content\/uploads\/2024\/07\/LOGO-DEF_horizontal-862x168x0x0x862x166x1600522261.png","width":602,"height":115,"caption":"Heka Fisioter\u00e0pia"},"image":{"@id":"https:\/\/hekafisioterapia.com\/#\/schema\/logo\/image\/"},"sameAs":["https:\/\/www.youtube.com\/@hekafisioterapia","https:\/\/www.instagram.com\/hekafisioterapia\/"]}]}},"_links":{"self":[{"href":"https:\/\/hekafisioterapia.com\/es\/wp-json\/wp\/v2\/pages\/1075","targetHints":{"allow":["GET"]}}],"collection":[{"href":"https:\/\/hekafisioterapia.com\/es\/wp-json\/wp\/v2\/pages"}],"about":[{"href":"https:\/\/hekafisioterapia.com\/es\/wp-json\/wp\/v2\/types\/page"}],"author":[{"embeddable":true,"href":"https:\/\/hekafisioterapia.com\/es\/wp-json\/wp\/v2\/users\/1"}],"replies":[{"embeddable":true,"href":"https:\/\/hekafisioterapia.com\/es\/wp-json\/wp\/v2\/comments?post=1075"}],"version-history":[{"count":10,"href":"https:\/\/hekafisioterapia.com\/es\/wp-json\/wp\/v2\/pages\/1075\/revisions"}],"predecessor-version":[{"id":2333,"href":"https:\/\/hekafisioterapia.com\/es\/wp-json\/wp\/v2\/pages\/1075\/revisions\/2333"}],"wp:attachment":[{"href":"https:\/\/hekafisioterapia.com\/es\/wp-json\/wp\/v2\/media?parent=1075"}],"curies":[{"name":"wp","href":"https:\/\/api.w.org\/{rel}","templated":true}]}}