{"id":1060,"date":"2024-09-05T17:27:36","date_gmt":"2024-09-05T15:27:36","guid":{"rendered":"https:\/\/heka.totmedia.net\/?page_id=1060"},"modified":"2025-04-26T11:49:30","modified_gmt":"2025-04-26T09:49:30","slug":"osteopatia-pediatrica","status":"publish","type":"page","link":"https:\/\/hekafisioterapia.com\/es\/osteopatia-pediatrica\/","title":{"rendered":"Osteopat\u00eda Pedi\u00e1trica"},"content":{"rendered":"<div data-elementor-type=\"wp-post\" data-elementor-id=\"1060\" class=\"elementor elementor-1060\">\n\t\t\t\t\t\t<section class=\"elementor-section elementor-top-section elementor-element elementor-element-0bc15b6 elementor-section-boxed elementor-section-height-default elementor-section-height-default\" data-id=\"0bc15b6\" data-element_type=\"section\" data-e-type=\"section\">\n\t\t\t\t\t\t<div class=\"elementor-container elementor-column-gap-default\">\n\t\t\t\t\t<div class=\"aux-parallax-section elementor-column elementor-col-100 elementor-top-column elementor-element elementor-element-4120f6a\" data-id=\"4120f6a\" data-element_type=\"column\" data-e-type=\"column\">\n\t\t\t<div class=\"elementor-widget-wrap\">\n\t\t\t\t\t\t\t<\/div>\n\t\t<\/div>\n\t\t\t\t\t<\/div>\n\t\t<\/section>\n\t\t\t\t<section class=\"elementor-section elementor-top-section elementor-element elementor-element-f26ea08 elementor-section-boxed elementor-section-height-default elementor-section-height-default\" data-id=\"f26ea08\" data-element_type=\"section\" data-e-type=\"section\">\n\t\t\t\t\t\t<div class=\"elementor-container elementor-column-gap-default\">\n\t\t\t\t\t<div class=\"aux-parallax-section elementor-column elementor-col-100 elementor-top-column elementor-element elementor-element-578065a\" data-id=\"578065a\" data-element_type=\"column\" data-e-type=\"column\">\n\t\t\t<div class=\"elementor-widget-wrap elementor-element-populated\">\n\t\t\t\t\t\t<section class=\"elementor-section elementor-inner-section elementor-element elementor-element-4ff5a4d elementor-section-boxed elementor-section-height-default elementor-section-height-default\" data-id=\"4ff5a4d\" data-element_type=\"section\" data-e-type=\"section\">\n\t\t\t\t\t\t<div class=\"elementor-container elementor-column-gap-default\">\n\t\t\t\t\t<div class=\"aux-parallax-section elementor-column elementor-col-100 elementor-inner-column elementor-element elementor-element-ede77be\" data-id=\"ede77be\" data-element_type=\"column\" data-e-type=\"column\">\n\t\t\t<div class=\"elementor-widget-wrap elementor-element-populated\">\n\t\t\t\t\t\t<div class=\"elementor-element elementor-element-600c398 aux-appear-watch-animation aux-scale-up elementor-widget elementor-widget-heading\" data-id=\"600c398\" data-element_type=\"widget\" data-e-type=\"widget\" data-widget_type=\"heading.default\">\n\t\t\t\t<div class=\"elementor-widget-container\">\n\t\t\t\t\t<h2 class=\"elementor-heading-title elementor-size-default\">heka<\/h2>\t\t\t\t<\/div>\n\t\t\t\t<\/div>\n\t\t\t\t\t<\/div>\n\t\t<\/div>\n\t\t\t\t\t<\/div>\n\t\t<\/section>\n\t\t\t\t<div class=\"elementor-element elementor-element-9a84e22 aux-appear-watch-animation aux-scale-down-1 elementor-widget elementor-widget-aux_modern_heading\" data-id=\"9a84e22\" data-element_type=\"widget\" data-e-type=\"widget\" data-widget_type=\"aux_modern_heading.default\">\n\t\t\t\t<div class=\"elementor-widget-container\">\n\t\t\t\t\t<section class=\"aux-widget-modern-heading\">\n            <div class=\"aux-widget-inner\"><h2 class=\"aux-modern-heading-primary\">OSTEOPAT\u00cdA PEDI\u00c1TRICA <\/h2><h3 class=\"aux-modern-heading-secondary\"><span class=\"aux-head-highlight\">Apoya el Desarrollo Natural de tu Beb\u00e9<\/span><\/h3><\/div>\n        <\/section>\t\t\t\t<\/div>\n\t\t\t\t<\/div>\n\t\t\t\t\t<\/div>\n\t\t<\/div>\n\t\t\t\t\t<\/div>\n\t\t<\/section>\n\t\t\t\t<section class=\"elementor-section elementor-top-section elementor-element elementor-element-1f372b5 elementor-section-boxed elementor-section-height-default elementor-section-height-default\" data-id=\"1f372b5\" data-element_type=\"section\" data-e-type=\"section\">\n\t\t\t\t\t\t<div class=\"elementor-container elementor-column-gap-default\">\n\t\t\t\t\t<div class=\"aux-parallax-section elementor-column elementor-col-100 elementor-top-column elementor-element elementor-element-c48451e\" data-id=\"c48451e\" data-element_type=\"column\" data-e-type=\"column\">\n\t\t\t<div class=\"elementor-widget-wrap elementor-element-populated\">\n\t\t\t\t\t\t<div class=\"elementor-element elementor-element-75bf795 elementor-widget elementor-widget-text-editor\" data-id=\"75bf795\" data-element_type=\"widget\" data-e-type=\"widget\" data-widget_type=\"text-editor.default\">\n\t\t\t\t<div class=\"elementor-widget-container\">\n\t\t\t\t\t\t\t\t\t<p>Durante el embarazo, el <strong>beb\u00e9<\/strong> puede experimentar tensiones como <strong>falta de espacio, vueltas de cord\u00f3n umbilical o el uso de f\u00f3rceps durante el parto<\/strong>. Estas situaciones pueden afectar a su sistema digestivo, musculoesquel\u00e9tico y neurol\u00f3gico, manifest\u00e1ndose en s\u00edntomas como <strong>c\u00f3licos, dificultades para dormir, irritabilidad, infecciones recurrentes y problemas de lactancia<\/strong>.<\/p><p>La osteopat\u00eda pedi\u00e1trica utiliza t\u00e9cnicas manuales suaves para liberar estas tensiones, ayudando al beb\u00e9 a sentirse m\u00e1s c\u00f3modo y favorecer su desarrollo natural.<\/p><p><strong>\u00bfC\u00f3mo puede ayudar la Osteopat\u00eda Pedi\u00e1trica?<\/strong><\/p><p><strong>\u00b7\u00a0<\/strong><strong>Musculoesquel\u00e9tico:<\/strong> Tort\u00edcolis, malas posturas, dificultades en el gateo.<\/p><p>\u00b7\u00a0<strong>Craneal:<\/strong> Plagiocefalia, problemas de lactancia, alteraciones del sue\u00f1o.<\/p><p>\u00b7\u00a0<strong>Digestivo:<\/strong> C\u00f3licos, estre\u00f1imiento, malestar abdominal.<\/p><p>\u00b7\u00a0<strong>Urogenital:<\/strong> Incontinencia, infecciones urinarias recurrentes.<\/p><p><strong>\u00bfCu\u00e1ndo visitar el oste\u00f3pata?<\/strong><\/p><p>Se recomienda una revisi\u00f3n a partir del primer mes de vida o si se presentan algunos de los problemas citados, a fin de asegurar un desarrollo saludable.<\/p>\t\t\t\t\t\t\t\t<\/div>\n\t\t\t\t<\/div>\n\t\t\t\t<div class=\"elementor-element elementor-element-0aeec77 aux-appear-watch-animation aux-fade-in-up elementor-widget elementor-widget-heading\" data-id=\"0aeec77\" data-element_type=\"widget\" data-e-type=\"widget\" data-widget_type=\"heading.default\">\n\t\t\t\t<div class=\"elementor-widget-container\">\n\t\t\t\t\t<p class=\"elementor-heading-title elementor-size-default\">Consulta nuestras redes:<\/p>\t\t\t\t<\/div>\n\t\t\t\t<\/div>\n\t\t\t\t<div class=\"elementor-element elementor-element-5213205 elementor-shape-rounded elementor-grid-0 e-grid-align-center elementor-widget elementor-widget-social-icons\" data-id=\"5213205\" data-element_type=\"widget\" data-e-type=\"widget\" data-widget_type=\"social-icons.default\">\n\t\t\t\t<div class=\"elementor-widget-container\">\n\t\t\t\t\t\t\t<div class=\"elementor-social-icons-wrapper elementor-grid\" role=\"list\">\n\t\t\t\t\t\t\t<span class=\"elementor-grid-item\" role=\"listitem\">\n\t\t\t\t\t<a class=\"elementor-icon elementor-social-icon elementor-social-icon-instagram elementor-repeater-item-908cdf8\" href=\"https:\/\/www.instagram.com\/hekafisioterapia\" target=\"_blank\">\n\t\t\t\t\t\t<span class=\"elementor-screen-only\">Instagram<\/span>\n\t\t\t\t\t\t<i aria-hidden=\"true\" class=\"fab fa-instagram\"><\/i>\t\t\t\t\t<\/a>\n\t\t\t\t<\/span>\n\t\t\t\t\t\t\t<span class=\"elementor-grid-item\" role=\"listitem\">\n\t\t\t\t\t<a class=\"elementor-icon elementor-social-icon elementor-social-icon-youtube elementor-repeater-item-2ed265a\" href=\"https:\/\/www.youtube.com\/channel\/UCEJCqtoEl1y8Pg7LU9jg-Pw\" target=\"_blank\">\n\t\t\t\t\t\t<span class=\"elementor-screen-only\">Youtube<\/span>\n\t\t\t\t\t\t<i aria-hidden=\"true\" class=\"fab fa-youtube\"><\/i>\t\t\t\t\t<\/a>\n\t\t\t\t<\/span>\n\t\t\t\t\t<\/div>\n\t\t\t\t\t\t<\/div>\n\t\t\t\t<\/div>\n\t\t\t\t\t<\/div>\n\t\t<\/div>\n\t\t\t\t\t<\/div>\n\t\t<\/section>\n\t\t\t\t<\/div>","protected":false},"excerpt":{"rendered":"<p>heka OSTEOPATIA PEDI\u00c0TRICA Dona suport al Desenvolupament Natural del teu Beb\u00e8 Durant l\u2019embar\u00e0s, el beb\u00e8 pot experimentar tensions com falta d\u2019espai, voltes de cord\u00f3 umbilical o l\u2019\u00fas de f\u00f2rceps durant el part. Aquestes situacions poden afectar el seu sistema digestiu, musculoesquel\u00e8tic i neurol\u00f2gic, manifestant-se en s\u00edmptomes com c\u00f2lics, dificultats per dormir, irritabilitat, infeccions recurrents i [&hellip;]<\/p>","protected":false},"author":1,"featured_media":0,"parent":0,"menu_order":0,"comment_status":"closed","ping_status":"closed","template":"","meta":{"footnotes":""},"class_list":["post-1060","page","type-page","status-publish","hentry"],"yoast_head":"<!-- This site is optimized with the Yoast SEO plugin v25.4 - https:\/\/yoast.com\/wordpress\/plugins\/seo\/ -->\n<title>Osteopatia Pedi\u00e0trica - Heka Fisioter\u00e0pia<\/title>\n<meta name=\"robots\" content=\"index, follow, max-snippet:-1, max-image-preview:large, max-video-preview:-1\" \/>\n<link rel=\"canonical\" href=\"https:\/\/hekafisioterapia.com\/es\/osteopatia-pediatrica\/\" \/>\n<meta property=\"og:locale\" content=\"es_ES\" \/>\n<meta property=\"og:type\" content=\"article\" \/>\n<meta property=\"og:title\" content=\"Osteopatia Pedi\u00e0trica - Heka Fisioter\u00e0pia\" \/>\n<meta property=\"og:description\" content=\"heka OSTEOPATIA PEDI\u00c0TRICA Dona suport al Desenvolupament Natural del teu Beb\u00e8 Durant l\u2019embar\u00e0s, el beb\u00e8 pot experimentar tensions com falta d\u2019espai, voltes de cord\u00f3 umbilical o l\u2019\u00fas de f\u00f2rceps durant el part. Aquestes situacions poden afectar el seu sistema digestiu, musculoesquel\u00e8tic i neurol\u00f2gic, manifestant-se en s\u00edmptomes com c\u00f2lics, dificultats per dormir, irritabilitat, infeccions recurrents i [&hellip;]\" \/>\n<meta property=\"og:url\" content=\"https:\/\/hekafisioterapia.com\/es\/osteopatia-pediatrica\/\" \/>\n<meta property=\"og:site_name\" content=\"Heka Fisioter\u00e0pia\" \/>\n<meta property=\"article:modified_time\" content=\"2025-04-26T09:49:30+00:00\" \/>\n<meta name=\"twitter:card\" content=\"summary_large_image\" \/>\n<meta name=\"twitter:label1\" content=\"Tiempo de lectura\" \/>\n\t<meta name=\"twitter:data1\" content=\"1 minuto\" \/>\n<script type=\"application\/ld+json\" class=\"yoast-schema-graph\">{\"@context\":\"https:\/\/schema.org\",\"@graph\":[{\"@type\":\"WebPage\",\"@id\":\"https:\/\/hekafisioterapia.com\/osteopatia-pediatrica\/\",\"url\":\"https:\/\/hekafisioterapia.com\/osteopatia-pediatrica\/\",\"name\":\"Osteopatia Pedi\u00e0trica - Heka Fisioter\u00e0pia\",\"isPartOf\":{\"@id\":\"https:\/\/hekafisioterapia.com\/#website\"},\"datePublished\":\"2024-09-05T15:27:36+00:00\",\"dateModified\":\"2025-04-26T09:49:30+00:00\",\"breadcrumb\":{\"@id\":\"https:\/\/hekafisioterapia.com\/osteopatia-pediatrica\/#breadcrumb\"},\"inLanguage\":\"es\",\"potentialAction\":[{\"@type\":\"ReadAction\",\"target\":[\"https:\/\/hekafisioterapia.com\/osteopatia-pediatrica\/\"]}]},{\"@type\":\"BreadcrumbList\",\"@id\":\"https:\/\/hekafisioterapia.com\/osteopatia-pediatrica\/#breadcrumb\",\"itemListElement\":[{\"@type\":\"ListItem\",\"position\":1,\"name\":\"Portada\",\"item\":\"https:\/\/hekafisioterapia.com\/\"},{\"@type\":\"ListItem\",\"position\":2,\"name\":\"Osteopatia Pedi\u00e0trica\"}]},{\"@type\":\"WebSite\",\"@id\":\"https:\/\/hekafisioterapia.com\/#website\",\"url\":\"https:\/\/hekafisioterapia.com\/\",\"name\":\"Heka Fisioter\u00e0pia\",\"description\":\"\",\"publisher\":{\"@id\":\"https:\/\/hekafisioterapia.com\/#organization\"},\"potentialAction\":[{\"@type\":\"SearchAction\",\"target\":{\"@type\":\"EntryPoint\",\"urlTemplate\":\"https:\/\/hekafisioterapia.com\/?s={search_term_string}\"},\"query-input\":{\"@type\":\"PropertyValueSpecification\",\"valueRequired\":true,\"valueName\":\"search_term_string\"}}],\"inLanguage\":\"es\"},{\"@type\":\"Organization\",\"@id\":\"https:\/\/hekafisioterapia.com\/#organization\",\"name\":\"Heka Fisioter\u00e0pia\",\"url\":\"https:\/\/hekafisioterapia.com\/\",\"logo\":{\"@type\":\"ImageObject\",\"inLanguage\":\"es\",\"@id\":\"https:\/\/hekafisioterapia.com\/#\/schema\/logo\/image\/\",\"url\":\"https:\/\/hekafisioterapia.com\/wp-content\/uploads\/2024\/07\/LOGO-DEF_horizontal-862x168x0x0x862x166x1600522261.png\",\"contentUrl\":\"https:\/\/hekafisioterapia.com\/wp-content\/uploads\/2024\/07\/LOGO-DEF_horizontal-862x168x0x0x862x166x1600522261.png\",\"width\":602,\"height\":115,\"caption\":\"Heka Fisioter\u00e0pia\"},\"image\":{\"@id\":\"https:\/\/hekafisioterapia.com\/#\/schema\/logo\/image\/\"},\"sameAs\":[\"https:\/\/www.youtube.com\/@hekafisioterapia\",\"https:\/\/www.instagram.com\/hekafisioterapia\/\"]}]}<\/script>\n<!-- \/ Yoast SEO plugin. -->","yoast_head_json":{"title":"Osteopatia Pedi\u00e0trica - Heka Fisioter\u00e0pia","robots":{"index":"index","follow":"follow","max-snippet":"max-snippet:-1","max-image-preview":"max-image-preview:large","max-video-preview":"max-video-preview:-1"},"canonical":"https:\/\/hekafisioterapia.com\/es\/osteopatia-pediatrica\/","og_locale":"es_ES","og_type":"article","og_title":"Osteopatia Pedi\u00e0trica - Heka Fisioter\u00e0pia","og_description":"heka OSTEOPATIA PEDI\u00c0TRICA Dona suport al Desenvolupament Natural del teu Beb\u00e8 Durant l\u2019embar\u00e0s, el beb\u00e8 pot experimentar tensions com falta d\u2019espai, voltes de cord\u00f3 umbilical o l\u2019\u00fas de f\u00f2rceps durant el part. Aquestes situacions poden afectar el seu sistema digestiu, musculoesquel\u00e8tic i neurol\u00f2gic, manifestant-se en s\u00edmptomes com c\u00f2lics, dificultats per dormir, irritabilitat, infeccions recurrents i [&hellip;]","og_url":"https:\/\/hekafisioterapia.com\/es\/osteopatia-pediatrica\/","og_site_name":"Heka Fisioter\u00e0pia","article_modified_time":"2025-04-26T09:49:30+00:00","twitter_card":"summary_large_image","twitter_misc":{"Tiempo de lectura":"1 minuto"},"schema":{"@context":"https:\/\/schema.org","@graph":[{"@type":"WebPage","@id":"https:\/\/hekafisioterapia.com\/osteopatia-pediatrica\/","url":"https:\/\/hekafisioterapia.com\/osteopatia-pediatrica\/","name":"Osteopatia Pedi\u00e0trica - Heka Fisioter\u00e0pia","isPartOf":{"@id":"https:\/\/hekafisioterapia.com\/#website"},"datePublished":"2024-09-05T15:27:36+00:00","dateModified":"2025-04-26T09:49:30+00:00","breadcrumb":{"@id":"https:\/\/hekafisioterapia.com\/osteopatia-pediatrica\/#breadcrumb"},"inLanguage":"es","potentialAction":[{"@type":"ReadAction","target":["https:\/\/hekafisioterapia.com\/osteopatia-pediatrica\/"]}]},{"@type":"BreadcrumbList","@id":"https:\/\/hekafisioterapia.com\/osteopatia-pediatrica\/#breadcrumb","itemListElement":[{"@type":"ListItem","position":1,"name":"Portada","item":"https:\/\/hekafisioterapia.com\/"},{"@type":"ListItem","position":2,"name":"Osteopatia Pedi\u00e0trica"}]},{"@type":"WebSite","@id":"https:\/\/hekafisioterapia.com\/#website","url":"https:\/\/hekafisioterapia.com\/","name":"Heka Fisioter\u00e0pia","description":"","publisher":{"@id":"https:\/\/hekafisioterapia.com\/#organization"},"potentialAction":[{"@type":"SearchAction","target":{"@type":"EntryPoint","urlTemplate":"https:\/\/hekafisioterapia.com\/?s={search_term_string}"},"query-input":{"@type":"PropertyValueSpecification","valueRequired":true,"valueName":"search_term_string"}}],"inLanguage":"es"},{"@type":"Organization","@id":"https:\/\/hekafisioterapia.com\/#organization","name":"Heka Fisioter\u00e0pia","url":"https:\/\/hekafisioterapia.com\/","logo":{"@type":"ImageObject","inLanguage":"es","@id":"https:\/\/hekafisioterapia.com\/#\/schema\/logo\/image\/","url":"https:\/\/hekafisioterapia.com\/wp-content\/uploads\/2024\/07\/LOGO-DEF_horizontal-862x168x0x0x862x166x1600522261.png","contentUrl":"https:\/\/hekafisioterapia.com\/wp-content\/uploads\/2024\/07\/LOGO-DEF_horizontal-862x168x0x0x862x166x1600522261.png","width":602,"height":115,"caption":"Heka Fisioter\u00e0pia"},"image":{"@id":"https:\/\/hekafisioterapia.com\/#\/schema\/logo\/image\/"},"sameAs":["https:\/\/www.youtube.com\/@hekafisioterapia","https:\/\/www.instagram.com\/hekafisioterapia\/"]}]}},"_links":{"self":[{"href":"https:\/\/hekafisioterapia.com\/es\/wp-json\/wp\/v2\/pages\/1060","targetHints":{"allow":["GET"]}}],"collection":[{"href":"https:\/\/hekafisioterapia.com\/es\/wp-json\/wp\/v2\/pages"}],"about":[{"href":"https:\/\/hekafisioterapia.com\/es\/wp-json\/wp\/v2\/types\/page"}],"author":[{"embeddable":true,"href":"https:\/\/hekafisioterapia.com\/es\/wp-json\/wp\/v2\/users\/1"}],"replies":[{"embeddable":true,"href":"https:\/\/hekafisioterapia.com\/es\/wp-json\/wp\/v2\/comments?post=1060"}],"version-history":[{"count":25,"href":"https:\/\/hekafisioterapia.com\/es\/wp-json\/wp\/v2\/pages\/1060\/revisions"}],"predecessor-version":[{"id":2297,"href":"https:\/\/hekafisioterapia.com\/es\/wp-json\/wp\/v2\/pages\/1060\/revisions\/2297"}],"wp:attachment":[{"href":"https:\/\/hekafisioterapia.com\/es\/wp-json\/wp\/v2\/media?parent=1060"}],"curies":[{"name":"wp","href":"https:\/\/api.w.org\/{rel}","templated":true}]}}