{"id":1042,"date":"2024-09-05T17:19:14","date_gmt":"2024-09-05T15:19:14","guid":{"rendered":"https:\/\/heka.totmedia.net\/?page_id=1042"},"modified":"2025-04-26T11:46:20","modified_gmt":"2025-04-26T09:46:20","slug":"hiperplasia-benigna-de-prostata-hbp","status":"publish","type":"page","link":"https:\/\/hekafisioterapia.com\/es\/hiperplasia-benigna-de-prostata-hbp\/","title":{"rendered":"Hiperplasia Benigna de Pr\u00f3stata (HBP)"},"content":{"rendered":"<div data-elementor-type=\"wp-post\" data-elementor-id=\"1042\" class=\"elementor elementor-1042\">\n\t\t\t\t\t\t<section class=\"elementor-section elementor-top-section elementor-element elementor-element-835a680 elementor-section-boxed elementor-section-height-default elementor-section-height-default\" data-id=\"835a680\" data-element_type=\"section\" data-e-type=\"section\">\n\t\t\t\t\t\t<div class=\"elementor-container elementor-column-gap-default\">\n\t\t\t\t\t<div class=\"aux-parallax-section elementor-column elementor-col-100 elementor-top-column elementor-element elementor-element-8607de4\" data-id=\"8607de4\" data-element_type=\"column\" data-e-type=\"column\">\n\t\t\t<div class=\"elementor-widget-wrap\">\n\t\t\t\t\t\t\t<\/div>\n\t\t<\/div>\n\t\t\t\t\t<\/div>\n\t\t<\/section>\n\t\t\t\t<section class=\"elementor-section elementor-top-section elementor-element elementor-element-b6ba8f2 elementor-section-boxed elementor-section-height-default elementor-section-height-default\" data-id=\"b6ba8f2\" data-element_type=\"section\" data-e-type=\"section\">\n\t\t\t\t\t\t<div class=\"elementor-container elementor-column-gap-default\">\n\t\t\t\t\t<div class=\"aux-parallax-section elementor-column elementor-col-100 elementor-top-column elementor-element elementor-element-1ac496c\" data-id=\"1ac496c\" data-element_type=\"column\" data-e-type=\"column\">\n\t\t\t<div class=\"elementor-widget-wrap elementor-element-populated\">\n\t\t\t\t\t\t<section class=\"elementor-section elementor-inner-section elementor-element elementor-element-d716d80 elementor-section-boxed elementor-section-height-default elementor-section-height-default\" data-id=\"d716d80\" data-element_type=\"section\" data-e-type=\"section\">\n\t\t\t\t\t\t<div class=\"elementor-container elementor-column-gap-default\">\n\t\t\t\t\t<div class=\"aux-parallax-section elementor-column elementor-col-100 elementor-inner-column elementor-element elementor-element-25cd75d\" data-id=\"25cd75d\" data-element_type=\"column\" data-e-type=\"column\">\n\t\t\t<div class=\"elementor-widget-wrap elementor-element-populated\">\n\t\t\t\t\t\t<div class=\"elementor-element elementor-element-f0f65c0 aux-appear-watch-animation aux-scale-up elementor-widget elementor-widget-heading\" data-id=\"f0f65c0\" data-element_type=\"widget\" data-e-type=\"widget\" data-widget_type=\"heading.default\">\n\t\t\t\t<div class=\"elementor-widget-container\">\n\t\t\t\t\t<h2 class=\"elementor-heading-title elementor-size-default\">heka<\/h2>\t\t\t\t<\/div>\n\t\t\t\t<\/div>\n\t\t\t\t<div class=\"elementor-element elementor-element-ab2300f aux-appear-watch-animation aux-scale-down-1 elementor-widget elementor-widget-aux_modern_heading\" data-id=\"ab2300f\" data-element_type=\"widget\" data-e-type=\"widget\" data-widget_type=\"aux_modern_heading.default\">\n\t\t\t\t<div class=\"elementor-widget-container\">\n\t\t\t\t\t<section class=\"aux-widget-modern-heading\">\n            <div class=\"aux-widget-inner\"><h2 class=\"aux-modern-heading-primary\">HIPERPLASIA BENIGNA DE PR\u00d3STATA (HBP)<\/h2><h3 class=\"aux-modern-heading-secondary\"><span class=\"aux-head-highlight\">Controla el Crecimiento Prost\u00e1tico y Mejora tu Confort<\/span><\/h3><\/div>\n        <\/section>\t\t\t\t<\/div>\n\t\t\t\t<\/div>\n\t\t\t\t\t<\/div>\n\t\t<\/div>\n\t\t\t\t\t<\/div>\n\t\t<\/section>\n\t\t\t\t\t<\/div>\n\t\t<\/div>\n\t\t\t\t\t<\/div>\n\t\t<\/section>\n\t\t\t\t<section class=\"elementor-section elementor-top-section elementor-element elementor-element-53cc141 elementor-section-boxed elementor-section-height-default elementor-section-height-default\" data-id=\"53cc141\" data-element_type=\"section\" data-e-type=\"section\">\n\t\t\t\t\t\t<div class=\"elementor-container elementor-column-gap-default\">\n\t\t\t\t\t<div class=\"aux-parallax-section elementor-column elementor-col-100 elementor-top-column elementor-element elementor-element-fc0553d\" data-id=\"fc0553d\" data-element_type=\"column\" data-e-type=\"column\">\n\t\t\t<div class=\"elementor-widget-wrap elementor-element-populated\">\n\t\t\t\t\t\t<div class=\"elementor-element elementor-element-18d6094 elementor-widget elementor-widget-text-editor\" data-id=\"18d6094\" data-element_type=\"widget\" data-e-type=\"widget\" data-widget_type=\"text-editor.default\">\n\t\t\t\t<div class=\"elementor-widget-container\">\n\t\t\t\t\t\t\t\t\t<p>La HBP es un aumento natural del tama\u00f1o de la pr\u00f3stata relacionado con la edad y la disminuci\u00f3n de la testosterona. A los 60 a\u00f1os, el 50% de los hombres presentan HBP, y esta cifra asciende al 90% a los 90 a\u00f1os. <strong>incrementan la presi\u00f3n<\/strong> en la pelvis y la <strong>inflamaci\u00f3n prost\u00e1tica<\/strong> pueden acelerar ese crecimiento.<\/p><p>Los s\u00edntomas incluyen <strong>dificultad para iniciar y mantener el chorro de orina, goteo postmiccional, sensaci\u00f3n de vaciado incompleto, necesidad frecuente y urgente de orinar, y nicturia<\/strong>. En casos avanzados, puede haber retenci\u00f3n urinaria aguda. La sintomatolog\u00eda var\u00eda seg\u00fan factores como la tensi\u00f3n muscular en la pelvis y en el abdomen.<\/p><p>La fisioterapia y el enfoque integrador de la PNIE ofrecen <strong>tratamientos efectivos para aliviar estos s\u00edntomas<\/strong>. Mediante t\u00e9cnicas de terapia manual para reducir la tensi\u00f3n, ejercicios hipopresivos para disminuir la presi\u00f3n en la zona y cambios en los h\u00e1bitos, podemos ayudar a mejorar el bienestar general y controlar los efectos de la HBP.<\/p>\t\t\t\t\t\t\t\t<\/div>\n\t\t\t\t<\/div>\n\t\t\t\t<div class=\"elementor-element elementor-element-713f5d2 aux-appear-watch-animation aux-fade-in-up elementor-widget elementor-widget-heading\" data-id=\"713f5d2\" data-element_type=\"widget\" data-e-type=\"widget\" data-widget_type=\"heading.default\">\n\t\t\t\t<div class=\"elementor-widget-container\">\n\t\t\t\t\t<p class=\"elementor-heading-title elementor-size-default\">Consulta nuestras redes:<\/p>\t\t\t\t<\/div>\n\t\t\t\t<\/div>\n\t\t\t\t<div class=\"elementor-element elementor-element-aa2ab78 elementor-shape-rounded elementor-grid-0 e-grid-align-center elementor-widget elementor-widget-social-icons\" data-id=\"aa2ab78\" data-element_type=\"widget\" data-e-type=\"widget\" data-widget_type=\"social-icons.default\">\n\t\t\t\t<div class=\"elementor-widget-container\">\n\t\t\t\t\t\t\t<div class=\"elementor-social-icons-wrapper elementor-grid\" role=\"list\">\n\t\t\t\t\t\t\t<span class=\"elementor-grid-item\" role=\"listitem\">\n\t\t\t\t\t<a class=\"elementor-icon elementor-social-icon elementor-social-icon-instagram elementor-repeater-item-908cdf8\" href=\"https:\/\/www.instagram.com\/hekafisioterapia\" target=\"_blank\">\n\t\t\t\t\t\t<span class=\"elementor-screen-only\">Instagram<\/span>\n\t\t\t\t\t\t<i aria-hidden=\"true\" class=\"fab fa-instagram\"><\/i>\t\t\t\t\t<\/a>\n\t\t\t\t<\/span>\n\t\t\t\t\t\t\t<span class=\"elementor-grid-item\" role=\"listitem\">\n\t\t\t\t\t<a class=\"elementor-icon elementor-social-icon elementor-social-icon-youtube elementor-repeater-item-2ed265a\" href=\"https:\/\/www.youtube.com\/channel\/UCEJCqtoEl1y8Pg7LU9jg-Pw\" target=\"_blank\">\n\t\t\t\t\t\t<span class=\"elementor-screen-only\">Youtube<\/span>\n\t\t\t\t\t\t<i aria-hidden=\"true\" class=\"fab fa-youtube\"><\/i>\t\t\t\t\t<\/a>\n\t\t\t\t<\/span>\n\t\t\t\t\t<\/div>\n\t\t\t\t\t\t<\/div>\n\t\t\t\t<\/div>\n\t\t\t\t\t<\/div>\n\t\t<\/div>\n\t\t\t\t\t<\/div>\n\t\t<\/section>\n\t\t\t\t<\/div>","protected":false},"excerpt":{"rendered":"<p>heka HIPERPL\u00c0SIA BENIGNA DE PR\u00d2STATA (HBP) Controla el Creixement Prost\u00e0tic i Millora el teu Confort La HBP \u00e9s un augment natural de la mida de la pr\u00f2stata relacionat amb l\u2019edat i la disminuci\u00f3 de la testosterona. Als 60 anys, el 50% dels homes presenten HBP, i aquesta xifra puja al 90% als 90 anys. Recentment, [&hellip;]<\/p>","protected":false},"author":1,"featured_media":0,"parent":0,"menu_order":0,"comment_status":"closed","ping_status":"closed","template":"","meta":{"footnotes":""},"class_list":["post-1042","page","type-page","status-publish","hentry"],"yoast_head":"<!-- This site is optimized with the Yoast SEO plugin v25.4 - https:\/\/yoast.com\/wordpress\/plugins\/seo\/ -->\n<title>Hiperpl\u00e0sia Benigna de Pr\u00f2stata (HBP) - Heka Fisioter\u00e0pia<\/title>\n<meta name=\"robots\" content=\"index, follow, max-snippet:-1, max-image-preview:large, max-video-preview:-1\" \/>\n<link rel=\"canonical\" href=\"https:\/\/hekafisioterapia.com\/es\/hiperplasia-benigna-de-prostata-hbp\/\" \/>\n<meta property=\"og:locale\" content=\"es_ES\" \/>\n<meta property=\"og:type\" content=\"article\" \/>\n<meta property=\"og:title\" content=\"Hiperpl\u00e0sia Benigna de Pr\u00f2stata (HBP) - Heka Fisioter\u00e0pia\" \/>\n<meta property=\"og:description\" content=\"heka HIPERPL\u00c0SIA BENIGNA DE PR\u00d2STATA (HBP) Controla el Creixement Prost\u00e0tic i Millora el teu Confort La HBP \u00e9s un augment natural de la mida de la pr\u00f2stata relacionat amb l\u2019edat i la disminuci\u00f3 de la testosterona. Als 60 anys, el 50% dels homes presenten HBP, i aquesta xifra puja al 90% als 90 anys. Recentment, [&hellip;]\" \/>\n<meta property=\"og:url\" content=\"https:\/\/hekafisioterapia.com\/es\/hiperplasia-benigna-de-prostata-hbp\/\" \/>\n<meta property=\"og:site_name\" content=\"Heka Fisioter\u00e0pia\" \/>\n<meta property=\"article:modified_time\" content=\"2025-04-26T09:46:20+00:00\" \/>\n<meta name=\"twitter:card\" content=\"summary_large_image\" \/>\n<meta name=\"twitter:label1\" content=\"Tiempo de lectura\" \/>\n\t<meta name=\"twitter:data1\" content=\"1 minuto\" \/>\n<script type=\"application\/ld+json\" class=\"yoast-schema-graph\">{\"@context\":\"https:\/\/schema.org\",\"@graph\":[{\"@type\":\"WebPage\",\"@id\":\"https:\/\/hekafisioterapia.com\/hiperplasia-benigna-de-prostata-hbp\/\",\"url\":\"https:\/\/hekafisioterapia.com\/hiperplasia-benigna-de-prostata-hbp\/\",\"name\":\"Hiperpl\u00e0sia Benigna de Pr\u00f2stata (HBP) - Heka Fisioter\u00e0pia\",\"isPartOf\":{\"@id\":\"https:\/\/hekafisioterapia.com\/#website\"},\"datePublished\":\"2024-09-05T15:19:14+00:00\",\"dateModified\":\"2025-04-26T09:46:20+00:00\",\"breadcrumb\":{\"@id\":\"https:\/\/hekafisioterapia.com\/hiperplasia-benigna-de-prostata-hbp\/#breadcrumb\"},\"inLanguage\":\"es\",\"potentialAction\":[{\"@type\":\"ReadAction\",\"target\":[\"https:\/\/hekafisioterapia.com\/hiperplasia-benigna-de-prostata-hbp\/\"]}]},{\"@type\":\"BreadcrumbList\",\"@id\":\"https:\/\/hekafisioterapia.com\/hiperplasia-benigna-de-prostata-hbp\/#breadcrumb\",\"itemListElement\":[{\"@type\":\"ListItem\",\"position\":1,\"name\":\"Portada\",\"item\":\"https:\/\/hekafisioterapia.com\/\"},{\"@type\":\"ListItem\",\"position\":2,\"name\":\"Hiperpl\u00e0sia Benigna de Pr\u00f2stata (HBP)\"}]},{\"@type\":\"WebSite\",\"@id\":\"https:\/\/hekafisioterapia.com\/#website\",\"url\":\"https:\/\/hekafisioterapia.com\/\",\"name\":\"Heka Fisioter\u00e0pia\",\"description\":\"\",\"publisher\":{\"@id\":\"https:\/\/hekafisioterapia.com\/#organization\"},\"potentialAction\":[{\"@type\":\"SearchAction\",\"target\":{\"@type\":\"EntryPoint\",\"urlTemplate\":\"https:\/\/hekafisioterapia.com\/?s={search_term_string}\"},\"query-input\":{\"@type\":\"PropertyValueSpecification\",\"valueRequired\":true,\"valueName\":\"search_term_string\"}}],\"inLanguage\":\"es\"},{\"@type\":\"Organization\",\"@id\":\"https:\/\/hekafisioterapia.com\/#organization\",\"name\":\"Heka Fisioter\u00e0pia\",\"url\":\"https:\/\/hekafisioterapia.com\/\",\"logo\":{\"@type\":\"ImageObject\",\"inLanguage\":\"es\",\"@id\":\"https:\/\/hekafisioterapia.com\/#\/schema\/logo\/image\/\",\"url\":\"https:\/\/hekafisioterapia.com\/wp-content\/uploads\/2024\/07\/LOGO-DEF_horizontal-862x168x0x0x862x166x1600522261.png\",\"contentUrl\":\"https:\/\/hekafisioterapia.com\/wp-content\/uploads\/2024\/07\/LOGO-DEF_horizontal-862x168x0x0x862x166x1600522261.png\",\"width\":602,\"height\":115,\"caption\":\"Heka Fisioter\u00e0pia\"},\"image\":{\"@id\":\"https:\/\/hekafisioterapia.com\/#\/schema\/logo\/image\/\"},\"sameAs\":[\"https:\/\/www.youtube.com\/@hekafisioterapia\",\"https:\/\/www.instagram.com\/hekafisioterapia\/\"]}]}<\/script>\n<!-- \/ Yoast SEO plugin. -->","yoast_head_json":{"title":"Hiperpl\u00e0sia Benigna de Pr\u00f2stata (HBP) - Heka Fisioter\u00e0pia","robots":{"index":"index","follow":"follow","max-snippet":"max-snippet:-1","max-image-preview":"max-image-preview:large","max-video-preview":"max-video-preview:-1"},"canonical":"https:\/\/hekafisioterapia.com\/es\/hiperplasia-benigna-de-prostata-hbp\/","og_locale":"es_ES","og_type":"article","og_title":"Hiperpl\u00e0sia Benigna de Pr\u00f2stata (HBP) - Heka Fisioter\u00e0pia","og_description":"heka HIPERPL\u00c0SIA BENIGNA DE PR\u00d2STATA (HBP) Controla el Creixement Prost\u00e0tic i Millora el teu Confort La HBP \u00e9s un augment natural de la mida de la pr\u00f2stata relacionat amb l\u2019edat i la disminuci\u00f3 de la testosterona. Als 60 anys, el 50% dels homes presenten HBP, i aquesta xifra puja al 90% als 90 anys. Recentment, [&hellip;]","og_url":"https:\/\/hekafisioterapia.com\/es\/hiperplasia-benigna-de-prostata-hbp\/","og_site_name":"Heka Fisioter\u00e0pia","article_modified_time":"2025-04-26T09:46:20+00:00","twitter_card":"summary_large_image","twitter_misc":{"Tiempo de lectura":"1 minuto"},"schema":{"@context":"https:\/\/schema.org","@graph":[{"@type":"WebPage","@id":"https:\/\/hekafisioterapia.com\/hiperplasia-benigna-de-prostata-hbp\/","url":"https:\/\/hekafisioterapia.com\/hiperplasia-benigna-de-prostata-hbp\/","name":"Hiperpl\u00e0sia Benigna de Pr\u00f2stata (HBP) - Heka Fisioter\u00e0pia","isPartOf":{"@id":"https:\/\/hekafisioterapia.com\/#website"},"datePublished":"2024-09-05T15:19:14+00:00","dateModified":"2025-04-26T09:46:20+00:00","breadcrumb":{"@id":"https:\/\/hekafisioterapia.com\/hiperplasia-benigna-de-prostata-hbp\/#breadcrumb"},"inLanguage":"es","potentialAction":[{"@type":"ReadAction","target":["https:\/\/hekafisioterapia.com\/hiperplasia-benigna-de-prostata-hbp\/"]}]},{"@type":"BreadcrumbList","@id":"https:\/\/hekafisioterapia.com\/hiperplasia-benigna-de-prostata-hbp\/#breadcrumb","itemListElement":[{"@type":"ListItem","position":1,"name":"Portada","item":"https:\/\/hekafisioterapia.com\/"},{"@type":"ListItem","position":2,"name":"Hiperpl\u00e0sia Benigna de Pr\u00f2stata (HBP)"}]},{"@type":"WebSite","@id":"https:\/\/hekafisioterapia.com\/#website","url":"https:\/\/hekafisioterapia.com\/","name":"Heka Fisioter\u00e0pia","description":"","publisher":{"@id":"https:\/\/hekafisioterapia.com\/#organization"},"potentialAction":[{"@type":"SearchAction","target":{"@type":"EntryPoint","urlTemplate":"https:\/\/hekafisioterapia.com\/?s={search_term_string}"},"query-input":{"@type":"PropertyValueSpecification","valueRequired":true,"valueName":"search_term_string"}}],"inLanguage":"es"},{"@type":"Organization","@id":"https:\/\/hekafisioterapia.com\/#organization","name":"Heka Fisioter\u00e0pia","url":"https:\/\/hekafisioterapia.com\/","logo":{"@type":"ImageObject","inLanguage":"es","@id":"https:\/\/hekafisioterapia.com\/#\/schema\/logo\/image\/","url":"https:\/\/hekafisioterapia.com\/wp-content\/uploads\/2024\/07\/LOGO-DEF_horizontal-862x168x0x0x862x166x1600522261.png","contentUrl":"https:\/\/hekafisioterapia.com\/wp-content\/uploads\/2024\/07\/LOGO-DEF_horizontal-862x168x0x0x862x166x1600522261.png","width":602,"height":115,"caption":"Heka Fisioter\u00e0pia"},"image":{"@id":"https:\/\/hekafisioterapia.com\/#\/schema\/logo\/image\/"},"sameAs":["https:\/\/www.youtube.com\/@hekafisioterapia","https:\/\/www.instagram.com\/hekafisioterapia\/"]}]}},"_links":{"self":[{"href":"https:\/\/hekafisioterapia.com\/es\/wp-json\/wp\/v2\/pages\/1042","targetHints":{"allow":["GET"]}}],"collection":[{"href":"https:\/\/hekafisioterapia.com\/es\/wp-json\/wp\/v2\/pages"}],"about":[{"href":"https:\/\/hekafisioterapia.com\/es\/wp-json\/wp\/v2\/types\/page"}],"author":[{"embeddable":true,"href":"https:\/\/hekafisioterapia.com\/es\/wp-json\/wp\/v2\/users\/1"}],"replies":[{"embeddable":true,"href":"https:\/\/hekafisioterapia.com\/es\/wp-json\/wp\/v2\/comments?post=1042"}],"version-history":[{"count":10,"href":"https:\/\/hekafisioterapia.com\/es\/wp-json\/wp\/v2\/pages\/1042\/revisions"}],"predecessor-version":[{"id":2282,"href":"https:\/\/hekafisioterapia.com\/es\/wp-json\/wp\/v2\/pages\/1042\/revisions\/2282"}],"wp:attachment":[{"href":"https:\/\/hekafisioterapia.com\/es\/wp-json\/wp\/v2\/media?parent=1042"}],"curies":[{"name":"wp","href":"https:\/\/api.w.org\/{rel}","templated":true}]}}