{"id":1020,"date":"2024-09-05T17:00:19","date_gmt":"2024-09-05T15:00:19","guid":{"rendered":"https:\/\/heka.totmedia.net\/?page_id=1020"},"modified":"2025-04-26T11:44:35","modified_gmt":"2025-04-26T09:44:35","slug":"sistema-hormonal","status":"publish","type":"page","link":"https:\/\/hekafisioterapia.com\/es\/sistema-hormonal\/","title":{"rendered":"Sistema Hormonal"},"content":{"rendered":"<div data-elementor-type=\"wp-post\" data-elementor-id=\"1020\" class=\"elementor elementor-1020\">\n\t\t\t\t\t\t<section class=\"elementor-section elementor-top-section elementor-element elementor-element-e9b2357 elementor-section-boxed elementor-section-height-default elementor-section-height-default\" data-id=\"e9b2357\" data-element_type=\"section\" data-e-type=\"section\">\n\t\t\t\t\t\t<div class=\"elementor-container elementor-column-gap-default\">\n\t\t\t\t\t<div class=\"aux-parallax-section elementor-column elementor-col-100 elementor-top-column elementor-element elementor-element-606ad29\" data-id=\"606ad29\" data-element_type=\"column\" data-e-type=\"column\">\n\t\t\t<div class=\"elementor-widget-wrap\">\n\t\t\t\t\t\t\t<\/div>\n\t\t<\/div>\n\t\t\t\t\t<\/div>\n\t\t<\/section>\n\t\t\t\t<section class=\"elementor-section elementor-top-section elementor-element elementor-element-9c331e3 elementor-section-boxed elementor-section-height-default elementor-section-height-default\" data-id=\"9c331e3\" data-element_type=\"section\" data-e-type=\"section\">\n\t\t\t\t\t\t<div class=\"elementor-container elementor-column-gap-default\">\n\t\t\t\t\t<div class=\"aux-parallax-section elementor-column elementor-col-100 elementor-top-column elementor-element elementor-element-6d9c10f\" data-id=\"6d9c10f\" data-element_type=\"column\" data-e-type=\"column\">\n\t\t\t<div class=\"elementor-widget-wrap elementor-element-populated\">\n\t\t\t\t\t\t<section class=\"elementor-section elementor-inner-section elementor-element elementor-element-4053053 elementor-section-boxed elementor-section-height-default elementor-section-height-default\" data-id=\"4053053\" data-element_type=\"section\" data-e-type=\"section\">\n\t\t\t\t\t\t<div class=\"elementor-container elementor-column-gap-default\">\n\t\t\t\t\t<div class=\"aux-parallax-section elementor-column elementor-col-100 elementor-inner-column elementor-element elementor-element-6685499\" data-id=\"6685499\" data-element_type=\"column\" data-e-type=\"column\">\n\t\t\t<div class=\"elementor-widget-wrap elementor-element-populated\">\n\t\t\t\t\t\t<div class=\"elementor-element elementor-element-ad9ef91 aux-appear-watch-animation aux-scale-up elementor-widget elementor-widget-heading\" data-id=\"ad9ef91\" data-element_type=\"widget\" data-e-type=\"widget\" data-widget_type=\"heading.default\">\n\t\t\t\t<div class=\"elementor-widget-container\">\n\t\t\t\t\t<h2 class=\"elementor-heading-title elementor-size-default\">heka<\/h2>\t\t\t\t<\/div>\n\t\t\t\t<\/div>\n\t\t\t\t<div class=\"elementor-element elementor-element-e771245 aux-appear-watch-animation aux-scale-down-1 elementor-widget elementor-widget-aux_modern_heading\" data-id=\"e771245\" data-element_type=\"widget\" data-e-type=\"widget\" data-widget_type=\"aux_modern_heading.default\">\n\t\t\t\t<div class=\"elementor-widget-container\">\n\t\t\t\t\t<section class=\"aux-widget-modern-heading\">\n            <div class=\"aux-widget-inner\"><h2 class=\"aux-modern-heading-primary\">SISTEMA HORMONAL<\/h2><h3 class=\"aux-modern-heading-secondary\"><span class=\"aux-head-highlight\">Equilibra tus hormonas y mejora tu bienestar general<\/span><\/h3><\/div>\n        <\/section>\t\t\t\t<\/div>\n\t\t\t\t<\/div>\n\t\t\t\t\t<\/div>\n\t\t<\/div>\n\t\t\t\t\t<\/div>\n\t\t<\/section>\n\t\t\t\t\t<\/div>\n\t\t<\/div>\n\t\t\t\t\t<\/div>\n\t\t<\/section>\n\t\t\t\t<section class=\"elementor-section elementor-top-section elementor-element elementor-element-55d1bed elementor-section-boxed elementor-section-height-default elementor-section-height-default\" data-id=\"55d1bed\" data-element_type=\"section\" data-e-type=\"section\">\n\t\t\t\t\t\t<div class=\"elementor-container elementor-column-gap-default\">\n\t\t\t\t\t<div class=\"aux-parallax-section elementor-column elementor-col-100 elementor-top-column elementor-element elementor-element-3dda7b6\" data-id=\"3dda7b6\" data-element_type=\"column\" data-e-type=\"column\">\n\t\t\t<div class=\"elementor-widget-wrap elementor-element-populated\">\n\t\t\t\t\t\t<div class=\"elementor-element elementor-element-df0b176 elementor-widget elementor-widget-text-editor\" data-id=\"df0b176\" data-element_type=\"widget\" data-e-type=\"widget\" data-widget_type=\"text-editor.default\">\n\t\t\t\t<div class=\"elementor-widget-container\">\n\t\t\t\t\t\t\t\t\t<p>Las alteraciones hormonales pueden impactar significativamente en su salud y bienestar general. Desequilibrios hormonales, como el <strong>s\u00edndrome premenstrual<\/strong> (SPM), el <strong>s\u00edndrome de ovario poliqu\u00edstico<\/strong> (SOP), la <strong>endometriosis<\/strong>, o las <strong>alteraciones durante la menopausia<\/strong>, pueden afectar desde el estado de \u00e1nimo y la energ\u00eda hasta el <strong>metabolismo y la salud reproductiva<\/strong>.<\/p><p>El sistema hormonal est\u00e1 estrechamente interconectado con el sistema inmunitario, el sistema nervioso y el sistema digestivo, lo que significa que cualquier alteraci\u00f3n en uno de estos sistemas puede influir en el equilibrio hormonal. Factores como el estr\u00e9s cr\u00f3nico, una dieta inadecuada y factores ambientales tambi\u00e9n pueden contribuir a desequilibrios hormonales.<\/p><p>El enfoque integrador de la PNIE (Psiconeuroinmunoendocrinolog\u00eda) permite abordar estos problemas de forma completa. Evaluamos c\u00f3mo los desequilibrios hormonales afectan a tu salud general y combinamos terapia manual, ajustes nutricionales y estrategias de gesti\u00f3n del estr\u00e9s para restablecer el equilibrio hormonal. Nuestro objetivo es ayudarte a recuperar la armon\u00eda entre los distintos sistemas del cuerpo, mejorar tu bienestar general y optimizar tu salud hormonal.<\/p><p>Mediante una evaluaci\u00f3n exhaustiva y tratamientos personalizados, trabajamos por <strong>equilibrar tus hormonas y mejorar tu calidad de vida<\/strong>.Con un enfoque adaptado a tus necesidades espec\u00edficas, te acompa\u00f1amos en el camino hacia un equilibrio saludable y un bienestar integral.<\/p>\t\t\t\t\t\t\t\t<\/div>\n\t\t\t\t<\/div>\n\t\t\t\t<div class=\"elementor-element elementor-element-49a4855 aux-appear-watch-animation aux-fade-in-up elementor-widget elementor-widget-heading\" data-id=\"49a4855\" data-element_type=\"widget\" data-e-type=\"widget\" data-widget_type=\"heading.default\">\n\t\t\t\t<div class=\"elementor-widget-container\">\n\t\t\t\t\t<p class=\"elementor-heading-title elementor-size-default\">Consulta nuestras redes:<\/p>\t\t\t\t<\/div>\n\t\t\t\t<\/div>\n\t\t\t\t<div class=\"elementor-element elementor-element-bba1285 elementor-shape-rounded elementor-grid-0 e-grid-align-center elementor-widget elementor-widget-social-icons\" data-id=\"bba1285\" data-element_type=\"widget\" data-e-type=\"widget\" data-widget_type=\"social-icons.default\">\n\t\t\t\t<div class=\"elementor-widget-container\">\n\t\t\t\t\t\t\t<div class=\"elementor-social-icons-wrapper elementor-grid\" role=\"list\">\n\t\t\t\t\t\t\t<span class=\"elementor-grid-item\" role=\"listitem\">\n\t\t\t\t\t<a class=\"elementor-icon elementor-social-icon elementor-social-icon-instagram elementor-repeater-item-908cdf8\" href=\"https:\/\/www.instagram.com\/hekafisioterapia\" target=\"_blank\">\n\t\t\t\t\t\t<span class=\"elementor-screen-only\">Instagram<\/span>\n\t\t\t\t\t\t<i aria-hidden=\"true\" class=\"fab fa-instagram\"><\/i>\t\t\t\t\t<\/a>\n\t\t\t\t<\/span>\n\t\t\t\t\t\t\t<span class=\"elementor-grid-item\" role=\"listitem\">\n\t\t\t\t\t<a class=\"elementor-icon elementor-social-icon elementor-social-icon-youtube elementor-repeater-item-2ed265a\" href=\"https:\/\/www.youtube.com\/channel\/UCEJCqtoEl1y8Pg7LU9jg-Pw\" target=\"_blank\">\n\t\t\t\t\t\t<span class=\"elementor-screen-only\">Youtube<\/span>\n\t\t\t\t\t\t<i aria-hidden=\"true\" class=\"fab fa-youtube\"><\/i>\t\t\t\t\t<\/a>\n\t\t\t\t<\/span>\n\t\t\t\t\t<\/div>\n\t\t\t\t\t\t<\/div>\n\t\t\t\t<\/div>\n\t\t\t\t\t<\/div>\n\t\t<\/div>\n\t\t\t\t\t<\/div>\n\t\t<\/section>\n\t\t\t\t<\/div>","protected":false},"excerpt":{"rendered":"<p>heka SISTEMA HORMONAL Equilibra les teves hormones i millora el teu benestar general Les alteracions hormonals poden impactar significativament en la teva salut i benestar general. Desequilibris hormonals, com el s\u00edndrome premenstrual (SPM), el s\u00edndrome d\u2019ovari poliqu\u00edstic (SOP), la endometriosi, o les alteracions durant la menopausa, poden afectar des de l\u2019estat d\u2019\u00e0nim i l\u2019energia fins [&hellip;]<\/p>","protected":false},"author":1,"featured_media":0,"parent":0,"menu_order":0,"comment_status":"closed","ping_status":"closed","template":"","meta":{"footnotes":""},"class_list":["post-1020","page","type-page","status-publish","hentry"],"yoast_head":"<!-- This site is optimized with the Yoast SEO plugin v25.4 - https:\/\/yoast.com\/wordpress\/plugins\/seo\/ -->\n<title>Sistema Hormonal - Heka Fisioter\u00e0pia<\/title>\n<meta name=\"robots\" content=\"index, follow, max-snippet:-1, max-image-preview:large, max-video-preview:-1\" \/>\n<link rel=\"canonical\" href=\"https:\/\/hekafisioterapia.com\/es\/sistema-hormonal\/\" \/>\n<meta property=\"og:locale\" content=\"es_ES\" \/>\n<meta property=\"og:type\" content=\"article\" \/>\n<meta property=\"og:title\" content=\"Sistema Hormonal - Heka Fisioter\u00e0pia\" \/>\n<meta property=\"og:description\" content=\"heka SISTEMA HORMONAL Equilibra les teves hormones i millora el teu benestar general Les alteracions hormonals poden impactar significativament en la teva salut i benestar general. Desequilibris hormonals, com el s\u00edndrome premenstrual (SPM), el s\u00edndrome d\u2019ovari poliqu\u00edstic (SOP), la endometriosi, o les alteracions durant la menopausa, poden afectar des de l\u2019estat d\u2019\u00e0nim i l\u2019energia fins [&hellip;]\" \/>\n<meta property=\"og:url\" content=\"https:\/\/hekafisioterapia.com\/es\/sistema-hormonal\/\" \/>\n<meta property=\"og:site_name\" content=\"Heka Fisioter\u00e0pia\" \/>\n<meta property=\"article:modified_time\" content=\"2025-04-26T09:44:35+00:00\" \/>\n<meta name=\"twitter:card\" content=\"summary_large_image\" \/>\n<meta name=\"twitter:label1\" content=\"Tiempo de lectura\" \/>\n\t<meta name=\"twitter:data1\" content=\"1 minuto\" \/>\n<script type=\"application\/ld+json\" class=\"yoast-schema-graph\">{\"@context\":\"https:\/\/schema.org\",\"@graph\":[{\"@type\":\"WebPage\",\"@id\":\"https:\/\/hekafisioterapia.com\/sistema-hormonal\/\",\"url\":\"https:\/\/hekafisioterapia.com\/sistema-hormonal\/\",\"name\":\"Sistema Hormonal - Heka Fisioter\u00e0pia\",\"isPartOf\":{\"@id\":\"https:\/\/hekafisioterapia.com\/#website\"},\"datePublished\":\"2024-09-05T15:00:19+00:00\",\"dateModified\":\"2025-04-26T09:44:35+00:00\",\"breadcrumb\":{\"@id\":\"https:\/\/hekafisioterapia.com\/sistema-hormonal\/#breadcrumb\"},\"inLanguage\":\"es\",\"potentialAction\":[{\"@type\":\"ReadAction\",\"target\":[\"https:\/\/hekafisioterapia.com\/sistema-hormonal\/\"]}]},{\"@type\":\"BreadcrumbList\",\"@id\":\"https:\/\/hekafisioterapia.com\/sistema-hormonal\/#breadcrumb\",\"itemListElement\":[{\"@type\":\"ListItem\",\"position\":1,\"name\":\"Portada\",\"item\":\"https:\/\/hekafisioterapia.com\/\"},{\"@type\":\"ListItem\",\"position\":2,\"name\":\"Sistema Hormonal\"}]},{\"@type\":\"WebSite\",\"@id\":\"https:\/\/hekafisioterapia.com\/#website\",\"url\":\"https:\/\/hekafisioterapia.com\/\",\"name\":\"Heka Fisioter\u00e0pia\",\"description\":\"\",\"publisher\":{\"@id\":\"https:\/\/hekafisioterapia.com\/#organization\"},\"potentialAction\":[{\"@type\":\"SearchAction\",\"target\":{\"@type\":\"EntryPoint\",\"urlTemplate\":\"https:\/\/hekafisioterapia.com\/?s={search_term_string}\"},\"query-input\":{\"@type\":\"PropertyValueSpecification\",\"valueRequired\":true,\"valueName\":\"search_term_string\"}}],\"inLanguage\":\"es\"},{\"@type\":\"Organization\",\"@id\":\"https:\/\/hekafisioterapia.com\/#organization\",\"name\":\"Heka Fisioter\u00e0pia\",\"url\":\"https:\/\/hekafisioterapia.com\/\",\"logo\":{\"@type\":\"ImageObject\",\"inLanguage\":\"es\",\"@id\":\"https:\/\/hekafisioterapia.com\/#\/schema\/logo\/image\/\",\"url\":\"https:\/\/hekafisioterapia.com\/wp-content\/uploads\/2024\/07\/LOGO-DEF_horizontal-862x168x0x0x862x166x1600522261.png\",\"contentUrl\":\"https:\/\/hekafisioterapia.com\/wp-content\/uploads\/2024\/07\/LOGO-DEF_horizontal-862x168x0x0x862x166x1600522261.png\",\"width\":602,\"height\":115,\"caption\":\"Heka Fisioter\u00e0pia\"},\"image\":{\"@id\":\"https:\/\/hekafisioterapia.com\/#\/schema\/logo\/image\/\"},\"sameAs\":[\"https:\/\/www.youtube.com\/@hekafisioterapia\",\"https:\/\/www.instagram.com\/hekafisioterapia\/\"]}]}<\/script>\n<!-- \/ Yoast SEO plugin. -->","yoast_head_json":{"title":"Sistema Hormonal - Heka Fisioter\u00e0pia","robots":{"index":"index","follow":"follow","max-snippet":"max-snippet:-1","max-image-preview":"max-image-preview:large","max-video-preview":"max-video-preview:-1"},"canonical":"https:\/\/hekafisioterapia.com\/es\/sistema-hormonal\/","og_locale":"es_ES","og_type":"article","og_title":"Sistema Hormonal - Heka Fisioter\u00e0pia","og_description":"heka SISTEMA HORMONAL Equilibra les teves hormones i millora el teu benestar general Les alteracions hormonals poden impactar significativament en la teva salut i benestar general. Desequilibris hormonals, com el s\u00edndrome premenstrual (SPM), el s\u00edndrome d\u2019ovari poliqu\u00edstic (SOP), la endometriosi, o les alteracions durant la menopausa, poden afectar des de l\u2019estat d\u2019\u00e0nim i l\u2019energia fins [&hellip;]","og_url":"https:\/\/hekafisioterapia.com\/es\/sistema-hormonal\/","og_site_name":"Heka Fisioter\u00e0pia","article_modified_time":"2025-04-26T09:44:35+00:00","twitter_card":"summary_large_image","twitter_misc":{"Tiempo de lectura":"1 minuto"},"schema":{"@context":"https:\/\/schema.org","@graph":[{"@type":"WebPage","@id":"https:\/\/hekafisioterapia.com\/sistema-hormonal\/","url":"https:\/\/hekafisioterapia.com\/sistema-hormonal\/","name":"Sistema Hormonal - Heka Fisioter\u00e0pia","isPartOf":{"@id":"https:\/\/hekafisioterapia.com\/#website"},"datePublished":"2024-09-05T15:00:19+00:00","dateModified":"2025-04-26T09:44:35+00:00","breadcrumb":{"@id":"https:\/\/hekafisioterapia.com\/sistema-hormonal\/#breadcrumb"},"inLanguage":"es","potentialAction":[{"@type":"ReadAction","target":["https:\/\/hekafisioterapia.com\/sistema-hormonal\/"]}]},{"@type":"BreadcrumbList","@id":"https:\/\/hekafisioterapia.com\/sistema-hormonal\/#breadcrumb","itemListElement":[{"@type":"ListItem","position":1,"name":"Portada","item":"https:\/\/hekafisioterapia.com\/"},{"@type":"ListItem","position":2,"name":"Sistema Hormonal"}]},{"@type":"WebSite","@id":"https:\/\/hekafisioterapia.com\/#website","url":"https:\/\/hekafisioterapia.com\/","name":"Heka Fisioter\u00e0pia","description":"","publisher":{"@id":"https:\/\/hekafisioterapia.com\/#organization"},"potentialAction":[{"@type":"SearchAction","target":{"@type":"EntryPoint","urlTemplate":"https:\/\/hekafisioterapia.com\/?s={search_term_string}"},"query-input":{"@type":"PropertyValueSpecification","valueRequired":true,"valueName":"search_term_string"}}],"inLanguage":"es"},{"@type":"Organization","@id":"https:\/\/hekafisioterapia.com\/#organization","name":"Heka Fisioter\u00e0pia","url":"https:\/\/hekafisioterapia.com\/","logo":{"@type":"ImageObject","inLanguage":"es","@id":"https:\/\/hekafisioterapia.com\/#\/schema\/logo\/image\/","url":"https:\/\/hekafisioterapia.com\/wp-content\/uploads\/2024\/07\/LOGO-DEF_horizontal-862x168x0x0x862x166x1600522261.png","contentUrl":"https:\/\/hekafisioterapia.com\/wp-content\/uploads\/2024\/07\/LOGO-DEF_horizontal-862x168x0x0x862x166x1600522261.png","width":602,"height":115,"caption":"Heka Fisioter\u00e0pia"},"image":{"@id":"https:\/\/hekafisioterapia.com\/#\/schema\/logo\/image\/"},"sameAs":["https:\/\/www.youtube.com\/@hekafisioterapia","https:\/\/www.instagram.com\/hekafisioterapia\/"]}]}},"_links":{"self":[{"href":"https:\/\/hekafisioterapia.com\/es\/wp-json\/wp\/v2\/pages\/1020","targetHints":{"allow":["GET"]}}],"collection":[{"href":"https:\/\/hekafisioterapia.com\/es\/wp-json\/wp\/v2\/pages"}],"about":[{"href":"https:\/\/hekafisioterapia.com\/es\/wp-json\/wp\/v2\/types\/page"}],"author":[{"embeddable":true,"href":"https:\/\/hekafisioterapia.com\/es\/wp-json\/wp\/v2\/users\/1"}],"replies":[{"embeddable":true,"href":"https:\/\/hekafisioterapia.com\/es\/wp-json\/wp\/v2\/comments?post=1020"}],"version-history":[{"count":13,"href":"https:\/\/hekafisioterapia.com\/es\/wp-json\/wp\/v2\/pages\/1020\/revisions"}],"predecessor-version":[{"id":2273,"href":"https:\/\/hekafisioterapia.com\/es\/wp-json\/wp\/v2\/pages\/1020\/revisions\/2273"}],"wp:attachment":[{"href":"https:\/\/hekafisioterapia.com\/es\/wp-json\/wp\/v2\/media?parent=1020"}],"curies":[{"name":"wp","href":"https:\/\/api.w.org\/{rel}","templated":true}]}}